{"id":719,"date":"2026-01-09T11:22:34","date_gmt":"2026-01-09T11:22:34","guid":{"rendered":"https:\/\/materoptica.ro\/?page_id=719"},"modified":"2026-02-03T18:59:03","modified_gmt":"2026-02-03T18:59:03","slug":"programari-online","status":"publish","type":"page","link":"https:\/\/materoptica.ro\/en\/programari-online\/","title":{"rendered":"PROGRAM\u0102RI ONLINE CONSULTA\u021aII OFTALMOLOGICE"},"content":{"rendered":"<div data-elementor-type=\"wp-page\" data-elementor-id=\"719\" class=\"elementor elementor-719\">\n\t\t\t\t<div class=\"elementor-element elementor-element-4b113d0 e-flex e-con-boxed e-con e-parent\" data-id=\"4b113d0\" data-element_type=\"container\" data-e-type=\"container\">\n\t\t\t\t\t<div class=\"e-con-inner\">\n\t\t\t\t<div class=\"elementor-element elementor-element-a12b306 elementor-widget elementor-widget-text-editor\" data-id=\"a12b306\" data-element_type=\"widget\" data-e-type=\"widget\" data-widget_type=\"text-editor.default\">\n\t\t\t\t\t\t\t\t\t<p>Pentru programarea online a unei consulta\u021bii oftalmologice, v\u0103 rug\u0103m s\u0103 ap\u0103sa\u021bi butonul de mai jos :<\/p>\t\t\t\t\t\t\t\t<\/div>\n\t\t\t\t\t<\/div>\n\t\t\t\t<\/div>\n\t\t<div class=\"elementor-element elementor-element-8517212 e-flex e-con-boxed e-con e-parent\" data-id=\"8517212\" data-element_type=\"container\" data-e-type=\"container\">\n\t\t\t\t\t<div class=\"e-con-inner\">\n\t\t\t\t<div class=\"elementor-element elementor-element-6ca8bc3 elementor-widget elementor-widget-button\" data-id=\"6ca8bc3\" data-element_type=\"widget\" data-e-type=\"widget\" data-widget_type=\"button.default\">\n\t\t\t\t\t\t\t\t\t\t<a class=\"elementor-button elementor-button-link elementor-size-sm\" href=\"https:\/\/materopticamedical.ro\/\" target=\"_blank\" rel=\"noopener\">\n\t\t\t\t\t\t<span class=\"elementor-button-content-wrapper\">\n\t\t\t\t\t\t\t\t\t<span class=\"elementor-button-text\">PROGRAM\u0102RI ONLINE CONSULTA\u021aII OFTALMOLOGICE<\/span>\n\t\t\t\t\t<\/span>\n\t\t\t\t\t<\/a>\n\t\t\t\t\t\t\t\t<\/div>\n\t\t\t\t\t<\/div>\n\t\t\t\t<\/div>\n\t\t\t\t<\/div>","protected":false},"excerpt":{"rendered":"<p>Pentru programarea online a unei consulta\u021bii oftalmologice, v\u0103 rug\u0103m s\u0103 ap\u0103sa\u021bi butonul de mai jos : PROGRAM\u0102RI ONLINE CONSULTA\u021aII OFTALMOLOGICE<\/p>","protected":false},"author":1,"featured_media":0,"parent":0,"menu_order":0,"comment_status":"closed","ping_status":"closed","template":"","meta":{"footnotes":""},"class_list":["post-719","page","type-page","status-publish","hentry"],"blocksy_meta":[],"_hostinger_reach_plugin_has_subscription_block":false,"_hostinger_reach_plugin_is_elementor":false,"_links":{"self":[{"href":"https:\/\/materoptica.ro\/en\/wp-json\/wp\/v2\/pages\/719","targetHints":{"allow":["GET"]}}],"collection":[{"href":"https:\/\/materoptica.ro\/en\/wp-json\/wp\/v2\/pages"}],"about":[{"href":"https:\/\/materoptica.ro\/en\/wp-json\/wp\/v2\/types\/page"}],"author":[{"embeddable":true,"href":"https:\/\/materoptica.ro\/en\/wp-json\/wp\/v2\/users\/1"}],"replies":[{"embeddable":true,"href":"https:\/\/materoptica.ro\/en\/wp-json\/wp\/v2\/comments?post=719"}],"version-history":[{"count":11,"href":"https:\/\/materoptica.ro\/en\/wp-json\/wp\/v2\/pages\/719\/revisions"}],"predecessor-version":[{"id":1032,"href":"https:\/\/materoptica.ro\/en\/wp-json\/wp\/v2\/pages\/719\/revisions\/1032"}],"wp:attachment":[{"href":"https:\/\/materoptica.ro\/en\/wp-json\/wp\/v2\/media?parent=719"}],"curies":[{"name":"wp","href":"https:\/\/api.w.org\/{rel}","templated":true}]}}