{"id":1115,"date":"2026-02-12T12:10:25","date_gmt":"2026-02-12T12:10:25","guid":{"rendered":"https:\/\/materoptica.ro\/?post_type=product&#038;p=1115"},"modified":"2026-03-01T13:01:11","modified_gmt":"2026-03-01T13:01:11","slug":"versace-ve1271-1433","status":"publish","type":"product","link":"https:\/\/materoptica.ro\/en\/product\/versace-ve1271-1433\/","title":{"rendered":"Versace VE1271 1433"},"content":{"rendered":"<p>Pute\u021bi s\u0103 ad\u0103uga\u021bi lentile pentru ochelari de vedere la aceast\u0103 ram\u0103 acces\u00e2nd link-ul :\u00a0<a href=\"https:\/\/materoptica.ro\/lentile-ochelari-de-vedere\/\">https:\/\/materoptica.ro\/lentile-ochelari-de-vedere\/<\/a><\/p>\n<h2><\/h2>\n<h2>Versace VE1271 1433<\/h2>\n<p>&nbsp;<\/p>\n<p>Rama Ochelari Vedere Versace VE1271 1433<\/p>\n<p>Rama Ochelari Vedere Femeie<\/p>\n<p>Culoare Negru\/auriu<\/p>\n<p>&nbsp;<\/p>\n<p>Puteti sa vizualizati mai multe modele rame ochelari vedere Versace accesand linkul:<\/p>\n<p><a href=\"https:\/\/materoptica.ro\/rame-ochelari-vedere\/versace\/\">https:\/\/materoptica.ro\/rame-ochelari-vedere\/versace\/<\/a><\/p>\n<p>&nbsp;<\/p>\n<p><b>Versace<\/b>\u00a0este o cas\u0103 de mod\u0103 italian\u0103 fondat\u0103 de\u00a0<a title=\"Gianni Versace\" href=\"https:\/\/ro.wikipedia.org\/wiki\/Gianni_Versace\" target=\"_blank\" rel=\"noopener\">Gianni Versace<\/a>\u00a0\u00een 1978.\u00a0<sup id=\"cite_ref-3\" class=\"reference\"><a href=\"https:\/\/ro.wikipedia.org\/wiki\/Versace#cite_note-3\" target=\"_blank\" rel=\"noopener\"><span class=\"cite-bracket\">[<\/span>3<span class=\"cite-bracket\">]<\/span><\/a><\/sup>\u00a0Logo Versace este inspirat de\u00a0<a title=\"Medusa\" href=\"https:\/\/ro.wikipedia.org\/wiki\/Medusa\" target=\"_blank\" rel=\"noopener\">Medusa<\/a>. Medusa este o zei\u021b\u0103 mitologic\u0103 care are \u0219erpi \u00een loc de p\u0103r \u0219i abilitatea de a pietrifica pe oricine o prive\u0219te direct \u00een ochi.<\/p>\n<p>\u00cen 1972,\u00a0<a title=\"Gianni Versace\" href=\"https:\/\/ro.wikipedia.org\/wiki\/Gianni_Versace\" target=\"_blank\" rel=\"noopener\">Gianni Versace<\/a>\u00a0a creat primele sale colec\u021bii pentru Callaghan, Genny \u0219i Complice. \u00cen 1978, compania a \u00eenceput s\u0103 activeze sub numele de \u201eGianni Versace Donna\u201d.\u00a0<sup id=\"cite_ref-:0_4-0\" class=\"reference\"><a href=\"https:\/\/ro.wikipedia.org\/wiki\/Versace#cite_note-:0-4\" target=\"_blank\" rel=\"noopener\"><span class=\"cite-bracket\">[<\/span>4<span class=\"cite-bracket\">]<\/span><\/a><\/sup>\u00a0Primul butic Versace a fost deschis \u00een Via della Spiga din Milano \u00een 1978.\u00a0<sup id=\"cite_ref-5\" class=\"reference\"><a title=\"\" href=\"https:\/\/ro.wikipedia.org\/wiki\/Versace#cite_note-5\" target=\"_blank\" rel=\"noopener\"><span class=\"cite-bracket\">[<\/span>5<span class=\"cite-bracket\">]<\/span><\/a><\/sup>\u00a0<sup id=\"cite_ref-6\" class=\"reference\"><a href=\"https:\/\/ro.wikipedia.org\/wiki\/Versace#cite_note-6\" target=\"_blank\" rel=\"noopener\"><span class=\"cite-bracket\">[<\/span>6<span class=\"cite-bracket\">]<\/span><\/a><\/sup>\u00a0Versace a fost unul dintre pu\u021binii designeri independen\u021bi care de\u021binea controlul absolut asupra m\u0103rcii.\u00a0<sup id=\"cite_ref-:2_7-0\" class=\"reference\"><a href=\"https:\/\/ro.wikipedia.org\/wiki\/Versace#cite_note-:2-7\" target=\"_blank\" rel=\"noopener\"><span class=\"cite-bracket\">[<\/span>7<span class=\"cite-bracket\">]<\/span><\/a><\/sup>\u00a0\u00cen 1982, compania a \u00eenceput s\u0103 activeze \u0219i \u00een industriile de accesorii, bijuterii \u0219i mobilier pentru cas\u0103.\u00a0<sup id=\"cite_ref-:1_8-0\" class=\"reference\"><a href=\"https:\/\/ro.wikipedia.org\/wiki\/Versace#cite_note-:1-8\" target=\"_blank\" rel=\"noopener\"><span class=\"cite-bracket\">[<\/span>8<span class=\"cite-bracket\">]<\/span><\/a><\/sup>\u00a0\u00cen 1993, Donatella Versace a creat liniile \u201eYoung Versace\u201d, \u0219i \u201eVersus\u201d.\u00a0<sup id=\"cite_ref-:0_4-1\" class=\"reference\"><a href=\"https:\/\/ro.wikipedia.org\/wiki\/Versace#cite_note-:0-4\" target=\"_blank\" rel=\"noopener\"><span class=\"cite-bracket\">[<\/span>4<span class=\"cite-bracket\">]<\/span><\/a><\/sup>\u00a0\u00cen 1994, marca a c\u00e2\u0219tigat recunoa\u0219tere interna\u021bional\u0103 datorit\u0103 rochiei negre Versace a lui Elizabeth Hurley.\u00a0<sup id=\"cite_ref-:3_9-0\" class=\"reference\"><a href=\"https:\/\/ro.wikipedia.org\/wiki\/Versace#cite_note-:3-9\" target=\"_blank\" rel=\"noopener\"><span class=\"cite-bracket\">[<\/span>9<span class=\"cite-bracket\">]<\/span><\/a><\/sup>\u00a0<sup id=\"cite_ref-Gundle2008_10-0\" class=\"reference\"><a href=\"https:\/\/ro.wikipedia.org\/wiki\/Versace#cite_note-Gundle2008-10\" target=\"_blank\" rel=\"noopener\"><span class=\"cite-bracket\">[<\/span>10<span class=\"cite-bracket\">]<\/span><\/a><\/sup>\u00a0<sup id=\"cite_ref-telegraph1_11-0\" class=\"reference\"><a href=\"https:\/\/ro.wikipedia.org\/wiki\/Versace#cite_note-telegraph1-11\" target=\"_blank\" rel=\"noopener\"><span class=\"cite-bracket\">[<\/span>11<span class=\"cite-bracket\">]<\/span><\/a><\/sup><\/p>\n<p>Compania Versace a fost adesea numit\u0103 \u201edesignerul Rock n\u2019 Roll\u201d, deoarece a avut mul\u021bi clien\u021bi celebri, dintre care\u00a0<a title=\"Elton John\" href=\"https:\/\/ro.wikipedia.org\/wiki\/Elton_John\" target=\"_blank\" rel=\"noopener\">Elton John<\/a>\u00a0\u0219i\u00a0<a title=\"Michael Jackson\" href=\"https:\/\/ro.wikipedia.org\/wiki\/Michael_Jackson\" target=\"_blank\" rel=\"noopener\">Michael Jackson<\/a>. Versace a realizat costumele de scen\u0103 \u0219i costumele pentru coperta albumului lui Elton John \u00een 1992. Versace a creat, de asemenea, \u00eembr\u0103c\u0103minte pentru\u00a0<a title=\"Diana, Prin\u021bes\u0103 de Wales\" href=\"https:\/\/ro.wikipedia.org\/wiki\/Diana,_Prin%C8%9Bes%C4%83_de_Wales\" target=\"_blank\" rel=\"noopener\">Prin\u021besa de Wales<\/a>\u00a0\u0219i pentru\u00a0<a title=\"Caroline, Prin\u021bes\u0103 de Hanovra\" href=\"https:\/\/ro.wikipedia.org\/wiki\/Caroline,_Prin%C8%9Bes%C4%83_de_Hanovra\" target=\"_blank\" rel=\"noopener\">Prin\u021besa Caroline de Monaco<\/a>. Compania Versace este cunoscut\u0103 pentru faptul c\u0103 folose\u0219te pe podium acelea\u0219i modele ca \u0219i \u00een reclame.\u00a0<sup id=\"cite_ref-:1_8-1\" class=\"reference\"><a href=\"https:\/\/ro.wikipedia.org\/wiki\/Versace#cite_note-:1-8\" target=\"_blank\" rel=\"noopener\"><span class=\"cite-bracket\">[<\/span>8<span class=\"cite-bracket\">]<\/span><\/a><\/sup><\/p>\n<p>Dup\u0103 uciderea lui Gianni Versace \u00een 1997, sora sa Donatella Versace, fost\u0103 vicepre\u0219edinte, a preluat func\u021bia de director creativ, iar fratele s\u0103u mai mare Santo Versace a devenit\u00a0<a title=\"Director general\" href=\"https:\/\/ro.wikipedia.org\/wiki\/Director_general\" target=\"_blank\" rel=\"noopener\">CEO<\/a>.\u00a0<sup id=\"cite_ref-12\" class=\"reference\"><a href=\"https:\/\/ro.wikipedia.org\/wiki\/Versace#cite_note-12\" target=\"_blank\" rel=\"noopener\"><span class=\"cite-bracket\">[<\/span>12<span class=\"cite-bracket\">]<\/span><\/a><\/sup>\u00a0Fiica lui Donatella,\u00a0<a title=\"Allegra Versace\" href=\"https:\/\/ro.wikipedia.org\/wiki\/Allegra_Versace\" target=\"_blank\" rel=\"noopener\">Allegra Versace<\/a>, a primit un pachet de 50% din ac\u021biunile companiei, asupra c\u0103rora \u0219i-a asumat controlul la v\u00e2rsta de optsprezece ani.\u00a0<sup id=\"cite_ref-nytimes_13-0\" class=\"reference\"><a href=\"https:\/\/ro.wikipedia.org\/wiki\/Versace#cite_note-nytimes-13\" target=\"_blank\" rel=\"noopener\"><span class=\"cite-bracket\">[<\/span>13<span class=\"cite-bracket\">]<\/span><\/a><\/sup>\u00a0<sup id=\"cite_ref-14\" class=\"reference\"><a href=\"https:\/\/ro.wikipedia.org\/wiki\/Versace#cite_note-14\" target=\"_blank\" rel=\"noopener\"><span class=\"cite-bracket\">[<\/span>14<span class=\"cite-bracket\">]<\/span><\/a><\/sup>\u00a0<sup id=\"cite_ref-15\" class=\"reference\"><a href=\"https:\/\/ro.wikipedia.org\/wiki\/Versace#cite_note-15\" target=\"_blank\" rel=\"noopener\"><span class=\"cite-bracket\">[<\/span>15<span class=\"cite-bracket\">]<\/span><\/a><\/sup><\/p>\n<p>\u00cen 2000, \u201erochia verde Versace\u201d purtat\u0103 de\u00a0<a title=\"Jennifer Lopez\" href=\"https:\/\/ro.wikipedia.org\/wiki\/Jennifer_Lopez\" target=\"_blank\" rel=\"noopener\">Jennifer Lopez<\/a>\u00a0la cea de-a 42-a edi\u021bie a Premiilor Grammy a c\u00e2\u0219tigat mult\u0103 aten\u021bie mass-media, fiind votat\u0103 drept \u201ea cincea cea mai emblematic\u0103 rochie din toate timpurile\u201d, \u00een 2008, rochia lui Hurley din 1994 fiind votat\u0103 prima \u00eentr-un sondaj\u00a0<i><a title=\"The Daily Telegraph\" href=\"https:\/\/ro.wikipedia.org\/wiki\/The_Daily_Telegraph\" target=\"_blank\" rel=\"noopener\">Daily Telegraph<\/a><\/i>.\u00a0<sup id=\"cite_ref-telegraph1_11-1\" class=\"reference\"><a href=\"https:\/\/ro.wikipedia.org\/wiki\/Versace#cite_note-telegraph1-11\" target=\"_blank\" rel=\"noopener\"><span class=\"cite-bracket\">[<\/span>11<span class=\"cite-bracket\">]<\/span><\/a><\/sup><\/p>\n<p>La \u00eenceputul anilor 2000, profitul companiei a sc\u0103zut.\u00a0<sup id=\"cite_ref-nytimes_13-1\" class=\"reference\"><a href=\"https:\/\/ro.wikipedia.org\/wiki\/Versace#cite_note-nytimes-13\" target=\"_blank\" rel=\"noopener\"><span class=\"cite-bracket\">[<\/span>13<span class=\"cite-bracket\">]<\/span><\/a><\/sup>\u00a0<sup id=\"cite_ref-16\" class=\"reference\"><a href=\"https:\/\/ro.wikipedia.org\/wiki\/Versace#cite_note-16\" target=\"_blank\" rel=\"noopener\"><span class=\"cite-bracket\">[<\/span>16<span class=\"cite-bracket\">]<\/span><\/a><\/sup>\u00a0Fabio Massimo Cacciatori a fost angajat ca CEO intermediar pentru a reorganiza \u0219i restructura Grupul Versace \u00een 2003.\u00a0<sup id=\"cite_ref-designtaxi_17-0\" class=\"reference\"><a href=\"https:\/\/ro.wikipedia.org\/wiki\/Versace#cite_note-designtaxi-17\" target=\"_blank\" rel=\"noopener\"><span class=\"cite-bracket\">[<\/span>17<span class=\"cite-bracket\">]<\/span><\/a><\/sup>\u00a0Cacciatori a demisionat \u00een decembrie 2003 din cauza \u201edisputelor cu familia Versace\u201d.\u00a0<sup id=\"cite_ref-designtaxi_17-1\" class=\"reference\"><a href=\"https:\/\/ro.wikipedia.org\/wiki\/Versace#cite_note-designtaxi-17\" target=\"_blank\" rel=\"noopener\"><span class=\"cite-bracket\">[<\/span>17<span class=\"cite-bracket\">]<\/span><\/a><\/sup>\u00a0Din 2004 Giancarlo di Risio, de la IT Holding, a fost CEO al grupului p\u00e2n\u0103 la demisia sa din 2009 din cauza ne\u00een\u021belegerilor cu Donatella.\u00a0<sup id=\"cite_ref-18\" class=\"reference\"><a href=\"https:\/\/ro.wikipedia.org\/wiki\/Versace#cite_note-18\" target=\"_blank\" rel=\"noopener\"><span class=\"cite-bracket\">[<\/span>18<span class=\"cite-bracket\">]<\/span><\/a><\/sup>\u00a0<sup id=\"cite_ref-19\" class=\"reference\"><a href=\"https:\/\/ro.wikipedia.org\/wiki\/Versace#cite_note-19\" target=\"_blank\" rel=\"noopener\"><span class=\"cite-bracket\">[<\/span>19<span class=\"cite-bracket\">]<\/span><\/a><\/sup>\u00a0<sup id=\"cite_ref-20\" class=\"reference\"><a href=\"https:\/\/ro.wikipedia.org\/wiki\/Versace#cite_note-20\" target=\"_blank\" rel=\"noopener\"><span class=\"cite-bracket\">[<\/span>20<span class=\"cite-bracket\">]<\/span><\/a><\/sup>\u00a0\u00cen mai 2016, Grupul Versace l-a numit pe domnul Jonathan Akeroyd \u00een func\u021bia de CEO \u0219i membru al consiliului de administra\u021bie al companiei.\u00a0<sup id=\"cite_ref-21\" class=\"reference\"><a href=\"https:\/\/ro.wikipedia.org\/wiki\/Versace#cite_note-21\" target=\"_blank\" rel=\"noopener\"><span class=\"cite-bracket\">[<\/span>21<span class=\"cite-bracket\">]<\/span><\/a><\/sup><\/p>\n<p>\u00cen februarie 2014, The Blackstone Group a achizi\u021bionat un pachet de 20% din compania Versace cu 210 milioane de Euro.\u00a0<sup id=\"cite_ref-22\" class=\"reference\"><a href=\"https:\/\/ro.wikipedia.org\/wiki\/Versace#cite_note-22\" target=\"_blank\" rel=\"noopener\"><span class=\"cite-bracket\">[<\/span>22<span class=\"cite-bracket\">]<\/span><\/a><\/sup>\u00a0<sup id=\"cite_ref-wwdBlackstone_23-0\" class=\"reference\"><a href=\"https:\/\/ro.wikipedia.org\/wiki\/Versace#cite_note-wwdBlackstone-23\" target=\"_blank\" rel=\"noopener\"><span class=\"cite-bracket\">[<\/span>23<span class=\"cite-bracket\">]<\/span><\/a><\/sup>\u00a0<sup id=\"cite_ref-24\" class=\"reference\"><a href=\"https:\/\/ro.wikipedia.org\/wiki\/Versace#cite_note-24\" target=\"_blank\" rel=\"noopener\"><span class=\"cite-bracket\">[<\/span>24<span class=\"cite-bracket\">]<\/span><\/a><\/sup><\/p>\n<p>\u00cen 2016, \u00een \u00eentreaga lume erau deschise peste 1500 de buticuri Versace.<\/p>\n<p>\u00cen septembrie 2018, Versace a anun\u021bat c\u0103 sut\u0103 la sut\u0103 din toate ac\u021biunile familiei Blackstone \u0219i Versace au fost v\u00e2ndute grupului Michael Kors Limited.\u00a0<sup id=\"cite_ref-versace.com_25-0\" class=\"reference\"><a href=\"https:\/\/ro.wikipedia.org\/wiki\/Versace#cite_note-versace.com-25\" target=\"_blank\" rel=\"noopener\"><span class=\"cite-bracket\">[<\/span>25<span class=\"cite-bracket\">]<\/span><\/a><\/sup><\/p>\n<p>Sursa:\u00a0<a href=\"https:\/\/ro.wikipedia.org\/wiki\/Versace\" target=\"_blank\" rel=\"noopener\">https:\/\/ro.wikipedia.org\/wiki\/Versace<\/a><\/p>\n<p>&nbsp;<\/p>\n<p># Versace VE1271 1433 # Versace VE1271 1433 # Versace VE1271 1433 # Versace VE1271 1433 # Ochelari Versace<\/p>\n","protected":false},"excerpt":{"rendered":"<p>Rama Ochelari Vedere Versace VE1271 1433<\/p>\n<p>Rama Ochelari Vedere Femeie<\/p>\n<p>Culoare Negru\/auriu<\/p>","protected":false},"featured_media":1117,"comment_status":"closed","ping_status":"closed","template":"","meta":[],"product_brand":[28],"product_cat":[22,27],"product_tag":[],"class_list":{"0":"post-1115","1":"product","2":"type-product","3":"status-publish","4":"has-post-thumbnail","6":"product_brand-versace","7":"product_cat-rame-ochelari-de-vedere","8":"product_cat-versace","10":"first","11":"instock","12":"taxable","13":"shipping-taxable","14":"purchasable","15":"product-type-variable","16":"has-default-attributes"},"_links":{"self":[{"href":"https:\/\/materoptica.ro\/en\/wp-json\/wp\/v2\/product\/1115","targetHints":{"allow":["GET"]}}],"collection":[{"href":"https:\/\/materoptica.ro\/en\/wp-json\/wp\/v2\/product"}],"about":[{"href":"https:\/\/materoptica.ro\/en\/wp-json\/wp\/v2\/types\/product"}],"replies":[{"embeddable":true,"href":"https:\/\/materoptica.ro\/en\/wp-json\/wp\/v2\/comments?post=1115"}],"wp:featuredmedia":[{"embeddable":true,"href":"https:\/\/materoptica.ro\/en\/wp-json\/wp\/v2\/media\/1117"}],"wp:attachment":[{"href":"https:\/\/materoptica.ro\/en\/wp-json\/wp\/v2\/media?parent=1115"}],"wp:term":[{"taxonomy":"product_brand","embeddable":true,"href":"https:\/\/materoptica.ro\/en\/wp-json\/wp\/v2\/product_brand?post=1115"},{"taxonomy":"product_cat","embeddable":true,"href":"https:\/\/materoptica.ro\/en\/wp-json\/wp\/v2\/product_cat?post=1115"},{"taxonomy":"product_tag","embeddable":true,"href":"https:\/\/materoptica.ro\/en\/wp-json\/wp\/v2\/product_tag?post=1115"}],"curies":[{"name":"wp","href":"https:\/\/api.w.org\/{rel}","templated":true}]}}