{"id":1366,"date":"2026-02-19T20:49:20","date_gmt":"2026-02-19T20:49:20","guid":{"rendered":"https:\/\/materoptica.ro\/?post_type=product&#038;p=1366"},"modified":"2026-02-22T18:05:53","modified_gmt":"2026-02-22T18:05:53","slug":"ray-ban-rb2132-901l","status":"publish","type":"product","link":"https:\/\/materoptica.ro\/en\/product\/ray-ban-rb2132-901l\/","title":{"rendered":"Ray Ban RB2132 901L"},"content":{"rendered":"<h4>Ray Ban RB2132 901L <span class=\"CustomText__Text-fqxl4z-0 dUxDJW\">&#8211; New wayfarer<\/span><\/h4>\n<p>Ochelari de Soare Ray Ban RB2132 901L<\/p>\n<p>Ochelari de Soare Femeie<\/p>\n<p>Culoare 901L\u00a0&#8211; Negru<\/p>\n<p>&nbsp;<\/p>\n<p>Puteti sa vizualizati mai multe modele ochelari de soare Ray Ban accesand linkul:<\/p>\n<p><a href=\"https:\/\/materoptica.ro\/ochelari-de-soare\/ray-ban-ochelari-soare\/\">https:\/\/materoptica.ro\/ochelari-de-soare\/ray-ban-ochelari-soare\/<\/a><\/p>\n<p>&nbsp;<\/p>\n<p id=\"tw-target-text\" class=\"tw-data-text tw-text-large tw-ta\" dir=\"ltr\" tabindex=\"-1\" role=\"text\" data-placeholder=\"Translation\" data-ved=\"2ahUKEwj6jen9ueaSAxUi8LsIHWeyIx4Q3ewLegQIDBAW\" aria-label=\"Translated text: Ray-Ban este o marc\u0103 italian\u0103 de ochelari de soare \u0219i ochelari de vedere de lux, creat\u0103 \u00een 1936 de Bausch &amp; Lomb. Marca este cunoscut\u0103 mai ales pentru liniile sale de ochelari de soare Wayfarer \u0219i Aviator. \u00cen 1999, Bausch &amp; Lomb a v\u00e2ndut marca conglomeratului italian de ochelari Luxottica Group pentru suma de 640 de milioane de dolari.\"><span class=\"Y2IQFc\" lang=\"ro\">Ray-Ban este o marc\u0103 italian\u0103 de ochelari de soare \u0219i ochelari de vedere de lux, creat\u0103 \u00een 1936 de Bausch &amp; Lomb. Marca este cunoscut\u0103 mai ales pentru liniile sale de ochelari de soare Wayfarer \u0219i Aviator. \u00cen 1999, Bausch &amp; Lomb a v\u00e2ndut marca conglomeratului italian de ochelari Luxottica Group pentru suma de 640 de milioane de dolari.<\/span><\/p>\n<p id=\"tw-target-text\" class=\"tw-data-text tw-text-large tw-ta\" dir=\"ltr\" tabindex=\"-1\" role=\"text\" data-placeholder=\"Translation\" data-ved=\"2ahUKEwj6jen9ueaSAxUi8LsIHWeyIx4Q3ewLegQIDBAW\" aria-label=\"Translated text: Istoric \u00cen 1929, colonelul John A. Macready din cadrul Corpului Aerian al Armatei SUA a colaborat cu Bausch &amp; Lomb, un produc\u0103tor de echipamente medicale cu sediul \u00een Rochester, New York, pentru a crea ochelari de soare pentru avia\u021bie care s\u0103 reduc\u0103 distragerea aten\u021biei pilo\u021bilor cauzat\u0103 de nuan\u021bele intense de albastru \u0219i alb ale cerului.\"><span class=\"Y2IQFc\" lang=\"ro\">Istoric <\/span><\/p>\n<p class=\"tw-data-text tw-text-large tw-ta\" dir=\"ltr\" tabindex=\"-1\" role=\"text\" data-placeholder=\"Translation\" data-ved=\"2ahUKEwj6jen9ueaSAxUi8LsIHWeyIx4Q3ewLegQIDBAW\" aria-label=\"Translated text: Istoric \u00cen 1929, colonelul John A. Macready din cadrul Corpului Aerian al Armatei SUA a colaborat cu Bausch &amp; Lomb, un produc\u0103tor de echipamente medicale cu sediul \u00een Rochester, New York, pentru a crea ochelari de soare pentru avia\u021bie care s\u0103 reduc\u0103 distragerea aten\u021biei pilo\u021bilor cauzat\u0103 de nuan\u021bele intense de albastru \u0219i alb ale cerului.\"><span class=\"Y2IQFc\" lang=\"ro\">\u00cen 1929, colonelul John A. Macready din cadrul Corpului Aerian al Armatei SUA a colaborat cu Bausch &amp; Lomb, un produc\u0103tor de echipamente medicale cu sediul \u00een Rochester, New York, pentru a crea ochelari de soare pentru avia\u021bie care s\u0103 reduc\u0103 distragerea aten\u021biei pilo\u021bilor cauzat\u0103 de nuan\u021bele intense de albastru \u0219i alb ale cerului.<\/span><\/p>\n<p id=\"tw-target-text\" class=\"tw-data-text tw-text-large tw-ta\" dir=\"ltr\" tabindex=\"-1\" role=\"text\" data-placeholder=\"Translation\" data-ved=\"2ahUKEwj6jen9ueaSAxUi8LsIHWeyIx4Q3ewLegQIDBAW\" aria-label=\"Translated text: Mai exact, Macready era \u00eengrijorat c\u0103 ochelarii de protec\u021bie ai pilo\u021bilor s-ar putea aburi, reduc\u00e2nd considerabil vizibilitatea la altitudine mare.[6] Prototipul, creat \u00een 1936 \u0219i cunoscut sub numele de \u201eAnti-Glare\u201d, avea rame din plastic \u0219i lentile verzi care puteau elimina str\u0103lucirea f\u0103r\u0103 a obstruc\u021biona vederea. Numele \u201eRay-Ban\u201d a fost, prin urmare, derivat din capacitatea acestor ochelari de a limita p\u0103trunderea razelor de lumin\u0103 ultraviolete sau infraro\u0219ii.[7] Lentilele rezistente la impact au fost ad\u0103ugate \u00een 1938.[8] Ochelarii de soare au fost reproiecta\u021bi cu o ram\u0103 metalic\u0103 \u00een anul urm\u0103tor \u0219i breveta\u021bi sub numele de Ray-Ban Aviator.[6] Potrivit BBC, ochelarii foloseau \u201elentile Kalichrome concepute pentru a accentua detaliile \u0219i a minimiza ce\u021ba prin filtrarea luminii albastre, f\u0103c\u00e2ndu-i ideali pentru condi\u021bii de cea\u021b\u0103\u201d.\"><span class=\"Y2IQFc\" lang=\"ro\">Mai exact, Macready era \u00eengrijorat c\u0103 ochelarii de protec\u021bie ai pilo\u021bilor s-ar putea aburi, reduc\u00e2nd considerabil vizibilitatea la altitudine mare.[6] Prototipul, creat \u00een 1936 \u0219i cunoscut sub numele de \u201eAnti-Glare\u201d, avea rame din plastic \u0219i lentile verzi care puteau elimina str\u0103lucirea f\u0103r\u0103 a obstruc\u021biona vederea. Numele \u201eRay-Ban\u201d a fost, prin urmare, derivat din capacitatea acestor ochelari de a limita p\u0103trunderea razelor de lumin\u0103 ultraviolete sau infraro\u0219ii.[7] Lentilele rezistente la impact au fost ad\u0103ugate \u00een 1938.[8] Ochelarii de soare au fost reproiecta\u021bi cu o ram\u0103 metalic\u0103 \u00een anul urm\u0103tor \u0219i breveta\u021bi sub numele de Ray-Ban Aviator.[6] Potrivit BBC, ochelarii foloseau \u201elentile Kalichrome concepute pentru a accentua detaliile \u0219i a minimiza ce\u021ba prin filtrarea luminii albastre, f\u0103c\u00e2ndu-i ideali pentru condi\u021bii de cea\u021b\u0103\u201d.<\/span><\/p>\n<p id=\"tw-target-text\" class=\"tw-data-text tw-text-large tw-ta\" dir=\"ltr\" tabindex=\"-1\" role=\"text\" data-placeholder=\"Translation\" data-ved=\"2ahUKEwj6jen9ueaSAxUi8LsIHWeyIx4Q3ewLegQIDBAW\" aria-label=\"Translated text: \u00cen 2025, ASAP Rocky a fost numit primul director de crea\u021bie al m\u0103rcii.[9][10] Pe 17 septembrie 2025, Ray-Ban, \u00eempreun\u0103 cu Meta Corporation, au anun\u021bat Meta Ray-Ban Display, primii lor ochelari cu realitate augmentat\u0103.[\"><span class=\"Y2IQFc\" lang=\"ro\">\u00cen 2025, ASAP Rocky a fost numit primul director de crea\u021bie al m\u0103rcii.<\/span><\/p>\n<p class=\"tw-data-text tw-text-large tw-ta\" dir=\"ltr\" tabindex=\"-1\" role=\"text\" data-placeholder=\"Translation\" data-ved=\"2ahUKEwj6jen9ueaSAxUi8LsIHWeyIx4Q3ewLegQIDBAW\" aria-label=\"Translated text: \u00cen 2025, ASAP Rocky a fost numit primul director de crea\u021bie al m\u0103rcii.[9][10] Pe 17 septembrie 2025, Ray-Ban, \u00eempreun\u0103 cu Meta Corporation, au anun\u021bat Meta Ray-Ban Display, primii lor ochelari cu realitate augmentat\u0103.[\"><span class=\"Y2IQFc\" lang=\"ro\">Pe 17 septembrie 2025, Ray-Ban, \u00eempreun\u0103 cu Meta Corporation, au anun\u021bat Meta Ray-Ban Display, primii lor ochelari cu realitate augmentat\u0103.<\/span><\/p>\n","protected":false},"excerpt":{"rendered":"<h4>Ray Ban RB2132 901L <span class=\"CustomText__Text-fqxl4z-0 dUxDJW\">&#8211; New wayfarer<\/span><\/h4>\n<p>Ochelari de Soare Ray Ban RB2132 901L<\/p>\n<p>Ochelari de Soare Femeie<\/p>\n<p>Culoare 901L\u00a0&#8211; Negru<\/p>","protected":false},"featured_media":1368,"comment_status":"closed","ping_status":"closed","template":"","meta":[],"product_brand":[48],"product_cat":[23,47],"product_tag":[],"class_list":{"0":"post-1366","1":"product","2":"type-product","3":"status-publish","4":"has-post-thumbnail","6":"product_brand-ray-ban","7":"product_cat-ochelari-de-soare","8":"product_cat-ray-ban-ochelari-de-soare","10":"first","11":"instock","12":"taxable","13":"shipping-taxable","14":"purchasable","15":"product-type-variable","16":"has-default-attributes"},"_links":{"self":[{"href":"https:\/\/materoptica.ro\/en\/wp-json\/wp\/v2\/product\/1366","targetHints":{"allow":["GET"]}}],"collection":[{"href":"https:\/\/materoptica.ro\/en\/wp-json\/wp\/v2\/product"}],"about":[{"href":"https:\/\/materoptica.ro\/en\/wp-json\/wp\/v2\/types\/product"}],"replies":[{"embeddable":true,"href":"https:\/\/materoptica.ro\/en\/wp-json\/wp\/v2\/comments?post=1366"}],"wp:featuredmedia":[{"embeddable":true,"href":"https:\/\/materoptica.ro\/en\/wp-json\/wp\/v2\/media\/1368"}],"wp:attachment":[{"href":"https:\/\/materoptica.ro\/en\/wp-json\/wp\/v2\/media?parent=1366"}],"wp:term":[{"taxonomy":"product_brand","embeddable":true,"href":"https:\/\/materoptica.ro\/en\/wp-json\/wp\/v2\/product_brand?post=1366"},{"taxonomy":"product_cat","embeddable":true,"href":"https:\/\/materoptica.ro\/en\/wp-json\/wp\/v2\/product_cat?post=1366"},{"taxonomy":"product_tag","embeddable":true,"href":"https:\/\/materoptica.ro\/en\/wp-json\/wp\/v2\/product_tag?post=1366"}],"curies":[{"name":"wp","href":"https:\/\/api.w.org\/{rel}","templated":true}]}}