{"id":1552,"date":"2026-02-22T12:36:54","date_gmt":"2026-02-22T12:36:54","guid":{"rendered":"https:\/\/materoptica.ro\/?post_type=product&#038;p=1552"},"modified":"2026-02-26T22:06:38","modified_gmt":"2026-02-26T22:06:38","slug":"lentile-progresive-natura-1-5-filtru-pc","status":"publish","type":"product","link":"https:\/\/materoptica.ro\/en\/product\/lentile-progresive-natura-1-5-filtru-pc\/","title":{"rendered":"Lentile Progresive Natura 1.5 Filtru PC"},"content":{"rendered":"<h4 dir=\"ltr\" tabindex=\"-1\" role=\"text\" data-placeholder=\"Translation\" data-ved=\"2ahUKEwiR8qOQle2SAxWa2QIHHTrgKQAQ3ewLegQIBBAW\" aria-label=\"Translated text: Protejarea ochilor de lumina albastru-violet (380\u2013450 nm) este important\u0103 deoarece radia\u021bia sa de \u00eenalt\u0103 energie \u0219i lungime de und\u0103 scurt\u0103 poate provoca leziuni cumulative pe termen lung celulelor retiniene, put\u00e2nd duce la degenerescen\u021b\u0103 macular\u0103 legat\u0103 de v\u00e2rst\u0103 (DMLV). De asemenea, induce oboseal\u0103 digital\u0103 a ochilor, oboseal\u0103 \u0219i poate perturba ritmurile circadiene prin suprimarea melatoninei.\">Lentile Progresive Natura 1.5 Filtru PC<\/h4>\n<p dir=\"ltr\" tabindex=\"-1\" role=\"text\" data-placeholder=\"Translation\" data-ved=\"2ahUKEwiR8qOQle2SAxWa2QIHHTrgKQAQ3ewLegQIBBAW\" aria-label=\"Translated text: Protejarea ochilor de lumina albastru-violet (380\u2013450 nm) este important\u0103 deoarece radia\u021bia sa de \u00eenalt\u0103 energie \u0219i lungime de und\u0103 scurt\u0103 poate provoca leziuni cumulative pe termen lung celulelor retiniene, put\u00e2nd duce la degenerescen\u021b\u0103 macular\u0103 legat\u0103 de v\u00e2rst\u0103 (DMLV). De asemenea, induce oboseal\u0103 digital\u0103 a ochilor, oboseal\u0103 \u0219i poate perturba ritmurile circadiene prin suprimarea melatoninei.\">Lentile Progresive Natura 1.5 Filtru PC &#8211; absorb lumina albastru-violet<\/p>\n<h4 dir=\"ltr\" tabindex=\"-1\" role=\"text\" data-placeholder=\"Translation\" data-ved=\"2ahUKEwiR8qOQle2SAxWa2QIHHTrgKQAQ3ewLegQIBBAW\" aria-label=\"Translated text: Protejarea ochilor de lumina albastru-violet (380\u2013450 nm) este important\u0103 deoarece radia\u021bia sa de \u00eenalt\u0103 energie \u0219i lungime de und\u0103 scurt\u0103 poate provoca leziuni cumulative pe termen lung celulelor retiniene, put\u00e2nd duce la degenerescen\u021b\u0103 macular\u0103 legat\u0103 de v\u00e2rst\u0103 (DMLV). De asemenea, induce oboseal\u0103 digital\u0103 a ochilor, oboseal\u0103 \u0219i poate perturba ritmurile circadiene prin suprimarea melatoninei.\">De ce trebuie sa ne protejam ochii de lumina albastru-violet ?<\/h4>\n<p id=\"tw-target-text\" class=\"tw-data-text tw-text-large tw-ta\" dir=\"ltr\" tabindex=\"-1\" role=\"text\" data-placeholder=\"Translation\" data-ved=\"2ahUKEwiR8qOQle2SAxWa2QIHHTrgKQAQ3ewLegQIBBAW\" aria-label=\"Translated text: Protejarea ochilor de lumina albastru-violet (380\u2013450 nm) este important\u0103 deoarece radia\u021bia sa de \u00eenalt\u0103 energie \u0219i lungime de und\u0103 scurt\u0103 poate provoca leziuni cumulative pe termen lung celulelor retiniene, put\u00e2nd duce la degenerescen\u021b\u0103 macular\u0103 legat\u0103 de v\u00e2rst\u0103 (DMLV). De asemenea, induce oboseal\u0103 digital\u0103 a ochilor, oboseal\u0103 \u0219i poate perturba ritmurile circadiene prin suprimarea melatoninei.\"><span class=\"Y2IQFc\" lang=\"ro\">Protejarea ochilor de lumina albastru-violet (380\u2013450 nm) este important\u0103 deoarece radia\u021bia sa de \u00eenalt\u0103 energie \u0219i lungime de und\u0103 scurt\u0103 poate provoca leziuni cumulative pe termen lung celulelor retiniene, put\u00e2nd duce la degenerescen\u021b\u0103 macular\u0103 legat\u0103 de v\u00e2rst\u0103 (DMLV). De asemenea, induce oboseal\u0103 digital\u0103 a ochilor, oboseal\u0103 \u0219i poate perturba ritmurile circadiene prin suprimarea melatoninei.<\/span><\/p>\n<p id=\"tw-target-text\" class=\"tw-data-text tw-text-large tw-ta\" dir=\"ltr\" tabindex=\"-1\" role=\"text\" data-placeholder=\"Translation\" data-ved=\"2ahUKEwiR8qOQle2SAxWa2QIHHTrgKQAQ3ewLegQIBBAW\" aria-label=\"Translated text: Motive cheie pentru protec\u021bie: Leziuni retiniene (fototoxicitate): Lumina albastru-violet de \u00eenalt\u0103 energie poate provoca reac\u021bii fotochimice care deterioreaz\u0103 \u021besuturile retiniene delicate, cresc\u00e2nd poten\u021bial riscul de degenerescen\u021b\u0103 macular\u0103 \u00een timp. Oboseal\u0103 \u0219i confort vizual digital: Ecranele emit cantit\u0103\u021bi mari de lumin\u0103 albastr\u0103, ceea ce poate provoca o \u00eempr\u0103\u0219tiere intraocular\u0103 crescut\u0103 \u0219i abera\u021bii cromatice, contribuind la ochi obosi\u021bi, usca\u021bi \u0219i \u00eencorda\u021bi. Perturbarea somnului: Expunerea la lumina albastr\u0103, \u00een special seara, semnaleaz\u0103 creierului s\u0103 opreasc\u0103 eliberarea de melatonin\u0103, perturb\u00e2nd ciclurile de somn \u0219i ritmurile circadiene. Leziuni fizice ale ochilor: Lumina albastru-violet intens\u0103 poate duce la inflamarea corneei \u0219i a conjunctivei, iar expunerea pe termen lung este legat\u0103 de formarea cataractei.\"><span class=\"Y2IQFc\" lang=\"ro\">Motive cheie pentru protec\u021bie: <\/span><\/p>\n<p class=\"tw-data-text tw-text-large tw-ta\" dir=\"ltr\" tabindex=\"-1\" role=\"text\" data-placeholder=\"Translation\" data-ved=\"2ahUKEwiR8qOQle2SAxWa2QIHHTrgKQAQ3ewLegQIBBAW\" aria-label=\"Translated text: Motive cheie pentru protec\u021bie: Leziuni retiniene (fototoxicitate): Lumina albastru-violet de \u00eenalt\u0103 energie poate provoca reac\u021bii fotochimice care deterioreaz\u0103 \u021besuturile retiniene delicate, cresc\u00e2nd poten\u021bial riscul de degenerescen\u021b\u0103 macular\u0103 \u00een timp. Oboseal\u0103 \u0219i confort vizual digital: Ecranele emit cantit\u0103\u021bi mari de lumin\u0103 albastr\u0103, ceea ce poate provoca o \u00eempr\u0103\u0219tiere intraocular\u0103 crescut\u0103 \u0219i abera\u021bii cromatice, contribuind la ochi obosi\u021bi, usca\u021bi \u0219i \u00eencorda\u021bi. Perturbarea somnului: Expunerea la lumina albastr\u0103, \u00een special seara, semnaleaz\u0103 creierului s\u0103 opreasc\u0103 eliberarea de melatonin\u0103, perturb\u00e2nd ciclurile de somn \u0219i ritmurile circadiene. Leziuni fizice ale ochilor: Lumina albastru-violet intens\u0103 poate duce la inflamarea corneei \u0219i a conjunctivei, iar expunerea pe termen lung este legat\u0103 de formarea cataractei.\"><span class=\"Y2IQFc\" lang=\"ro\">Leziuni retiniene (fototoxicitate): Lumina albastru-violet de \u00eenalt\u0103 energie poate provoca reac\u021bii fotochimice care deterioreaz\u0103 \u021besuturile retiniene delicate, cresc\u00e2nd poten\u021bial riscul de degenerescen\u021b\u0103 macular\u0103 \u00een timp. <\/span><\/p>\n<p class=\"tw-data-text tw-text-large tw-ta\" dir=\"ltr\" tabindex=\"-1\" role=\"text\" data-placeholder=\"Translation\" data-ved=\"2ahUKEwiR8qOQle2SAxWa2QIHHTrgKQAQ3ewLegQIBBAW\" aria-label=\"Translated text: Motive cheie pentru protec\u021bie: Leziuni retiniene (fototoxicitate): Lumina albastru-violet de \u00eenalt\u0103 energie poate provoca reac\u021bii fotochimice care deterioreaz\u0103 \u021besuturile retiniene delicate, cresc\u00e2nd poten\u021bial riscul de degenerescen\u021b\u0103 macular\u0103 \u00een timp. Oboseal\u0103 \u0219i confort vizual digital: Ecranele emit cantit\u0103\u021bi mari de lumin\u0103 albastr\u0103, ceea ce poate provoca o \u00eempr\u0103\u0219tiere intraocular\u0103 crescut\u0103 \u0219i abera\u021bii cromatice, contribuind la ochi obosi\u021bi, usca\u021bi \u0219i \u00eencorda\u021bi. Perturbarea somnului: Expunerea la lumina albastr\u0103, \u00een special seara, semnaleaz\u0103 creierului s\u0103 opreasc\u0103 eliberarea de melatonin\u0103, perturb\u00e2nd ciclurile de somn \u0219i ritmurile circadiene. Leziuni fizice ale ochilor: Lumina albastru-violet intens\u0103 poate duce la inflamarea corneei \u0219i a conjunctivei, iar expunerea pe termen lung este legat\u0103 de formarea cataractei.\"><span class=\"Y2IQFc\" lang=\"ro\">Oboseal\u0103 \u0219i confort vizual digital: Ecranele emit cantit\u0103\u021bi mari de lumin\u0103 albastr\u0103, ceea ce poate provoca o \u00eempr\u0103\u0219tiere intraocular\u0103 crescut\u0103 \u0219i abera\u021bii cromatice, contribuind la ochi obosi\u021bi, usca\u021bi \u0219i \u00eencorda\u021bi. <\/span><\/p>\n<p class=\"tw-data-text tw-text-large tw-ta\" dir=\"ltr\" tabindex=\"-1\" role=\"text\" data-placeholder=\"Translation\" data-ved=\"2ahUKEwiR8qOQle2SAxWa2QIHHTrgKQAQ3ewLegQIBBAW\" aria-label=\"Translated text: Motive cheie pentru protec\u021bie: Leziuni retiniene (fototoxicitate): Lumina albastru-violet de \u00eenalt\u0103 energie poate provoca reac\u021bii fotochimice care deterioreaz\u0103 \u021besuturile retiniene delicate, cresc\u00e2nd poten\u021bial riscul de degenerescen\u021b\u0103 macular\u0103 \u00een timp. Oboseal\u0103 \u0219i confort vizual digital: Ecranele emit cantit\u0103\u021bi mari de lumin\u0103 albastr\u0103, ceea ce poate provoca o \u00eempr\u0103\u0219tiere intraocular\u0103 crescut\u0103 \u0219i abera\u021bii cromatice, contribuind la ochi obosi\u021bi, usca\u021bi \u0219i \u00eencorda\u021bi. Perturbarea somnului: Expunerea la lumina albastr\u0103, \u00een special seara, semnaleaz\u0103 creierului s\u0103 opreasc\u0103 eliberarea de melatonin\u0103, perturb\u00e2nd ciclurile de somn \u0219i ritmurile circadiene. Leziuni fizice ale ochilor: Lumina albastru-violet intens\u0103 poate duce la inflamarea corneei \u0219i a conjunctivei, iar expunerea pe termen lung este legat\u0103 de formarea cataractei.\"><span class=\"Y2IQFc\" lang=\"ro\">Perturbarea somnului: Expunerea la lumina albastr\u0103, \u00een special seara, semnaleaz\u0103 creierului s\u0103 opreasc\u0103 eliberarea de melatonin\u0103, perturb\u00e2nd ciclurile de somn \u0219i ritmurile circadiene. <\/span><\/p>\n<p class=\"tw-data-text tw-text-large tw-ta\" dir=\"ltr\" tabindex=\"-1\" role=\"text\" data-placeholder=\"Translation\" data-ved=\"2ahUKEwiR8qOQle2SAxWa2QIHHTrgKQAQ3ewLegQIBBAW\" aria-label=\"Translated text: Motive cheie pentru protec\u021bie: Leziuni retiniene (fototoxicitate): Lumina albastru-violet de \u00eenalt\u0103 energie poate provoca reac\u021bii fotochimice care deterioreaz\u0103 \u021besuturile retiniene delicate, cresc\u00e2nd poten\u021bial riscul de degenerescen\u021b\u0103 macular\u0103 \u00een timp. Oboseal\u0103 \u0219i confort vizual digital: Ecranele emit cantit\u0103\u021bi mari de lumin\u0103 albastr\u0103, ceea ce poate provoca o \u00eempr\u0103\u0219tiere intraocular\u0103 crescut\u0103 \u0219i abera\u021bii cromatice, contribuind la ochi obosi\u021bi, usca\u021bi \u0219i \u00eencorda\u021bi. Perturbarea somnului: Expunerea la lumina albastr\u0103, \u00een special seara, semnaleaz\u0103 creierului s\u0103 opreasc\u0103 eliberarea de melatonin\u0103, perturb\u00e2nd ciclurile de somn \u0219i ritmurile circadiene. Leziuni fizice ale ochilor: Lumina albastru-violet intens\u0103 poate duce la inflamarea corneei \u0219i a conjunctivei, iar expunerea pe termen lung este legat\u0103 de formarea cataractei.\"><span class=\"Y2IQFc\" lang=\"ro\">Leziuni fizice ale ochilor: Lumina albastru-violet intens\u0103 poate duce la inflamarea corneei \u0219i a conjunctivei, iar expunerea pe termen lung este legat\u0103 de formarea cataractei.<\/span><\/p>\n<div id=\"tw-container\" class=\"nev7se\" data-cp=\"1\" data-nnttsvi=\"1\" data-sletp=\"false\" data-sm=\"1\" data-ssbp=\"false\" data-sugg-time=\"500\" data-sugg-url=\"https:\/\/clients1.google.com\/complete\/search\" data-uilc=\"en\" data-vil=\",af,af-ZA,am,am-ET,ar-EG,ar-AE,ar-KW,ar-QA,ar,ar-IL,ar-JO,ar-LB,ar-PS,az,az-AZ,bg,bg-BG,bn,bn-BD,bn-IN,ca,ca-es,cs,cs-CZ,de,de-DE,de-CH,de-AT,de-LI,en,en-US,en-CA,en-AU,en-NZ,en-GB,en-IN,en-KE,en-TZ,en-NG,en-GH,en-PH,en-ZA,es,es-ES,es-AR,es-UY,es-419,es-BO,es-CL,es-CR,es-CO,es-DO,es-EC,es-GT,es-HN,es-NI,es-PA,es-PE,es-PR,es-PY,es-SV,es-VE,es-MX,es-US,eu,eu-ES,fi,fi-FI,fr,fr-FR,fr-CH,fr-BE,gl,gl-ES,gu,gu-IN,he,he-IL,iw,iw-IL,hu,hu-HU,hy,hy-AM,id,id-ID,is,is-IS,it,it-IT,it-CH,ja,ja-JP,jv,jv-ID,ka,ka-GE,km,km-KH,kn,kn-IN,ko,ko-KR,la,lo,lo-LA,lv,lv-LV,ml,ml-IN,mr,mr-IN,ms,ms-MY,nl,nl-NL,nb,nb-NO,ne,ne-NP,pl,pl-PL,pt,pt-BR,pt-PT,ro,ro-RO,ru,ru-RU,si-LK,sk,sk-SK,sr,sr-RS,su,su-ID,sv,sv-SE,sw,sw-TZ,sw-KE,ta,ta-IN,ta-SG,ta-LK,ta-MY,te,te-IN,tr,tr-TR,ur,ur-PK,ur-IN,yue,yue-HK,yue-Hant-HK,zh-HK,zh,zh-CN,zh-cmn,zh-cmn-CN,zh-Hans,zh-Hans-CN,zh-cmn-Hans,zh-cmn-Hans-CN,cmn-CN,cmn-Hans,cmn-Hans-CN,zh-TW,zh-Hant-TW,cmn-TW,cmn-Hant-TW,zh-cmn-TW,zh-cmn-Hant-TW,zu,zu-ZA,hi,hi-IN,tl,tl-PH,pa,pa-IN\">\n<div id=\"tw-ob\" class=\"tw-src-ltr\">\n<div class=\"oSioSc\">\n<div id=\"tw-target\">\n<div id=\"kAz1tf\" class=\"g9WsWb PZPZlf\" data-attrid=\"tw-targetArea\" data-entityname=\"Google Translate\">\n<div id=\"tw-target-text-container\" class=\"tw-ta-container tw-nfl\" tabindex=\"0\" role=\"text\">\n<p id=\"tw-target-text\" class=\"tw-data-text tw-text-large tw-ta\" dir=\"ltr\" tabindex=\"-1\" role=\"text\" data-placeholder=\"Translation\" data-ved=\"2ahUKEwiR8qOQle2SAxWa2QIHHTrgKQAQ3ewLegQIBBAW\" aria-label=\"Translated text: Strategii cheie de atenuare: Reduce\u021bi timpul petrecut \u00een fa\u021ba ecranului: Lua\u021bi pauze frecvente de la computere \u0219i smartphone-uri. Utiliza\u021bi filtre digitale: Utiliza\u021bi \u201emodul nocturn\u201d pe dispozitive pentru a reduce emisia de lumin\u0103 albastr\u0103. Ochelari de protec\u021bie: Lua\u021bi \u00een considerare acoperiri antireflexive sau ochelari cu filtrare a luminii albastre. Protec\u021bie natural\u0103: Asigura\u021bi un aport adecvat de nutrien\u021bi precum luteina \u0219i zeaxantina, care ajut\u0103 la protejarea retinei ochiului.\"><span class=\"Y2IQFc\" lang=\"ro\">Strategii cheie de atenuare: <\/span><\/p>\n<p class=\"tw-data-text tw-text-large tw-ta\" dir=\"ltr\" tabindex=\"-1\" role=\"text\" data-placeholder=\"Translation\" data-ved=\"2ahUKEwiR8qOQle2SAxWa2QIHHTrgKQAQ3ewLegQIBBAW\" aria-label=\"Translated text: Strategii cheie de atenuare: Reduce\u021bi timpul petrecut \u00een fa\u021ba ecranului: Lua\u021bi pauze frecvente de la computere \u0219i smartphone-uri. Utiliza\u021bi filtre digitale: Utiliza\u021bi \u201emodul nocturn\u201d pe dispozitive pentru a reduce emisia de lumin\u0103 albastr\u0103. Ochelari de protec\u021bie: Lua\u021bi \u00een considerare acoperiri antireflexive sau ochelari cu filtrare a luminii albastre. Protec\u021bie natural\u0103: Asigura\u021bi un aport adecvat de nutrien\u021bi precum luteina \u0219i zeaxantina, care ajut\u0103 la protejarea retinei ochiului.\"><span class=\"Y2IQFc\" lang=\"ro\">Reduce\u021bi timpul petrecut \u00een fa\u021ba ecranului: Lua\u021bi pauze frecvente de la computere \u0219i smartphone-uri. <\/span><\/p>\n<p class=\"tw-data-text tw-text-large tw-ta\" dir=\"ltr\" tabindex=\"-1\" role=\"text\" data-placeholder=\"Translation\" data-ved=\"2ahUKEwiR8qOQle2SAxWa2QIHHTrgKQAQ3ewLegQIBBAW\" aria-label=\"Translated text: Strategii cheie de atenuare: Reduce\u021bi timpul petrecut \u00een fa\u021ba ecranului: Lua\u021bi pauze frecvente de la computere \u0219i smartphone-uri. Utiliza\u021bi filtre digitale: Utiliza\u021bi \u201emodul nocturn\u201d pe dispozitive pentru a reduce emisia de lumin\u0103 albastr\u0103. Ochelari de protec\u021bie: Lua\u021bi \u00een considerare acoperiri antireflexive sau ochelari cu filtrare a luminii albastre. Protec\u021bie natural\u0103: Asigura\u021bi un aport adecvat de nutrien\u021bi precum luteina \u0219i zeaxantina, care ajut\u0103 la protejarea retinei ochiului.\"><span class=\"Y2IQFc\" lang=\"ro\">Utiliza\u021bi filtre digitale: Utiliza\u021bi \u201emodul nocturn\u201d pe dispozitive pentru a reduce emisia de lumin\u0103 albastr\u0103. <\/span><\/p>\n<p class=\"tw-data-text tw-text-large tw-ta\" dir=\"ltr\" tabindex=\"-1\" role=\"text\" data-placeholder=\"Translation\" data-ved=\"2ahUKEwiR8qOQle2SAxWa2QIHHTrgKQAQ3ewLegQIBBAW\" aria-label=\"Translated text: Strategii cheie de atenuare: Reduce\u021bi timpul petrecut \u00een fa\u021ba ecranului: Lua\u021bi pauze frecvente de la computere \u0219i smartphone-uri. Utiliza\u021bi filtre digitale: Utiliza\u021bi \u201emodul nocturn\u201d pe dispozitive pentru a reduce emisia de lumin\u0103 albastr\u0103. Ochelari de protec\u021bie: Lua\u021bi \u00een considerare acoperiri antireflexive sau ochelari cu filtrare a luminii albastre. Protec\u021bie natural\u0103: Asigura\u021bi un aport adecvat de nutrien\u021bi precum luteina \u0219i zeaxantina, care ajut\u0103 la protejarea retinei ochiului.\"><span class=\"Y2IQFc\" lang=\"ro\">Ochelari de protec\u021bie: Lua\u021bi \u00een considerare acoperiri antireflexive sau ochelari cu filtrare a luminii albastre. <\/span><\/p>\n<p class=\"tw-data-text tw-text-large tw-ta\" dir=\"ltr\" tabindex=\"-1\" role=\"text\" data-placeholder=\"Translation\" data-ved=\"2ahUKEwiR8qOQle2SAxWa2QIHHTrgKQAQ3ewLegQIBBAW\" aria-label=\"Translated text: Strategii cheie de atenuare: Reduce\u021bi timpul petrecut \u00een fa\u021ba ecranului: Lua\u021bi pauze frecvente de la computere \u0219i smartphone-uri. Utiliza\u021bi filtre digitale: Utiliza\u021bi \u201emodul nocturn\u201d pe dispozitive pentru a reduce emisia de lumin\u0103 albastr\u0103. Ochelari de protec\u021bie: Lua\u021bi \u00een considerare acoperiri antireflexive sau ochelari cu filtrare a luminii albastre. Protec\u021bie natural\u0103: Asigura\u021bi un aport adecvat de nutrien\u021bi precum luteina \u0219i zeaxantina, care ajut\u0103 la protejarea retinei ochiului.\"><span class=\"Y2IQFc\" lang=\"ro\">Protec\u021bie natural\u0103: Asigura\u021bi un aport adecvat de nutrien\u021bi precum luteina \u0219i zeaxantina, care ajut\u0103 la protejarea retinei ochiului.<\/span><\/p>\n<p id=\"tw-target-text\" class=\"tw-data-text tw-text-large tw-ta\" dir=\"ltr\" tabindex=\"-1\" role=\"text\" data-placeholder=\"Translation\" data-ved=\"2ahUKEwiR8qOQle2SAxWa2QIHHTrgKQAQ3ewLegQIBBAW\" aria-label=\"Translated text: De\u0219i lumina soarelui este cea mai mare surs\u0103 de lumin\u0103 albastr\u0103, utilizarea sporit\u0103 a dispozitivelor digitale a sporit nevoia de a gestiona expunerea cumulativ\u0103.\"><span class=\"Y2IQFc\" lang=\"ro\">De\u0219i lumina soarelui este cea mai mare surs\u0103 de lumin\u0103 albastr\u0103, utilizarea sporit\u0103 a dispozitivelor digitale a sporit nevoia de a gestiona expunerea cumulativ\u0103.<\/span><\/p>\n<p dir=\"ltr\" tabindex=\"-1\" role=\"text\" data-placeholder=\"Translation\" data-ved=\"2ahUKEwiR8qOQle2SAxWa2QIHHTrgKQAQ3ewLegQIBBAW\" aria-label=\"Translated text: De\u0219i lumina soarelui este cea mai mare surs\u0103 de lumin\u0103 albastr\u0103, utilizarea sporit\u0103 a dispozitivelor digitale a sporit nevoia de a gestiona expunerea cumulativ\u0103.\">Sursele :\u00a0<a href=\"https:\/\/www.mayoclinichealthsystem.org\/hometown-health\/speaking-of-health\/protect-your-eyes-from-harmful-light#:~:text=However%2C%20the%20world%20largely%20has,cells%20deep%20in%20the%20eye.\" target=\"_blank\" rel=\"noopener\">https:\/\/www.mayoclinichealthsystem.org\/hometown-health\/speaking-of-health\/protect-your-eyes-from-harmful-light#:~:text=However%2C%20the%20world%20largely%20has,cells%20deep%20in%20the%20eye.<\/a>\u00a0<a href=\"https:\/\/www.zeiss.com\/vision-care\/en\/eye-health-and-care\/understanding-vision\/blue-light-the-good-and-the-bad.html#:~:text=As%20well%20as%20leading%20to,high%20proportion%20of%20blue%20light\" target=\"_blank\" rel=\"noopener\">https:\/\/www.zeiss.com\/vision-care\/en\/eye-health-and-care\/understanding-vision\/blue-light-the-good-and-the-bad.html#:~:text=As%20well%20as%20leading%20to,high%20proportion%20of%20blue%20light<\/a><\/p>\n<p dir=\"ltr\" tabindex=\"-1\" role=\"text\" data-placeholder=\"Translation\" data-ved=\"2ahUKEwiR8qOQle2SAxWa2QIHHTrgKQAQ3ewLegQIBBAW\" aria-label=\"Translated text: De\u0219i lumina soarelui este cea mai mare surs\u0103 de lumin\u0103 albastr\u0103, utilizarea sporit\u0103 a dispozitivelor digitale a sporit nevoia de a gestiona expunerea cumulativ\u0103.\"># Lentile Progresive Natura 1.5 Filtru PC # Lentile Progresive Natura 1.5 Filtru PC # lentile progresive pret<\/p>\n<\/div>\n<\/div>\n<\/div>\n<\/div>\n<\/div>\n<\/div>","protected":false},"excerpt":{"rendered":"<div class=\"wpforms-container wpforms-render-modern\" id=\"wpforms-1668\">\n<form id=\"wpforms-form-1668\" class=\"wpforms-validate wpforms-form wpforms-ajax-form\" data-formid=\"1668\" method=\"post\" enctype=\"multipart\/form-data\" action=\"\/en\/wp-json\/wp\/v2\/product\/1552\" data-token=\"81d82cf375952dd85b6aef27c6717c84\" data-token-time=\"1775765662\"><noscript class=\"wpforms-error-noscript\">Please enable JavaScript in your browser to complete this form.<\/noscript><\/p>\n<div id=\"wpforms-error-noscript\" style=\"display: none;\">Please enable JavaScript in your browser to complete this form.<\/div>\n<div class=\"wpforms-field-container\">\n<div id=\"wpforms-1668-field_1-container\" class=\"wpforms-field wpforms-field-number\" data-field-id=\"1\"><label class=\"wpforms-field-label\" for=\"wpforms-1668-field_1\">Sfera<\/label><input type=\"number\" id=\"wpforms-1668-field_1\" class=\"wpforms-field-small\" name=\"wpforms[fields][1]\" step=\"any\" aria-errormessage=\"wpforms-1668-field_1-error\" ><\/div>\n<div id=\"wpforms-1668-field_2-container\" class=\"wpforms-field wpforms-field-number\" data-field-id=\"2\"><label class=\"wpforms-field-label\" for=\"wpforms-1668-field_2\">Cilindru<\/label><input type=\"number\" id=\"wpforms-1668-field_2\" class=\"wpforms-field-small\" name=\"wpforms[fields][2]\" step=\"any\" aria-errormessage=\"wpforms-1668-field_2-error\" ><\/div>\n<div id=\"wpforms-1668-field_6-container\"\n\t\t\tclass=\"wpforms-field wpforms-field-text\"\n\t\t\tdata-field-type=\"text\"\n\t\t\tdata-field-id=\"6\"\n\t\t\t><br \/>\n\t\t\t<label class=\"wpforms-field-label\" for=\"wpforms-1668-field_6\" >Sfera Distan\u021ba Ax<\/label><br \/>\n\t\t\t<input type=\"text\" id=\"wpforms-1668-field_6\" class=\"wpforms-field-medium\" name=\"wpforms[fields][6]\" >\n\t\t<\/div>\n<div id=\"wpforms-1668-field_3-container\" class=\"wpforms-field wpforms-field-number\" data-field-id=\"3\"><label class=\"wpforms-field-label\" for=\"wpforms-1668-field_3\">Ax<\/label><input type=\"number\" id=\"wpforms-1668-field_3\" class=\"wpforms-field-small\" name=\"wpforms[fields][3]\" step=\"any\" aria-errormessage=\"wpforms-1668-field_3-error\" ><\/div>\n<div id=\"wpforms-1668-field_4-container\" class=\"wpforms-field wpforms-field-number\" data-field-id=\"4\"><label class=\"wpforms-field-label\" for=\"wpforms-1668-field_4\">Adi\u021bie<\/label><input type=\"number\" id=\"wpforms-1668-field_4\" class=\"wpforms-field-small\" name=\"wpforms[fields][4]\" step=\"any\" aria-errormessage=\"wpforms-1668-field_4-error\" ><\/div>\n<div id=\"wpforms-1668-field_5-container\" class=\"wpforms-field wpforms-field-number\" data-field-id=\"5\"><label class=\"wpforms-field-label\" for=\"wpforms-1668-field_5\">Distan\u021ba interpupilar\u0103<\/label><input type=\"number\" id=\"wpforms-1668-field_5\" class=\"wpforms-field-small\" name=\"wpforms[fields][5]\" step=\"any\" aria-errormessage=\"wpforms-1668-field_5-error\" ><\/div>\n<p><script>\n\t\t\t\t( function() {\n\t\t\t\t\tconst style = document.createElement( 'style' );\n\t\t\t\t\tstyle.appendChild( document.createTextNode( '#wpforms-1668-field_6-container { position: absolute !important; overflow: hidden !important; display: inline !important; height: 1px !important; width: 1px !important; z-index: -1000 !important; padding: 0 !important; } #wpforms-1668-field_6-container input { visibility: hidden; } #wpforms-conversational-form-page #wpforms-1668-field_6-container label { counter-increment: none; }' ) );\n\t\t\t\t\tdocument.head.appendChild( style );\n\t\t\t\t\tdocument.currentScript?.remove();\n\t\t\t\t} )();\n\t\t\t<\/script><\/div>\n<p><!-- .wpforms-field-container --><\/p>\n<div class=\"wpforms-submit-container\" ><input type=\"hidden\" name=\"wpforms[id]\" value=\"1668\"><input type=\"hidden\" name=\"page_title\" value=\"\"><input type=\"hidden\" name=\"page_url\" value=\"https:\/\/materoptica.ro\/en\/wp-json\/wp\/v2\/product\/1552\"><input type=\"hidden\" name=\"url_referer\" value=\"\"><button type=\"submit\" name=\"wpforms[submit]\" id=\"wpforms-submit-1668\" class=\"wpforms-submit\" data-alt-text=\"Sending...\" data-submit-text=\"Submit\" aria-live=\"assertive\" value=\"wpforms-submit\">Submit<\/button><img decoding=\"async\" src=\"https:\/\/materoptica.ro\/wp-content\/plugins\/wpforms-lite\/assets\/images\/submit-spin.svg\" class=\"wpforms-submit-spinner\" style=\"display: none;\" width=\"26\" height=\"26\" alt=\"Loading\"><\/div>\n<\/form>\n<\/div>\n<p>  <!-- .wpforms-container -->Pentru comenzi lentile ochelari de vedere cu dioptrie va rugam sa ne trimiteti o poza dupa reteta dumneavoastra la adresa de mail materoptica@yahoo.com<\/p>\n","protected":false},"featured_media":1535,"comment_status":"closed","ping_status":"closed","template":"","meta":[],"product_brand":[52],"product_cat":[50,54],"product_tag":[],"class_list":{"0":"post-1552","1":"product","2":"type-product","3":"status-publish","4":"has-post-thumbnail","6":"product_brand-bod-lenses","7":"product_cat-lentile-ochelari-de-vedere","8":"product_cat-lentile-ochelari-progresive-incolore-filtru-pc","10":"first","11":"instock","12":"shipping-taxable","13":"purchasable","14":"product-type-variable","15":"has-default-attributes"},"_links":{"self":[{"href":"https:\/\/materoptica.ro\/en\/wp-json\/wp\/v2\/product\/1552","targetHints":{"allow":["GET"]}}],"collection":[{"href":"https:\/\/materoptica.ro\/en\/wp-json\/wp\/v2\/product"}],"about":[{"href":"https:\/\/materoptica.ro\/en\/wp-json\/wp\/v2\/types\/product"}],"replies":[{"embeddable":true,"href":"https:\/\/materoptica.ro\/en\/wp-json\/wp\/v2\/comments?post=1552"}],"wp:featuredmedia":[{"embeddable":true,"href":"https:\/\/materoptica.ro\/en\/wp-json\/wp\/v2\/media\/1535"}],"wp:attachment":[{"href":"https:\/\/materoptica.ro\/en\/wp-json\/wp\/v2\/media?parent=1552"}],"wp:term":[{"taxonomy":"product_brand","embeddable":true,"href":"https:\/\/materoptica.ro\/en\/wp-json\/wp\/v2\/product_brand?post=1552"},{"taxonomy":"product_cat","embeddable":true,"href":"https:\/\/materoptica.ro\/en\/wp-json\/wp\/v2\/product_cat?post=1552"},{"taxonomy":"product_tag","embeddable":true,"href":"https:\/\/materoptica.ro\/en\/wp-json\/wp\/v2\/product_tag?post=1552"}],"curies":[{"name":"wp","href":"https:\/\/api.w.org\/{rel}","templated":true}]}}