{"id":1569,"date":"2026-02-22T13:55:13","date_gmt":"2026-02-22T13:55:13","guid":{"rendered":"https:\/\/materoptica.ro\/?post_type=product&#038;p=1569"},"modified":"2026-02-26T21:20:39","modified_gmt":"2026-02-26T21:20:39","slug":"hoya-miyosmart","status":"publish","type":"product","link":"https:\/\/materoptica.ro\/en\/product\/hoya-miyosmart\/","title":{"rendered":"Hoya Miyosmart"},"content":{"rendered":"<h4>Hoya Miyosmart<\/h4>\n<p>Hoya Miyosmart &#8211; lentile pentru controlul miopiei<\/p>\n<div id=\"tw-container\" class=\"nev7se\" data-cp=\"1\" data-nnttsvi=\"1\" data-sletp=\"false\" data-sm=\"1\" data-ssbp=\"false\" data-sugg-time=\"500\" data-sugg-url=\"https:\/\/clients1.google.com\/complete\/search\" data-uilc=\"en\" data-vil=\",af,af-ZA,am,am-ET,ar-EG,ar-AE,ar-KW,ar-QA,ar,ar-IL,ar-JO,ar-LB,ar-PS,az,az-AZ,bg,bg-BG,bn,bn-BD,bn-IN,ca,ca-es,cs,cs-CZ,de,de-DE,de-CH,de-AT,de-LI,en,en-US,en-CA,en-AU,en-NZ,en-GB,en-IN,en-KE,en-TZ,en-NG,en-GH,en-PH,en-ZA,es,es-ES,es-AR,es-UY,es-419,es-BO,es-CL,es-CR,es-CO,es-DO,es-EC,es-GT,es-HN,es-NI,es-PA,es-PE,es-PR,es-PY,es-SV,es-VE,es-MX,es-US,eu,eu-ES,fi,fi-FI,fr,fr-FR,fr-CH,fr-BE,gl,gl-ES,gu,gu-IN,he,he-IL,iw,iw-IL,hu,hu-HU,hy,hy-AM,id,id-ID,is,is-IS,it,it-IT,it-CH,ja,ja-JP,jv,jv-ID,ka,ka-GE,km,km-KH,kn,kn-IN,ko,ko-KR,la,lo,lo-LA,lv,lv-LV,ml,ml-IN,mr,mr-IN,ms,ms-MY,nl,nl-NL,nb,nb-NO,ne,ne-NP,pl,pl-PL,pt,pt-BR,pt-PT,ro,ro-RO,ru,ru-RU,si-LK,sk,sk-SK,sr,sr-RS,su,su-ID,sv,sv-SE,sw,sw-TZ,sw-KE,ta,ta-IN,ta-SG,ta-LK,ta-MY,te,te-IN,tr,tr-TR,ur,ur-PK,ur-IN,yue,yue-HK,yue-Hant-HK,zh-HK,zh,zh-CN,zh-cmn,zh-cmn-CN,zh-Hans,zh-Hans-CN,zh-cmn-Hans,zh-cmn-Hans-CN,cmn-CN,cmn-Hans,cmn-Hans-CN,zh-TW,zh-Hant-TW,cmn-TW,cmn-Hant-TW,zh-cmn-TW,zh-cmn-Hant-TW,zu,zu-ZA,hi,hi-IN,tl,tl-PH,pa,pa-IN\">\n<div>\n<div>\n<div id=\"tw-ob\" class=\"tw-src-ltr\">\n<div class=\"oSioSc\">\n<div id=\"tw-target\">\n<div id=\"kAz1tf\" class=\"g9WsWb PZPZlf\" data-attrid=\"tw-targetArea\" data-entityname=\"Google Translate\">\n<div id=\"tw-target-text-container\" class=\"tw-ta-container tw-nfl\" tabindex=\"0\" role=\"text\">\n<p id=\"tw-target-text\" class=\"tw-data-text tw-text-large tw-ta\" dir=\"ltr\" tabindex=\"-1\" role=\"text\" data-placeholder=\"Translation\" data-ved=\"2ahUKEwjT1orEoO2SAxXB9AIHHSs4NgoQ3ewLegQIBBAW\" aria-label=\"Translated text: Hoya MiYOSMART este o lentil\u0103 de ochelari premiat\u0103, neinvaziv\u0103, conceput\u0103 special pentru copii (cu v\u00e2rste cuprinse \u00eentre 6 \u0219i 18 ani) pentru a corecta miopia, \u00eencetinind \u00een acela\u0219i timp progresia acesteia cu o medie de 60%. Dezvoltat\u0103 \u00eempreun\u0103 cu Universitatea Politehnic\u0103 din Hong Kong, aceasta utilizeaz\u0103 tehnologia D.I.M.S. (Defocus Incorporated Multiple Segments), care prezint\u0103 o zon\u0103 central\u0103 pentru o vedere clar\u0103 \u0219i un inel de segmente de defocalizare \u00een form\u0103 de fagure.\"><span class=\"Y2IQFc\" lang=\"ro\">Hoya MiYOSMART este o lentil\u0103 de ochelari premiat\u0103, neinvaziv\u0103, conceput\u0103 special pentru copii (cu v\u00e2rste cuprinse \u00eentre 6 \u0219i 18 ani) pentru a corecta miopia, \u00eencetinind \u00een acela\u0219i timp progresia acesteia cu o medie de 60%. Dezvoltat\u0103 \u00eempreun\u0103 cu Universitatea Politehnic\u0103 din Hong Kong, aceasta utilizeaz\u0103 tehnologia D.I.M.S. (Defocus Incorporated Multiple Segments), care prezint\u0103 o zon\u0103 central\u0103 pentru o vedere clar\u0103 \u0219i un inel de segmente de defocalizare \u00een form\u0103 de fagure.<\/span><\/p>\n<p id=\"tw-target-text\" class=\"tw-data-text tw-text-large tw-ta\" dir=\"ltr\" tabindex=\"-1\" role=\"text\" data-placeholder=\"Translation\" data-ved=\"2ahUKEwjT1orEoO2SAxXB9AIHHSs4NgoQ3ewLegQIBBAW\" aria-label=\"Translated text: Caracteristici \u0219i beneficii cheie: Control eficient al miopiei: Studiile clinice arat\u0103 o reducere cu 60% a progresiei miopiei \u0219i o oprire cu 21,5% a progresiei \u00een unele cazuri. Tehnologie D.I.M.S.: Utilizeaz\u0103 o zon\u0103 focal\u0103 central\u0103, clar\u0103, de 9,4 mm \u0219i o zon\u0103 de tratament cu diametrul de 33 mm, cu 396 de segmente mici, +3,50D, pentru a \u00eencetini cre\u0219terea ochilor. Design prietenos cu copiii: Arat\u0103 \u0219i se potrive\u0219te ca lentilele monofocale obi\u0219nuite, ceea ce le face u\u0219or de adaptat. Op\u021biuni de protec\u021bie: Disponibile sub form\u0103 de lentile transparente, MiYOSMART Sun (nuan\u021bate) \u0219i MiYOSMART Chameleon (fotocromatice) pentru uz exterior. Acoperire durabil\u0103: Utilizeaz\u0103 tehnologia Smooth Touch Xtreme (STX), care este hidrofob\u0103 \u0219i respinge murd\u0103ria, amprentele \u0219i apa.\"><span class=\"Y2IQFc\" lang=\"ro\">Caracteristici \u0219i beneficii cheie: <\/span><\/p>\n<p class=\"tw-data-text tw-text-large tw-ta\" dir=\"ltr\" tabindex=\"-1\" role=\"text\" data-placeholder=\"Translation\" data-ved=\"2ahUKEwjT1orEoO2SAxXB9AIHHSs4NgoQ3ewLegQIBBAW\" aria-label=\"Translated text: Caracteristici \u0219i beneficii cheie: Control eficient al miopiei: Studiile clinice arat\u0103 o reducere cu 60% a progresiei miopiei \u0219i o oprire cu 21,5% a progresiei \u00een unele cazuri. Tehnologie D.I.M.S.: Utilizeaz\u0103 o zon\u0103 focal\u0103 central\u0103, clar\u0103, de 9,4 mm \u0219i o zon\u0103 de tratament cu diametrul de 33 mm, cu 396 de segmente mici, +3,50D, pentru a \u00eencetini cre\u0219terea ochilor. Design prietenos cu copiii: Arat\u0103 \u0219i se potrive\u0219te ca lentilele monofocale obi\u0219nuite, ceea ce le face u\u0219or de adaptat. Op\u021biuni de protec\u021bie: Disponibile sub form\u0103 de lentile transparente, MiYOSMART Sun (nuan\u021bate) \u0219i MiYOSMART Chameleon (fotocromatice) pentru uz exterior. Acoperire durabil\u0103: Utilizeaz\u0103 tehnologia Smooth Touch Xtreme (STX), care este hidrofob\u0103 \u0219i respinge murd\u0103ria, amprentele \u0219i apa.\"><span class=\"Y2IQFc\" lang=\"ro\">Control eficient al miopiei: Studiile clinice arat\u0103 o reducere cu 60% a progresiei miopiei \u0219i o oprire cu 21,5% a progresiei \u00een unele cazuri. <\/span><\/p>\n<p class=\"tw-data-text tw-text-large tw-ta\" dir=\"ltr\" tabindex=\"-1\" role=\"text\" data-placeholder=\"Translation\" data-ved=\"2ahUKEwjT1orEoO2SAxXB9AIHHSs4NgoQ3ewLegQIBBAW\" aria-label=\"Translated text: Caracteristici \u0219i beneficii cheie: Control eficient al miopiei: Studiile clinice arat\u0103 o reducere cu 60% a progresiei miopiei \u0219i o oprire cu 21,5% a progresiei \u00een unele cazuri. Tehnologie D.I.M.S.: Utilizeaz\u0103 o zon\u0103 focal\u0103 central\u0103, clar\u0103, de 9,4 mm \u0219i o zon\u0103 de tratament cu diametrul de 33 mm, cu 396 de segmente mici, +3,50D, pentru a \u00eencetini cre\u0219terea ochilor. Design prietenos cu copiii: Arat\u0103 \u0219i se potrive\u0219te ca lentilele monofocale obi\u0219nuite, ceea ce le face u\u0219or de adaptat. Op\u021biuni de protec\u021bie: Disponibile sub form\u0103 de lentile transparente, MiYOSMART Sun (nuan\u021bate) \u0219i MiYOSMART Chameleon (fotocromatice) pentru uz exterior. Acoperire durabil\u0103: Utilizeaz\u0103 tehnologia Smooth Touch Xtreme (STX), care este hidrofob\u0103 \u0219i respinge murd\u0103ria, amprentele \u0219i apa.\"><span class=\"Y2IQFc\" lang=\"ro\">Tehnologie D.I.M.S.: Utilizeaz\u0103 o zon\u0103 focal\u0103 central\u0103, clar\u0103, de 9,4 mm \u0219i o zon\u0103 de tratament cu diametrul de 33 mm, cu 396 de segmente mici, +3,50D, pentru a \u00eencetini cre\u0219terea ochilor. <\/span><\/p>\n<p class=\"tw-data-text tw-text-large tw-ta\" dir=\"ltr\" tabindex=\"-1\" role=\"text\" data-placeholder=\"Translation\" data-ved=\"2ahUKEwjT1orEoO2SAxXB9AIHHSs4NgoQ3ewLegQIBBAW\" aria-label=\"Translated text: Caracteristici \u0219i beneficii cheie: Control eficient al miopiei: Studiile clinice arat\u0103 o reducere cu 60% a progresiei miopiei \u0219i o oprire cu 21,5% a progresiei \u00een unele cazuri. Tehnologie D.I.M.S.: Utilizeaz\u0103 o zon\u0103 focal\u0103 central\u0103, clar\u0103, de 9,4 mm \u0219i o zon\u0103 de tratament cu diametrul de 33 mm, cu 396 de segmente mici, +3,50D, pentru a \u00eencetini cre\u0219terea ochilor. Design prietenos cu copiii: Arat\u0103 \u0219i se potrive\u0219te ca lentilele monofocale obi\u0219nuite, ceea ce le face u\u0219or de adaptat. Op\u021biuni de protec\u021bie: Disponibile sub form\u0103 de lentile transparente, MiYOSMART Sun (nuan\u021bate) \u0219i MiYOSMART Chameleon (fotocromatice) pentru uz exterior. Acoperire durabil\u0103: Utilizeaz\u0103 tehnologia Smooth Touch Xtreme (STX), care este hidrofob\u0103 \u0219i respinge murd\u0103ria, amprentele \u0219i apa.\"><span class=\"Y2IQFc\" lang=\"ro\">Design prietenos cu copiii: Arat\u0103 \u0219i se potrive\u0219te ca lentilele monofocale obi\u0219nuite, ceea ce le face u\u0219or de adaptat. <\/span><\/p>\n<p class=\"tw-data-text tw-text-large tw-ta\" dir=\"ltr\" tabindex=\"-1\" role=\"text\" data-placeholder=\"Translation\" data-ved=\"2ahUKEwjT1orEoO2SAxXB9AIHHSs4NgoQ3ewLegQIBBAW\" aria-label=\"Translated text: Caracteristici \u0219i beneficii cheie: Control eficient al miopiei: Studiile clinice arat\u0103 o reducere cu 60% a progresiei miopiei \u0219i o oprire cu 21,5% a progresiei \u00een unele cazuri. Tehnologie D.I.M.S.: Utilizeaz\u0103 o zon\u0103 focal\u0103 central\u0103, clar\u0103, de 9,4 mm \u0219i o zon\u0103 de tratament cu diametrul de 33 mm, cu 396 de segmente mici, +3,50D, pentru a \u00eencetini cre\u0219terea ochilor. Design prietenos cu copiii: Arat\u0103 \u0219i se potrive\u0219te ca lentilele monofocale obi\u0219nuite, ceea ce le face u\u0219or de adaptat. Op\u021biuni de protec\u021bie: Disponibile sub form\u0103 de lentile transparente, MiYOSMART Sun (nuan\u021bate) \u0219i MiYOSMART Chameleon (fotocromatice) pentru uz exterior. Acoperire durabil\u0103: Utilizeaz\u0103 tehnologia Smooth Touch Xtreme (STX), care este hidrofob\u0103 \u0219i respinge murd\u0103ria, amprentele \u0219i apa.\"><span class=\"Y2IQFc\" lang=\"ro\">Op\u021biuni de protec\u021bie: Disponibile sub form\u0103 de lentile transparente, MiYOSMART Sun (nuan\u021bate) \u0219i MiYOSMART Chameleon (fotocromatice) pentru uz exterior. <\/span><\/p>\n<p class=\"tw-data-text tw-text-large tw-ta\" dir=\"ltr\" tabindex=\"-1\" role=\"text\" data-placeholder=\"Translation\" data-ved=\"2ahUKEwjT1orEoO2SAxXB9AIHHSs4NgoQ3ewLegQIBBAW\" aria-label=\"Translated text: Caracteristici \u0219i beneficii cheie: Control eficient al miopiei: Studiile clinice arat\u0103 o reducere cu 60% a progresiei miopiei \u0219i o oprire cu 21,5% a progresiei \u00een unele cazuri. Tehnologie D.I.M.S.: Utilizeaz\u0103 o zon\u0103 focal\u0103 central\u0103, clar\u0103, de 9,4 mm \u0219i o zon\u0103 de tratament cu diametrul de 33 mm, cu 396 de segmente mici, +3,50D, pentru a \u00eencetini cre\u0219terea ochilor. Design prietenos cu copiii: Arat\u0103 \u0219i se potrive\u0219te ca lentilele monofocale obi\u0219nuite, ceea ce le face u\u0219or de adaptat. Op\u021biuni de protec\u021bie: Disponibile sub form\u0103 de lentile transparente, MiYOSMART Sun (nuan\u021bate) \u0219i MiYOSMART Chameleon (fotocromatice) pentru uz exterior. Acoperire durabil\u0103: Utilizeaz\u0103 tehnologia Smooth Touch Xtreme (STX), care este hidrofob\u0103 \u0219i respinge murd\u0103ria, amprentele \u0219i apa.\"><span class=\"Y2IQFc\" lang=\"ro\">Acoperire durabil\u0103: Utilizeaz\u0103 tehnologia Smooth Touch Xtreme (STX), care este hidrofob\u0103 \u0219i respinge murd\u0103ria, amprentele \u0219i apa.<\/span><\/p>\n<p id=\"tw-target-text\" class=\"tw-data-text tw-text-large tw-ta\" dir=\"ltr\" tabindex=\"-1\" role=\"text\" data-placeholder=\"Translation\" data-ved=\"2ahUKEwjT1orEoO2SAxXB9AIHHSs4NgoQ3ewLegQIBBAW\" aria-label=\"Translated text: Utilizare \u0219i disponibilitate: Public \u021bint\u0103: Copii cu v\u00e2rsta cuprins\u0103 \u00eentre 6 \u0219i 18 ani, \u00een special cei cu progresie rapid\u0103 a miopiei. Interval: Potrivit pentru puteri sferice de la plano la -6.00D, cu astigmatism de p\u00e2n\u0103 la -4.00D. Siguran\u021b\u0103: De\u0219i extrem de eficiente, acestea nu sunt autorizate \u00een prezent pentru v\u00e2nzare \u00een toate regiunile, inclusiv \u00een SUA. Aceste lentile sunt recunoscute pe scar\u0103 larg\u0103 \u00een industria optic\u0103, c\u00e2\u0219tig\u00e2nd premiul Silmo d'Or \u00een 2020 \u0219i Marele Premiu la Expozi\u021bia Interna\u021bional\u0103 de Inven\u021bii de la Geneva.\"><span class=\"Y2IQFc\" lang=\"ro\">Utilizare \u0219i disponibilitate: <\/span><\/p>\n<p class=\"tw-data-text tw-text-large tw-ta\" dir=\"ltr\" tabindex=\"-1\" role=\"text\" data-placeholder=\"Translation\" data-ved=\"2ahUKEwjT1orEoO2SAxXB9AIHHSs4NgoQ3ewLegQIBBAW\" aria-label=\"Translated text: Utilizare \u0219i disponibilitate: Public \u021bint\u0103: Copii cu v\u00e2rsta cuprins\u0103 \u00eentre 6 \u0219i 18 ani, \u00een special cei cu progresie rapid\u0103 a miopiei. Interval: Potrivit pentru puteri sferice de la plano la -6.00D, cu astigmatism de p\u00e2n\u0103 la -4.00D. Siguran\u021b\u0103: De\u0219i extrem de eficiente, acestea nu sunt autorizate \u00een prezent pentru v\u00e2nzare \u00een toate regiunile, inclusiv \u00een SUA. Aceste lentile sunt recunoscute pe scar\u0103 larg\u0103 \u00een industria optic\u0103, c\u00e2\u0219tig\u00e2nd premiul Silmo d'Or \u00een 2020 \u0219i Marele Premiu la Expozi\u021bia Interna\u021bional\u0103 de Inven\u021bii de la Geneva.\"><span class=\"Y2IQFc\" lang=\"ro\">Public \u021bint\u0103: Copii cu v\u00e2rsta cuprins\u0103 \u00eentre 6 \u0219i 18 ani, \u00een special cei cu progresie rapid\u0103 a miopiei. <\/span><\/p>\n<p class=\"tw-data-text tw-text-large tw-ta\" dir=\"ltr\" tabindex=\"-1\" role=\"text\" data-placeholder=\"Translation\" data-ved=\"2ahUKEwjT1orEoO2SAxXB9AIHHSs4NgoQ3ewLegQIBBAW\" aria-label=\"Translated text: Utilizare \u0219i disponibilitate: Public \u021bint\u0103: Copii cu v\u00e2rsta cuprins\u0103 \u00eentre 6 \u0219i 18 ani, \u00een special cei cu progresie rapid\u0103 a miopiei. Interval: Potrivit pentru puteri sferice de la plano la -6.00D, cu astigmatism de p\u00e2n\u0103 la -4.00D. Siguran\u021b\u0103: De\u0219i extrem de eficiente, acestea nu sunt autorizate \u00een prezent pentru v\u00e2nzare \u00een toate regiunile, inclusiv \u00een SUA. Aceste lentile sunt recunoscute pe scar\u0103 larg\u0103 \u00een industria optic\u0103, c\u00e2\u0219tig\u00e2nd premiul Silmo d'Or \u00een 2020 \u0219i Marele Premiu la Expozi\u021bia Interna\u021bional\u0103 de Inven\u021bii de la Geneva.\"><span class=\"Y2IQFc\" lang=\"ro\">Interval: Potrivit pentru puteri sferice de la plano la -6.00D, cu astigmatism de p\u00e2n\u0103 la -4.00D. <\/span><\/p>\n<p class=\"tw-data-text tw-text-large tw-ta\" dir=\"ltr\" tabindex=\"-1\" role=\"text\" data-placeholder=\"Translation\" data-ved=\"2ahUKEwjT1orEoO2SAxXB9AIHHSs4NgoQ3ewLegQIBBAW\" aria-label=\"Translated text: Utilizare \u0219i disponibilitate: Public \u021bint\u0103: Copii cu v\u00e2rsta cuprins\u0103 \u00eentre 6 \u0219i 18 ani, \u00een special cei cu progresie rapid\u0103 a miopiei. Interval: Potrivit pentru puteri sferice de la plano la -6.00D, cu astigmatism de p\u00e2n\u0103 la -4.00D. Siguran\u021b\u0103: De\u0219i extrem de eficiente, acestea nu sunt autorizate \u00een prezent pentru v\u00e2nzare \u00een toate regiunile, inclusiv \u00een SUA. Aceste lentile sunt recunoscute pe scar\u0103 larg\u0103 \u00een industria optic\u0103, c\u00e2\u0219tig\u00e2nd premiul Silmo d'Or \u00een 2020 \u0219i Marele Premiu la Expozi\u021bia Interna\u021bional\u0103 de Inven\u021bii de la Geneva.\"><span class=\"Y2IQFc\" lang=\"ro\">Siguran\u021b\u0103: De\u0219i extrem de eficiente, acestea nu sunt autorizate \u00een prezent pentru v\u00e2nzare \u00een toate regiunile, inclusiv \u00een SUA. <\/span><\/p>\n<p class=\"tw-data-text tw-text-large tw-ta\" dir=\"ltr\" tabindex=\"-1\" role=\"text\" data-placeholder=\"Translation\" data-ved=\"2ahUKEwjT1orEoO2SAxXB9AIHHSs4NgoQ3ewLegQIBBAW\" aria-label=\"Translated text: Utilizare \u0219i disponibilitate: Public \u021bint\u0103: Copii cu v\u00e2rsta cuprins\u0103 \u00eentre 6 \u0219i 18 ani, \u00een special cei cu progresie rapid\u0103 a miopiei. Interval: Potrivit pentru puteri sferice de la plano la -6.00D, cu astigmatism de p\u00e2n\u0103 la -4.00D. Siguran\u021b\u0103: De\u0219i extrem de eficiente, acestea nu sunt autorizate \u00een prezent pentru v\u00e2nzare \u00een toate regiunile, inclusiv \u00een SUA. Aceste lentile sunt recunoscute pe scar\u0103 larg\u0103 \u00een industria optic\u0103, c\u00e2\u0219tig\u00e2nd premiul Silmo d'Or \u00een 2020 \u0219i Marele Premiu la Expozi\u021bia Interna\u021bional\u0103 de Inven\u021bii de la Geneva.\"><span class=\"Y2IQFc\" lang=\"ro\">Aceste lentile sunt recunoscute pe scar\u0103 larg\u0103 \u00een industria optic\u0103, c\u00e2\u0219tig\u00e2nd premiul Silmo d&#8217;Or \u00een 2020 \u0219i Marele Premiu la Expozi\u021bia Interna\u021bional\u0103 de Inven\u021bii de la Geneva.<\/span><\/p>\n<p dir=\"ltr\" tabindex=\"-1\" role=\"text\" data-placeholder=\"Translation\" data-ved=\"2ahUKEwjT1orEoO2SAxXB9AIHHSs4NgoQ3ewLegQIBBAW\" aria-label=\"Translated text: Utilizare \u0219i disponibilitate: Public \u021bint\u0103: Copii cu v\u00e2rsta cuprins\u0103 \u00eentre 6 \u0219i 18 ani, \u00een special cei cu progresie rapid\u0103 a miopiei. Interval: Potrivit pentru puteri sferice de la plano la -6.00D, cu astigmatism de p\u00e2n\u0103 la -4.00D. Siguran\u021b\u0103: De\u0219i extrem de eficiente, acestea nu sunt autorizate \u00een prezent pentru v\u00e2nzare \u00een toate regiunile, inclusiv \u00een SUA. Aceste lentile sunt recunoscute pe scar\u0103 larg\u0103 \u00een industria optic\u0103, c\u00e2\u0219tig\u00e2nd premiul Silmo d'Or \u00een 2020 \u0219i Marele Premiu la Expozi\u021bia Interna\u021bional\u0103 de Inven\u021bii de la Geneva.\">Sursa :\u00a0<a href=\"https:\/\/www.hoyavision.com\/vision-products\/miyosmartVr25\/#:~:text=In%202020%2C%20it%20won%20the,Tap%20to%20unmute\" target=\"_blank\" rel=\"noopener\">https:\/\/www.hoyavision.com\/vision-products\/miyosmartVr25\/#:~:text=In%202020%2C%20it%20won%20the,Tap%20to%20unmute<\/a><\/p>\n<\/div>\n<div id=\"tw-target-rmn-container\" class=\"tw-target-rmn tw-ta-container tw-nfl\" tabindex=\"-1\" role=\"text\">\n<pre id=\"tw-target-rmn\" class=\"tw-data-placeholder tw-text-small tw-ta\" dir=\"ltr\" tabindex=\"-1\" role=\"text\" data-placeholder=\"\"><\/pre>\n<\/div>\n<div class=\"iYB33c\">\n<div id=\"tw-tmenu\" class=\"tw-menu\"><\/div>\n<\/div>\n<\/div>\n<\/div>\n<\/div>\n<\/div>\n<div id=\"tw-images\"><\/div>\n<div class=\"dURPtb\"><\/div>\n<div>\n<div><\/div>\n<\/div>\n<\/div>\n<\/div>\n<\/div>\n<div class=\"KFFQ0c xKf9F\"><\/div>","protected":false},"excerpt":{"rendered":"<div class=\"wpforms-container wpforms-render-modern\" id=\"wpforms-1648\">\n<form id=\"wpforms-form-1648\" class=\"wpforms-validate wpforms-form wpforms-ajax-form\" data-formid=\"1648\" method=\"post\" enctype=\"multipart\/form-data\" action=\"\/en\/wp-json\/wp\/v2\/product\/1569\" data-token=\"455e45c7c8ee8fff15856859903ed884\" data-token-time=\"1775759910\"><noscript class=\"wpforms-error-noscript\">Please enable JavaScript in your browser to complete this form.<\/noscript><\/p>\n<div id=\"wpforms-error-noscript\" style=\"display: none;\">Please enable JavaScript in your browser to complete this form.<\/div>\n<div class=\"wpforms-field-container\">\n<div id=\"wpforms-1648-field_6-container\" class=\"wpforms-field wpforms-field-number\" data-field-id=\"6\"><label class=\"wpforms-field-label\" for=\"wpforms-1648-field_6\">Sfera<\/label><input type=\"number\" id=\"wpforms-1648-field_6\" class=\"wpforms-field-small\" name=\"wpforms[fields][6]\" step=\"any\" aria-errormessage=\"wpforms-1648-field_6-error\" ><\/div>\n<div id=\"wpforms-1648-field_7-container\" class=\"wpforms-field wpforms-field-number\" data-field-id=\"7\"><label class=\"wpforms-field-label\" for=\"wpforms-1648-field_7\">Cilindru<\/label><input type=\"number\" id=\"wpforms-1648-field_7\" class=\"wpforms-field-small\" name=\"wpforms[fields][7]\" step=\"any\" aria-errormessage=\"wpforms-1648-field_7-error\" ><\/div>\n<div id=\"wpforms-1648-field_1-container\"\n\t\t\tclass=\"wpforms-field wpforms-field-text\"\n\t\t\tdata-field-type=\"text\"\n\t\t\tdata-field-id=\"1\"\n\t\t\t><br \/>\n\t\t\t<label class=\"wpforms-field-label\" for=\"wpforms-1648-field_1\" >Cilindru Sfera interpupilar\u0103<\/label><br \/>\n\t\t\t<input type=\"text\" id=\"wpforms-1648-field_1\" class=\"wpforms-field-medium\" name=\"wpforms[fields][1]\" >\n\t\t<\/div>\n<div id=\"wpforms-1648-field_8-container\" class=\"wpforms-field wpforms-field-number\" data-field-id=\"8\"><label class=\"wpforms-field-label\" for=\"wpforms-1648-field_8\">Ax<\/label><input type=\"number\" id=\"wpforms-1648-field_8\" class=\"wpforms-field-small\" name=\"wpforms[fields][8]\" step=\"any\" aria-errormessage=\"wpforms-1648-field_8-error\" ><\/div>\n<div id=\"wpforms-1648-field_9-container\" class=\"wpforms-field wpforms-field-number\" data-field-id=\"9\"><label class=\"wpforms-field-label\" for=\"wpforms-1648-field_9\">Distan\u021ba interpupilar\u0103<\/label><input type=\"number\" id=\"wpforms-1648-field_9\" class=\"wpforms-field-small\" name=\"wpforms[fields][9]\" step=\"any\" aria-errormessage=\"wpforms-1648-field_9-error\" ><\/div>\n<p><script>\n\t\t\t\t( function() {\n\t\t\t\t\tconst style = document.createElement( 'style' );\n\t\t\t\t\tstyle.appendChild( document.createTextNode( '#wpforms-1648-field_1-container { position: absolute !important; overflow: hidden !important; display: inline !important; height: 1px !important; width: 1px !important; z-index: -1000 !important; padding: 0 !important; } #wpforms-1648-field_1-container input { visibility: hidden; } #wpforms-conversational-form-page #wpforms-1648-field_1-container label { counter-increment: none; }' ) );\n\t\t\t\t\tdocument.head.appendChild( style );\n\t\t\t\t\tdocument.currentScript?.remove();\n\t\t\t\t} )();\n\t\t\t<\/script><\/div>\n<p><!-- .wpforms-field-container --><\/p>\n<div class=\"wpforms-submit-container\" ><input type=\"hidden\" name=\"wpforms[id]\" value=\"1648\"><input type=\"hidden\" name=\"page_title\" value=\"\"><input type=\"hidden\" name=\"page_url\" value=\"https:\/\/materoptica.ro\/en\/wp-json\/wp\/v2\/product\/1569\"><input type=\"hidden\" name=\"url_referer\" value=\"\"><button type=\"submit\" name=\"wpforms[submit]\" id=\"wpforms-submit-1648\" class=\"wpforms-submit\" data-alt-text=\"Sending...\" data-submit-text=\"Submit\" aria-live=\"assertive\" value=\"wpforms-submit\">Submit<\/button><img decoding=\"async\" src=\"https:\/\/materoptica.ro\/wp-content\/plugins\/wpforms-lite\/assets\/images\/submit-spin.svg\" class=\"wpforms-submit-spinner\" style=\"display: none;\" width=\"26\" height=\"26\" alt=\"Loading\"><\/div>\n<\/form>\n<\/div>\n<p>  <!-- .wpforms-container -->Pentru comenzi lentile ochelari de vedere cu dioptrie va rugam sa ne trimiteti o poza dupa reteta dumneavoastra la adresa de mail materoptica@yahoo.com<\/p>\n<p>Termene de livrare<\/p>\n<p>Hoya Miyosmart dioptrii sferice : maxim 3 zile<\/p>\n<p>Hoya Miyosmart dioptrii sfero-cilindrice : maxim 12 zile<\/p>\n","protected":false},"featured_media":1573,"comment_status":"closed","ping_status":"closed","template":"","meta":[],"product_brand":[],"product_cat":[50,56],"product_tag":[],"class_list":{"0":"post-1569","1":"product","2":"type-product","3":"status-publish","4":"has-post-thumbnail","6":"product_cat-lentile-ochelari-de-vedere","7":"product_cat-lentile-pentru-controlul-miopiei","9":"first","10":"instock","11":"shipping-taxable","12":"purchasable","13":"product-type-variable","14":"has-default-attributes"},"_links":{"self":[{"href":"https:\/\/materoptica.ro\/en\/wp-json\/wp\/v2\/product\/1569","targetHints":{"allow":["GET"]}}],"collection":[{"href":"https:\/\/materoptica.ro\/en\/wp-json\/wp\/v2\/product"}],"about":[{"href":"https:\/\/materoptica.ro\/en\/wp-json\/wp\/v2\/types\/product"}],"replies":[{"embeddable":true,"href":"https:\/\/materoptica.ro\/en\/wp-json\/wp\/v2\/comments?post=1569"}],"wp:featuredmedia":[{"embeddable":true,"href":"https:\/\/materoptica.ro\/en\/wp-json\/wp\/v2\/media\/1573"}],"wp:attachment":[{"href":"https:\/\/materoptica.ro\/en\/wp-json\/wp\/v2\/media?parent=1569"}],"wp:term":[{"taxonomy":"product_brand","embeddable":true,"href":"https:\/\/materoptica.ro\/en\/wp-json\/wp\/v2\/product_brand?post=1569"},{"taxonomy":"product_cat","embeddable":true,"href":"https:\/\/materoptica.ro\/en\/wp-json\/wp\/v2\/product_cat?post=1569"},{"taxonomy":"product_tag","embeddable":true,"href":"https:\/\/materoptica.ro\/en\/wp-json\/wp\/v2\/product_tag?post=1569"}],"curies":[{"name":"wp","href":"https:\/\/api.w.org\/{rel}","templated":true}]}}