{"id":1743,"date":"2026-03-02T11:49:55","date_gmt":"2026-03-02T11:49:55","guid":{"rendered":"https:\/\/materoptica.ro\/?post_type=product&#038;p=1743"},"modified":"2026-03-02T11:51:49","modified_gmt":"2026-03-02T11:51:49","slug":"montana-ms27","status":"publish","type":"product","link":"https:\/\/materoptica.ro\/en\/product\/montana-ms27\/","title":{"rendered":"Montana MS27"},"content":{"rendered":"<h1>Montana MS27<\/h1>\n<p>&nbsp;<\/p>\n<p>Culoare ram\u0103 : negru mat<\/p>\n<p>Culoare lentile : gri cu oglinda argintie<\/p>\n<p>&nbsp;<\/p>\n<p>Montana este o marc\u0103 de ochelari apar\u021bin\u00e2nd companiei britanice Sunoptic International. Produsele Montana se remarc\u0103 prin designul modern \u0219i atractiv, c\u00e2t \u0219i prin raportul excelent calitate-pre\u021b. To\u021bi ochelarii de soare Montana au protec\u021bie UV400, marea majoritate av\u00e2nd \u0219i lentile polarizate. Achizi\u021bion\u00e2nd ochelari de soare Montana, beneficia\u021bi de ochelarii de soare cu lentile polarizate la pre\u021bul cel mai mic din Rom\u00e2nia. Toate produsele Montana sunt fabricate la standarde europeene, respect\u00e2nd toate normele de calitate \u0219i siguran\u021b\u0103 din UE.<\/p>\n<p id=\"tw-target-text\" class=\"tw-data-text tw-text-large tw-ta\" dir=\"ltr\" tabindex=\"-1\" role=\"text\" data-placeholder=\"Translation\" data-ved=\"2ahUKEwjpo9uBhIGTAxXS2AIHHRDnBEMQ3ewLegQIBBAW\" aria-label=\"Translated text: Protejarea \u00eempotriva razelor UV este esen\u021bial\u0103 pentru prevenirea cancerului de piele (inclusiv melanomului), a \u00eemb\u0103tr\u00e2nirii premature a pielii (riduri \u0219i pete solare) \u0219i a leziunilor oculare severe, cum ar fi cataracta. Radia\u021biile UV provoac\u0103 deteriorarea ADN-ului celulelor pielii, duc\u00e2nd la arsuri solare \u0219i riscuri pentru s\u0103n\u0103tate pe termen lung. Protec\u021bia este necesar\u0103 pe tot parcursul anului, chiar \u0219i \u00een zilele \u00eennorate.\"><span class=\"Y2IQFc\" lang=\"ro\">Protejarea \u00eempotriva razelor UV este esen\u021bial\u0103 pentru prevenirea cancerului de piele (inclusiv melanomului), a \u00eemb\u0103tr\u00e2nirii premature a pielii (riduri \u0219i pete solare) \u0219i a leziunilor oculare severe, cum ar fi cataracta. Radia\u021biile UV provoac\u0103 deteriorarea ADN-ului celulelor pielii, duc\u00e2nd la arsuri solare \u0219i riscuri pentru s\u0103n\u0103tate pe termen lung. Protec\u021bia este necesar\u0103 pe tot parcursul anului, chiar \u0219i \u00een zilele \u00eennorate.<\/span><\/p>\n<p dir=\"ltr\" tabindex=\"-1\" role=\"text\" data-placeholder=\"Translation\" data-ved=\"2ahUKEwjpo9uBhIGTAxXS2AIHHRDnBEMQ3ewLegQIBBAW\" aria-label=\"Translated text: Protejarea \u00eempotriva razelor UV este esen\u021bial\u0103 pentru prevenirea cancerului de piele (inclusiv melanomului), a \u00eemb\u0103tr\u00e2nirii premature a pielii (riduri \u0219i pete solare) \u0219i a leziunilor oculare severe, cum ar fi cataracta. Radia\u021biile UV provoac\u0103 deteriorarea ADN-ului celulelor pielii, duc\u00e2nd la arsuri solare \u0219i riscuri pentru s\u0103n\u0103tate pe termen lung. Protec\u021bia este necesar\u0103 pe tot parcursul anului, chiar \u0219i \u00een zilele \u00eennorate.\">Sursa :\u00a0<a href=\"https:\/\/www.epa.gov\/radtown\/ultraviolet-uv-radiation-and-sun-exposure#:~:text=The%20Earth&#039;s%20atmosphere%20shields%20us,body&#039;s%20ability%20to%20fight%20illness.\" target=\"_blank\" rel=\"noopener\">https:\/\/www.epa.gov\/radtown\/ultraviolet-uv-radiation-and-sun-exposure#:~:text=The%20Earth&#8217;s%20atmosphere%20shields%20us,body&#8217;s%20ability%20to%20fight%20illness.<\/a><\/p>\n<p dir=\"ltr\" tabindex=\"-1\" role=\"text\" data-placeholder=\"Translation\" data-ved=\"2ahUKEwjpo9uBhIGTAxXS2AIHHRDnBEMQ3ewLegQIBBAW\" aria-label=\"Translated text: Protejarea \u00eempotriva razelor UV este esen\u021bial\u0103 pentru prevenirea cancerului de piele (inclusiv melanomului), a \u00eemb\u0103tr\u00e2nirii premature a pielii (riduri \u0219i pete solare) \u0219i a leziunilor oculare severe, cum ar fi cataracta. Radia\u021biile UV provoac\u0103 deteriorarea ADN-ului celulelor pielii, duc\u00e2nd la arsuri solare \u0219i riscuri pentru s\u0103n\u0103tate pe termen lung. Protec\u021bia este necesar\u0103 pe tot parcursul anului, chiar \u0219i \u00een zilele \u00eennorate.\">Site-ul produc\u0103torului :\u00a0<a href=\"https:\/\/www.sunoptic.com\/\" target=\"_blank\" rel=\"noopener\">https:\/\/www.sunoptic.com\/<\/a><\/p>","protected":false},"excerpt":{"rendered":"<h1>Montana MS27<\/h1>","protected":false},"featured_media":1745,"comment_status":"closed","ping_status":"closed","template":"","meta":[],"product_brand":[59],"product_cat":[23,58],"product_tag":[],"class_list":{"0":"post-1743","1":"product","2":"type-product","3":"status-publish","4":"has-post-thumbnail","6":"product_brand-montana","7":"product_cat-ochelari-de-soare","8":"product_cat-montana-soare","10":"first","11":"instock","12":"taxable","13":"shipping-taxable","14":"purchasable","15":"product-type-variable"},"_links":{"self":[{"href":"https:\/\/materoptica.ro\/en\/wp-json\/wp\/v2\/product\/1743","targetHints":{"allow":["GET"]}}],"collection":[{"href":"https:\/\/materoptica.ro\/en\/wp-json\/wp\/v2\/product"}],"about":[{"href":"https:\/\/materoptica.ro\/en\/wp-json\/wp\/v2\/types\/product"}],"replies":[{"embeddable":true,"href":"https:\/\/materoptica.ro\/en\/wp-json\/wp\/v2\/comments?post=1743"}],"wp:featuredmedia":[{"embeddable":true,"href":"https:\/\/materoptica.ro\/en\/wp-json\/wp\/v2\/media\/1745"}],"wp:attachment":[{"href":"https:\/\/materoptica.ro\/en\/wp-json\/wp\/v2\/media?parent=1743"}],"wp:term":[{"taxonomy":"product_brand","embeddable":true,"href":"https:\/\/materoptica.ro\/en\/wp-json\/wp\/v2\/product_brand?post=1743"},{"taxonomy":"product_cat","embeddable":true,"href":"https:\/\/materoptica.ro\/en\/wp-json\/wp\/v2\/product_cat?post=1743"},{"taxonomy":"product_tag","embeddable":true,"href":"https:\/\/materoptica.ro\/en\/wp-json\/wp\/v2\/product_tag?post=1743"}],"curies":[{"name":"wp","href":"https:\/\/api.w.org\/{rel}","templated":true}]}}