{"id":1775,"date":"2026-03-02T17:25:05","date_gmt":"2026-03-02T17:25:05","guid":{"rendered":"https:\/\/materoptica.ro\/?post_type=product&#038;p=1775"},"modified":"2026-03-02T17:25:05","modified_gmt":"2026-03-02T17:25:05","slug":"emporio-armani-ea1125-3001","status":"publish","type":"product","link":"https:\/\/materoptica.ro\/en\/product\/emporio-armani-ea1125-3001\/","title":{"rendered":"Emporio Armani EA1125 3001"},"content":{"rendered":"<h1>Emporio Armani EA1125 3001<\/h1>\n<p>&nbsp;<\/p>\n<p>Pute\u021bi s\u0103 ad\u0103uga\u021bi lentile pentru ochelari de vedere la aceast\u0103 ram\u0103 acces\u00e2nd link-ul :\u00a0<a href=\"https:\/\/materoptica.ro\/lentile-ochelari-de-vedere\/\">https:\/\/materoptica.ro\/lentile-ochelari-de-vedere\/<\/a><\/p>\n<p>&nbsp;<\/p>\n<p>Rama Ochelari Vedere Emporio Armani EA1125 3001<\/p>\n<p>Rama Ochelari Vedere Unisex<\/p>\n<p>Culoare 5001\u00a0&#8211; Negru mat<\/p>\n<p>&nbsp;<\/p>\n<p>Puteti sa vizualizati mai multe modele rame ochelari vedere Emporio Armani\u00a0accesand linkul:<\/p>\n<p><a href=\"https:\/\/materoptica.ro\/rame-ochelari-de-vedere\/emporio-armani\/\">https:\/\/materoptica.ro\/rame-ochelari-de-vedere\/emporio-armani\/<\/a><\/p>\n<p>&nbsp;<\/p>\n<p id=\"tw-target-text\" class=\"tw-data-text tw-text-large tw-ta\" dir=\"ltr\" tabindex=\"-1\" role=\"text\" data-placeholder=\"Translation\" data-ved=\"2ahUKEwis97zmyv6SAxV83wIHHX13LbkQ3ewLegQIBBAW\" aria-label=\"Translated text: \u00cenfiin\u021bat\u0103 \u00een 1981,[9] Emporio Armani este a doua marc\u0103 din familia Armani \u0219i ofer\u0103 colec\u021bii pr\u00eat-\u00e0-porter \u0219i de podium. Emporio Armani se concentreaz\u0103 pe tendin\u021be \u0219i tr\u0103s\u0103turi moderne. Emporio Armani, \u00eempreun\u0103 cu Giorgio Armani, au fost singurele dou\u0103 m\u0103rci pr\u00eat-\u00e0-porter create \u00een principal de Giorgio Armani \u00eensu\u0219i \u0219i sunt \u00een centrul aten\u021biei la S\u0103pt\u0103m\u00e2na Modei de la Milano \u00een fiecare an, \u00een timp ce Armani Collezioni, Armani Jeans \u0219i Armani Exchange nu o fac. Produsele Emporio Armani sunt de obicei v\u00e2ndute doar \u00een magazinele independente Emporio Armani \u0219i pe site-ul oficial.[56] Campaniile de lenjerie intim\u0103 Emporio Armani i-au prezentat pe David Beckham (2008\u20132010),[57] Victoria Beckham (2009),[58] Cristiano Ronaldo (2010), Megan Fox (2010), Rihanna (2011), Rafael Nadal (2011)[59] \u0219i Calvin Harris (2015).[60] Campania publicitar\u0103 de ceasuri a m\u0103rcii i-a prezentat pe Shawn Mendes (2019), printre al\u021bii.[61] Pentru campaniile sale, marca a colaborat cu fotografi precum Alasdair McLellan (2012)[62] \u0219i Mert Alas \u0219i Marcus Piggott.[57] \u00cen 2013, Emporio Armani a asigurat designul costumelor pentru distribu\u021bia filmului The Counselor, \u00een parteneriat cu 21st Century Fox.\"><span class=\"Y2IQFc\" lang=\"ro\">\u00cenfiin\u021bat\u0103 \u00een 1981,[9] Emporio Armani este a doua marc\u0103 din familia Armani \u0219i ofer\u0103 colec\u021bii pr\u00eat-\u00e0-porter \u0219i de podium. Emporio Armani se concentreaz\u0103 pe tendin\u021be \u0219i tr\u0103s\u0103turi moderne. <\/span><\/p>\n<p class=\"tw-data-text tw-text-large tw-ta\" dir=\"ltr\" tabindex=\"-1\" role=\"text\" data-placeholder=\"Translation\" data-ved=\"2ahUKEwis97zmyv6SAxV83wIHHX13LbkQ3ewLegQIBBAW\" aria-label=\"Translated text: \u00cenfiin\u021bat\u0103 \u00een 1981,[9] Emporio Armani este a doua marc\u0103 din familia Armani \u0219i ofer\u0103 colec\u021bii pr\u00eat-\u00e0-porter \u0219i de podium. Emporio Armani se concentreaz\u0103 pe tendin\u021be \u0219i tr\u0103s\u0103turi moderne. Emporio Armani, \u00eempreun\u0103 cu Giorgio Armani, au fost singurele dou\u0103 m\u0103rci pr\u00eat-\u00e0-porter create \u00een principal de Giorgio Armani \u00eensu\u0219i \u0219i sunt \u00een centrul aten\u021biei la S\u0103pt\u0103m\u00e2na Modei de la Milano \u00een fiecare an, \u00een timp ce Armani Collezioni, Armani Jeans \u0219i Armani Exchange nu o fac. Produsele Emporio Armani sunt de obicei v\u00e2ndute doar \u00een magazinele independente Emporio Armani \u0219i pe site-ul oficial.[56] Campaniile de lenjerie intim\u0103 Emporio Armani i-au prezentat pe David Beckham (2008\u20132010),[57] Victoria Beckham (2009),[58] Cristiano Ronaldo (2010), Megan Fox (2010), Rihanna (2011), Rafael Nadal (2011)[59] \u0219i Calvin Harris (2015).[60] Campania publicitar\u0103 de ceasuri a m\u0103rcii i-a prezentat pe Shawn Mendes (2019), printre al\u021bii.[61] Pentru campaniile sale, marca a colaborat cu fotografi precum Alasdair McLellan (2012)[62] \u0219i Mert Alas \u0219i Marcus Piggott.[57] \u00cen 2013, Emporio Armani a asigurat designul costumelor pentru distribu\u021bia filmului The Counselor, \u00een parteneriat cu 21st Century Fox.\"><span class=\"Y2IQFc\" lang=\"ro\">Emporio Armani, \u00eempreun\u0103 cu Giorgio Armani, au fost singurele dou\u0103 m\u0103rci pr\u00eat-\u00e0-porter create \u00een principal de Giorgio Armani \u00eensu\u0219i \u0219i sunt \u00een centrul aten\u021biei la S\u0103pt\u0103m\u00e2na Modei de la Milano \u00een fiecare an, \u00een timp ce Armani Collezioni, Armani Jeans \u0219i Armani Exchange nu o fac. Produsele Emporio Armani sunt de obicei v\u00e2ndute doar \u00een magazinele independente Emporio Armani \u0219i pe site-ul oficial.[56] <\/span><\/p>\n<p class=\"tw-data-text tw-text-large tw-ta\" dir=\"ltr\" tabindex=\"-1\" role=\"text\" data-placeholder=\"Translation\" data-ved=\"2ahUKEwis97zmyv6SAxV83wIHHX13LbkQ3ewLegQIBBAW\" aria-label=\"Translated text: \u00cenfiin\u021bat\u0103 \u00een 1981,[9] Emporio Armani este a doua marc\u0103 din familia Armani \u0219i ofer\u0103 colec\u021bii pr\u00eat-\u00e0-porter \u0219i de podium. Emporio Armani se concentreaz\u0103 pe tendin\u021be \u0219i tr\u0103s\u0103turi moderne. Emporio Armani, \u00eempreun\u0103 cu Giorgio Armani, au fost singurele dou\u0103 m\u0103rci pr\u00eat-\u00e0-porter create \u00een principal de Giorgio Armani \u00eensu\u0219i \u0219i sunt \u00een centrul aten\u021biei la S\u0103pt\u0103m\u00e2na Modei de la Milano \u00een fiecare an, \u00een timp ce Armani Collezioni, Armani Jeans \u0219i Armani Exchange nu o fac. Produsele Emporio Armani sunt de obicei v\u00e2ndute doar \u00een magazinele independente Emporio Armani \u0219i pe site-ul oficial.[56] Campaniile de lenjerie intim\u0103 Emporio Armani i-au prezentat pe David Beckham (2008\u20132010),[57] Victoria Beckham (2009),[58] Cristiano Ronaldo (2010), Megan Fox (2010), Rihanna (2011), Rafael Nadal (2011)[59] \u0219i Calvin Harris (2015).[60] Campania publicitar\u0103 de ceasuri a m\u0103rcii i-a prezentat pe Shawn Mendes (2019), printre al\u021bii.[61] Pentru campaniile sale, marca a colaborat cu fotografi precum Alasdair McLellan (2012)[62] \u0219i Mert Alas \u0219i Marcus Piggott.[57] \u00cen 2013, Emporio Armani a asigurat designul costumelor pentru distribu\u021bia filmului The Counselor, \u00een parteneriat cu 21st Century Fox.\"><span class=\"Y2IQFc\" lang=\"ro\">Campaniile de lenjerie intim\u0103 Emporio Armani i-au prezentat pe David Beckham (2008\u20132010),[57] Victoria Beckham (2009),[58] Cristiano Ronaldo (2010), Megan Fox (2010), Rihanna (2011), Rafael Nadal (2011)[59] \u0219i Calvin Harris (2015).[60] Campania publicitar\u0103 de ceasuri a m\u0103rcii i-a prezentat pe Shawn Mendes (2019), printre al\u021bii.[61] <\/span><\/p>\n<p class=\"tw-data-text tw-text-large tw-ta\" dir=\"ltr\" tabindex=\"-1\" role=\"text\" data-placeholder=\"Translation\" data-ved=\"2ahUKEwis97zmyv6SAxV83wIHHX13LbkQ3ewLegQIBBAW\" aria-label=\"Translated text: \u00cenfiin\u021bat\u0103 \u00een 1981,[9] Emporio Armani este a doua marc\u0103 din familia Armani \u0219i ofer\u0103 colec\u021bii pr\u00eat-\u00e0-porter \u0219i de podium. Emporio Armani se concentreaz\u0103 pe tendin\u021be \u0219i tr\u0103s\u0103turi moderne. Emporio Armani, \u00eempreun\u0103 cu Giorgio Armani, au fost singurele dou\u0103 m\u0103rci pr\u00eat-\u00e0-porter create \u00een principal de Giorgio Armani \u00eensu\u0219i \u0219i sunt \u00een centrul aten\u021biei la S\u0103pt\u0103m\u00e2na Modei de la Milano \u00een fiecare an, \u00een timp ce Armani Collezioni, Armani Jeans \u0219i Armani Exchange nu o fac. Produsele Emporio Armani sunt de obicei v\u00e2ndute doar \u00een magazinele independente Emporio Armani \u0219i pe site-ul oficial.[56] Campaniile de lenjerie intim\u0103 Emporio Armani i-au prezentat pe David Beckham (2008\u20132010),[57] Victoria Beckham (2009),[58] Cristiano Ronaldo (2010), Megan Fox (2010), Rihanna (2011), Rafael Nadal (2011)[59] \u0219i Calvin Harris (2015).[60] Campania publicitar\u0103 de ceasuri a m\u0103rcii i-a prezentat pe Shawn Mendes (2019), printre al\u021bii.[61] Pentru campaniile sale, marca a colaborat cu fotografi precum Alasdair McLellan (2012)[62] \u0219i Mert Alas \u0219i Marcus Piggott.[57] \u00cen 2013, Emporio Armani a asigurat designul costumelor pentru distribu\u021bia filmului The Counselor, \u00een parteneriat cu 21st Century Fox.\"><span class=\"Y2IQFc\" lang=\"ro\">Pentru campaniile sale, marca a colaborat cu fotografi precum Alasdair McLellan (2012)[62] \u0219i Mert Alas \u0219i Marcus Piggott.[57] <\/span><\/p>\n<p class=\"tw-data-text tw-text-large tw-ta\" dir=\"ltr\" tabindex=\"-1\" role=\"text\" data-placeholder=\"Translation\" data-ved=\"2ahUKEwis97zmyv6SAxV83wIHHX13LbkQ3ewLegQIBBAW\" aria-label=\"Translated text: \u00cenfiin\u021bat\u0103 \u00een 1981,[9] Emporio Armani este a doua marc\u0103 din familia Armani \u0219i ofer\u0103 colec\u021bii pr\u00eat-\u00e0-porter \u0219i de podium. Emporio Armani se concentreaz\u0103 pe tendin\u021be \u0219i tr\u0103s\u0103turi moderne. Emporio Armani, \u00eempreun\u0103 cu Giorgio Armani, au fost singurele dou\u0103 m\u0103rci pr\u00eat-\u00e0-porter create \u00een principal de Giorgio Armani \u00eensu\u0219i \u0219i sunt \u00een centrul aten\u021biei la S\u0103pt\u0103m\u00e2na Modei de la Milano \u00een fiecare an, \u00een timp ce Armani Collezioni, Armani Jeans \u0219i Armani Exchange nu o fac. Produsele Emporio Armani sunt de obicei v\u00e2ndute doar \u00een magazinele independente Emporio Armani \u0219i pe site-ul oficial.[56] Campaniile de lenjerie intim\u0103 Emporio Armani i-au prezentat pe David Beckham (2008\u20132010),[57] Victoria Beckham (2009),[58] Cristiano Ronaldo (2010), Megan Fox (2010), Rihanna (2011), Rafael Nadal (2011)[59] \u0219i Calvin Harris (2015).[60] Campania publicitar\u0103 de ceasuri a m\u0103rcii i-a prezentat pe Shawn Mendes (2019), printre al\u021bii.[61] Pentru campaniile sale, marca a colaborat cu fotografi precum Alasdair McLellan (2012)[62] \u0219i Mert Alas \u0219i Marcus Piggott.[57] \u00cen 2013, Emporio Armani a asigurat designul costumelor pentru distribu\u021bia filmului The Counselor, \u00een parteneriat cu 21st Century Fox.\"><span class=\"Y2IQFc\" lang=\"ro\">\u00cen 2013, Emporio Armani a asigurat designul costumelor pentru distribu\u021bia filmului The Counselor, \u00een parteneriat cu 21st Century Fox.<\/span><\/p>\n<p>Sursa:\u00a0<a href=\"https:\/\/en.wikipedia.org\/wiki\/Armani#Emporio_Armani\" target=\"_blank\" rel=\"noopener\">https:\/\/en.wikipedia.org\/wiki\/Armani#Emporio_Armani<\/a><\/p>\n","protected":false},"excerpt":{"rendered":"<h1>Emporio Armani EA1125 3001<\/h1>","protected":false},"featured_media":1777,"comment_status":"closed","ping_status":"closed","template":"","meta":[],"product_brand":[30],"product_cat":[22,29],"product_tag":[],"class_list":{"0":"post-1775","1":"product","2":"type-product","3":"status-publish","4":"has-post-thumbnail","6":"product_brand-emporio-armani","7":"product_cat-rame-ochelari-de-vedere","8":"product_cat-emporio-armani","10":"first","11":"instock","12":"taxable","13":"shipping-taxable","14":"purchasable","15":"product-type-variable","16":"has-default-attributes"},"_links":{"self":[{"href":"https:\/\/materoptica.ro\/en\/wp-json\/wp\/v2\/product\/1775","targetHints":{"allow":["GET"]}}],"collection":[{"href":"https:\/\/materoptica.ro\/en\/wp-json\/wp\/v2\/product"}],"about":[{"href":"https:\/\/materoptica.ro\/en\/wp-json\/wp\/v2\/types\/product"}],"replies":[{"embeddable":true,"href":"https:\/\/materoptica.ro\/en\/wp-json\/wp\/v2\/comments?post=1775"}],"wp:featuredmedia":[{"embeddable":true,"href":"https:\/\/materoptica.ro\/en\/wp-json\/wp\/v2\/media\/1777"}],"wp:attachment":[{"href":"https:\/\/materoptica.ro\/en\/wp-json\/wp\/v2\/media?parent=1775"}],"wp:term":[{"taxonomy":"product_brand","embeddable":true,"href":"https:\/\/materoptica.ro\/en\/wp-json\/wp\/v2\/product_brand?post=1775"},{"taxonomy":"product_cat","embeddable":true,"href":"https:\/\/materoptica.ro\/en\/wp-json\/wp\/v2\/product_cat?post=1775"},{"taxonomy":"product_tag","embeddable":true,"href":"https:\/\/materoptica.ro\/en\/wp-json\/wp\/v2\/product_tag?post=1775"}],"curies":[{"name":"wp","href":"https:\/\/api.w.org\/{rel}","templated":true}]}}