{"id":1817,"date":"2026-03-03T13:35:49","date_gmt":"2026-03-03T13:35:49","guid":{"rendered":"https:\/\/materoptica.ro\/?post_type=product&#038;p=1817"},"modified":"2026-03-03T14:18:49","modified_gmt":"2026-03-03T14:18:49","slug":"mondoo-clip-on-0629-pr4","status":"publish","type":"product","link":"https:\/\/materoptica.ro\/en\/product\/mondoo-clip-on-0629-pr4\/","title":{"rendered":"MONDOO clip-on 0629 PR4"},"content":{"rendered":"<h1 class=\"small-bold-font\"><span dir=\"auto\">MONDOO clip-on 0629 PR4<\/span><\/h1>\n<p>Pute\u021bi s\u0103 ad\u0103uga\u021bi lentile pentru ochelari de vedere la aceast\u0103 ram\u0103 acces\u00e2nd link-ul :\u00a0<a href=\"https:\/\/materoptica.ro\/en\/lentile-ochelari-de-vedere\/\">https:\/\/materoptica.ro\/lentile-ochelari-de-vedere\/<\/a><\/p>\n<p>&nbsp;<\/p>\n<p>Culoare rama roz\/transparent\/rosu<\/p>\n<p>Marime 53<\/p>","protected":false},"excerpt":{"rendered":"<h1 class=\"small-bold-font\"><span dir=\"auto\">MONDOO clip-on 0629 PR4<\/span><\/h1>","protected":false},"featured_media":1818,"comment_status":"closed","ping_status":"closed","template":"","meta":[],"product_brand":[61],"product_cat":[22,62],"product_tag":[],"class_list":{"0":"post-1817","1":"product","2":"type-product","3":"status-publish","4":"has-post-thumbnail","6":"product_brand-mondoo","7":"product_cat-rame-ochelari-de-vedere","8":"product_cat-rame-cu-clip","10":"first","11":"instock","12":"shipping-taxable","13":"purchasable","14":"product-type-simple"},"_links":{"self":[{"href":"https:\/\/materoptica.ro\/en\/wp-json\/wp\/v2\/product\/1817","targetHints":{"allow":["GET"]}}],"collection":[{"href":"https:\/\/materoptica.ro\/en\/wp-json\/wp\/v2\/product"}],"about":[{"href":"https:\/\/materoptica.ro\/en\/wp-json\/wp\/v2\/types\/product"}],"replies":[{"embeddable":true,"href":"https:\/\/materoptica.ro\/en\/wp-json\/wp\/v2\/comments?post=1817"}],"wp:featuredmedia":[{"embeddable":true,"href":"https:\/\/materoptica.ro\/en\/wp-json\/wp\/v2\/media\/1818"}],"wp:attachment":[{"href":"https:\/\/materoptica.ro\/en\/wp-json\/wp\/v2\/media?parent=1817"}],"wp:term":[{"taxonomy":"product_brand","embeddable":true,"href":"https:\/\/materoptica.ro\/en\/wp-json\/wp\/v2\/product_brand?post=1817"},{"taxonomy":"product_cat","embeddable":true,"href":"https:\/\/materoptica.ro\/en\/wp-json\/wp\/v2\/product_cat?post=1817"},{"taxonomy":"product_tag","embeddable":true,"href":"https:\/\/materoptica.ro\/en\/wp-json\/wp\/v2\/product_tag?post=1817"}],"curies":[{"name":"wp","href":"https:\/\/api.w.org\/{rel}","templated":true}]}}