{"id":1895,"date":"2026-03-06T21:06:12","date_gmt":"2026-03-06T21:06:12","guid":{"rendered":"https:\/\/materoptica.ro\/?post_type=product&#038;p=1895"},"modified":"2026-03-06T21:10:27","modified_gmt":"2026-03-06T21:10:27","slug":"essilor-varilux-comfort-3-0-transitions","status":"publish","type":"product","link":"https:\/\/materoptica.ro\/en\/product\/essilor-varilux-comfort-3-0-transitions\/","title":{"rendered":"Essilor Varilux Comfort 3.0 Transitions"},"content":{"rendered":"<h1>Lentila Essilor Varilux Comfort 3.0 Transitions<\/h1>\n<p>Varilux este o marc\u0103 apar\u021bin\u00e2nd Essilor International, un produc\u0103tor de lentile corective. Prima versiune a lentilei a fost inventat\u0103 de Bernard Maitenaz \u0219i lansat\u0103 \u00een 1959 \u0219i a fost prima lentil\u0103 progresiv\u0103 modern\u0103 pentru corectarea prezbiopiei. Lentila progresiv\u0103 se caracterizeaz\u0103 prin corectarea vederii de aproape, intermediare \u0219i \u00eendep\u0103rtate.<\/p>\n<p>Ideea<\/p>\n<p>C\u0103lc\u00e2nd pe urmele tat\u0103lui \u0219i ale bunicului s\u0103u, Bernard Maitenaz s-a al\u0103turat Soci\u00e9t\u00e9 des Lunetiers (care a devenit Essel \u0219i este acum Essilor) \u00een 1948 ca inginer cercet\u0103tor, dup\u0103 ce a ob\u021binut diplome de la \u00c9cole Nationale Sup\u00e9rieure des Arts et M\u00e9tiers \u0219i Institut d&#8217;Optique.[3] Ideea lentilei progresive i-a venit \u00een timp ce proba lentilele bifocale ale tat\u0103lui s\u0103u. Tranzi\u021bia brusc\u0103 de putere i se p\u0103rea nefireasc\u0103 \u0219i a considerat c\u0103 este mai ra\u021bional s\u0103 foloseasc\u0103 o lentil\u0103 care s\u0103 corecteze vederea la distan\u021b\u0103 pe por\u021biunea superioar\u0103 a lentilei, vederea intermediar\u0103 pe partea medie \u0219i vederea de aproape pe partea inferioar\u0103.<\/p>\n<p>Pe 2 martie 1951, Bernard Maitenaz a depus un plic la Institutul Na\u021bional de Proprietate Industrial\u0103 din Fran\u021ba, care includea patru desene \u0219i date mecanice[4] care ar face posibil\u0103 fabricarea lentilei progresive moderne. Pe 25 noiembrie 1953, Essel a depus un prim brevet pentru inven\u021bia sa.[5]<\/p>\n<p>Prima lentil\u0103 progresiv\u0103<br \/>\nDup\u0103 brevete \u0219i calcule, acest tip de lentil\u0103 progresiv\u0103 p\u0103rea posibil, dar \u00eenc\u0103 nu fusese fabricat\u0103. Maitenaz \u0219i echipa sa au \u00eenceput s\u0103 produc\u0103 lentile progresive folosind o varietate de tehnici improvizate, iar p\u00e2n\u0103 \u00een 1958, Essel dezvoltase utilaje capabile s\u0103 le produc\u0103 \u00een mas\u0103.<\/p>\n<p>Dup\u0103 testarea rezultatelor pe 46 de persoane \u00een ianuarie 1959, 5 au dat r\u0103spunsuri excelente, 29 de r\u0103spunsuri bune, 2 r\u0103spunsuri medii \u0219i 10 r\u0103spunsuri slabe.<\/p>\n<p>&nbsp;<\/p>\n<p>Sursa :\u00a0<a href=\"https:\/\/en.wikipedia.org\/wiki\/Varilux\" target=\"_blank\" rel=\"noopener\">https:\/\/en.wikipedia.org\/wiki\/Varilux<\/a><\/p>\n<p>&nbsp;<\/p>\n<p>Essilor Varilux Comfort 3.0 Transitions este o lentila progresiva heliomatica disponibila intr-o gama variata de culori.<\/p>\n","protected":false},"excerpt":{"rendered":"<div class=\"wpforms-container wpforms-render-modern\" id=\"wpforms-1668\">\n<form id=\"wpforms-form-1668\" class=\"wpforms-validate wpforms-form wpforms-ajax-form\" data-formid=\"1668\" method=\"post\" enctype=\"multipart\/form-data\" action=\"\/en\/wp-json\/wp\/v2\/product\/1895\" data-token=\"d48d3e86ee60262c28305deb615d13a1\" data-token-time=\"1777493815\"><noscript class=\"wpforms-error-noscript\">Please enable JavaScript in your browser to complete this form.<\/noscript><\/p>\n<div id=\"wpforms-error-noscript\" style=\"display: none;\">Please enable JavaScript in your browser to complete this form.<\/div>\n<div class=\"wpforms-field-container\">\n<div id=\"wpforms-1668-field_1-container\" class=\"wpforms-field wpforms-field-number\" data-field-id=\"1\"><label class=\"wpforms-field-label\" for=\"wpforms-1668-field_1\">Sfera<\/label><input type=\"number\" id=\"wpforms-1668-field_1\" class=\"wpforms-field-small\" name=\"wpforms[fields][1]\" step=\"any\" aria-errormessage=\"wpforms-1668-field_1-error\" ><\/div>\n<div id=\"wpforms-1668-field_2-container\" class=\"wpforms-field wpforms-field-number\" data-field-id=\"2\"><label class=\"wpforms-field-label\" for=\"wpforms-1668-field_2\">Cilindru<\/label><input type=\"number\" id=\"wpforms-1668-field_2\" class=\"wpforms-field-small\" name=\"wpforms[fields][2]\" step=\"any\" aria-errormessage=\"wpforms-1668-field_2-error\" ><\/div>\n<div id=\"wpforms-1668-field_6-container\"\n\t\t\tclass=\"wpforms-field wpforms-field-text\"\n\t\t\tdata-field-type=\"text\"\n\t\t\tdata-field-id=\"6\"\n\t\t\t><br \/>\n\t\t\t<label class=\"wpforms-field-label\" for=\"wpforms-1668-field_6\" >Distan\u021ba Sfera Cilindru<\/label><br \/>\n\t\t\t<input type=\"text\" id=\"wpforms-1668-field_6\" class=\"wpforms-field-medium\" name=\"wpforms[fields][6]\" >\n\t\t<\/div>\n<div id=\"wpforms-1668-field_3-container\" class=\"wpforms-field wpforms-field-number\" data-field-id=\"3\"><label class=\"wpforms-field-label\" for=\"wpforms-1668-field_3\">Ax<\/label><input type=\"number\" id=\"wpforms-1668-field_3\" class=\"wpforms-field-small\" name=\"wpforms[fields][3]\" step=\"any\" aria-errormessage=\"wpforms-1668-field_3-error\" ><\/div>\n<div id=\"wpforms-1668-field_4-container\" class=\"wpforms-field wpforms-field-number\" data-field-id=\"4\"><label class=\"wpforms-field-label\" for=\"wpforms-1668-field_4\">Adi\u021bie<\/label><input type=\"number\" id=\"wpforms-1668-field_4\" class=\"wpforms-field-small\" name=\"wpforms[fields][4]\" step=\"any\" aria-errormessage=\"wpforms-1668-field_4-error\" ><\/div>\n<div id=\"wpforms-1668-field_5-container\" class=\"wpforms-field wpforms-field-number\" data-field-id=\"5\"><label class=\"wpforms-field-label\" for=\"wpforms-1668-field_5\">Distan\u021ba interpupilar\u0103<\/label><input type=\"number\" id=\"wpforms-1668-field_5\" class=\"wpforms-field-small\" name=\"wpforms[fields][5]\" step=\"any\" aria-errormessage=\"wpforms-1668-field_5-error\" ><\/div>\n<p><script>\n\t\t\t\t( function() {\n\t\t\t\t\tconst style = document.createElement( 'style' );\n\t\t\t\t\tstyle.appendChild( document.createTextNode( '#wpforms-1668-field_6-container { position: absolute !important; overflow: hidden !important; display: inline !important; height: 1px !important; width: 1px !important; z-index: -1000 !important; padding: 0 !important; } #wpforms-1668-field_6-container input { visibility: hidden; } #wpforms-conversational-form-page #wpforms-1668-field_6-container label { counter-increment: none; }' ) );\n\t\t\t\t\tdocument.head.appendChild( style );\n\t\t\t\t\tdocument.currentScript?.remove();\n\t\t\t\t} )();\n\t\t\t<\/script><\/div>\n<p><!-- .wpforms-field-container --><\/p>\n<div class=\"wpforms-submit-container\" ><input type=\"hidden\" name=\"wpforms[id]\" value=\"1668\"><input type=\"hidden\" name=\"page_title\" value=\"\"><input type=\"hidden\" name=\"page_url\" value=\"https:\/\/materoptica.ro\/en\/wp-json\/wp\/v2\/product\/1895\"><input type=\"hidden\" name=\"url_referer\" value=\"\"><button type=\"submit\" name=\"wpforms[submit]\" id=\"wpforms-submit-1668\" class=\"wpforms-submit\" data-alt-text=\"Sending...\" data-submit-text=\"Submit\" aria-live=\"assertive\" value=\"wpforms-submit\">Submit<\/button><img decoding=\"async\" src=\"https:\/\/materoptica.ro\/wp-content\/plugins\/wpforms-lite\/assets\/images\/submit-spin.svg\" class=\"wpforms-submit-spinner\" style=\"display: none;\" width=\"26\" height=\"26\" alt=\"Loading\"><\/div>\n<\/form>\n<\/div>\n<p>  <!-- .wpforms-container --><\/p>\n<h1>Essilor Varilux Comfort 3.0 Transitions<\/h1>\n<p>Pentru comenzi lentile ochelari de vedere cu dioptrie va rugam sa ne trimiteti o poza dupa reteta dumneavoastra la adresa de mail materoptica@yahoo.com<\/p>\n","protected":false},"featured_media":1893,"comment_status":"closed","ping_status":"closed","template":"","meta":[],"product_brand":[66],"product_cat":[55,50],"product_tag":[],"class_list":{"0":"post-1895","1":"product","2":"type-product","3":"status-publish","4":"has-post-thumbnail","6":"product_brand-essilor","7":"product_cat-lentile-ochelari-progresive-heliomatice-filtru-pc","8":"product_cat-lentile-ochelari-de-vedere","10":"first","11":"instock","12":"shipping-taxable","13":"purchasable","14":"product-type-variable","15":"has-default-attributes"},"_links":{"self":[{"href":"https:\/\/materoptica.ro\/en\/wp-json\/wp\/v2\/product\/1895","targetHints":{"allow":["GET"]}}],"collection":[{"href":"https:\/\/materoptica.ro\/en\/wp-json\/wp\/v2\/product"}],"about":[{"href":"https:\/\/materoptica.ro\/en\/wp-json\/wp\/v2\/types\/product"}],"replies":[{"embeddable":true,"href":"https:\/\/materoptica.ro\/en\/wp-json\/wp\/v2\/comments?post=1895"}],"wp:featuredmedia":[{"embeddable":true,"href":"https:\/\/materoptica.ro\/en\/wp-json\/wp\/v2\/media\/1893"}],"wp:attachment":[{"href":"https:\/\/materoptica.ro\/en\/wp-json\/wp\/v2\/media?parent=1895"}],"wp:term":[{"taxonomy":"product_brand","embeddable":true,"href":"https:\/\/materoptica.ro\/en\/wp-json\/wp\/v2\/product_brand?post=1895"},{"taxonomy":"product_cat","embeddable":true,"href":"https:\/\/materoptica.ro\/en\/wp-json\/wp\/v2\/product_cat?post=1895"},{"taxonomy":"product_tag","embeddable":true,"href":"https:\/\/materoptica.ro\/en\/wp-json\/wp\/v2\/product_tag?post=1895"}],"curies":[{"name":"wp","href":"https:\/\/api.w.org\/{rel}","templated":true}]}}