{"id":2707,"date":"2026-04-03T09:20:26","date_gmt":"2026-04-03T09:20:26","guid":{"rendered":"https:\/\/materoptica.ro\/?post_type=product&#038;p=2707"},"modified":"2026-04-03T11:03:29","modified_gmt":"2026-04-03T11:03:29","slug":"dolcegabbana-dg5025-504","status":"publish","type":"product","link":"https:\/\/materoptica.ro\/en\/product\/dolcegabbana-dg5025-504\/","title":{"rendered":"Dolce&#038;Gabbana DG5025 504"},"content":{"rendered":"<p>Pute\u021bi s\u0103 ad\u0103uga\u021bi lentile pentru ochelari de vedere la aceast\u0103 ram\u0103 acces\u00e2nd link-ul :\u00a0<a href=\"https:\/\/materoptica.ro\/en\/lentile-ochelari-de-vedere\/\">https:\/\/materoptica.ro\/lentile-ochelari-de-vedere\/<\/a><\/p>\n<p>&nbsp;<\/p>\n<h1>Dolce&amp;Gabbana DG5025 504<\/h1>\n<p>&nbsp;<\/p>\n<p>Ram\u0103 Ochelari Vedere Dolce&amp;Gabbana DG5025 504<\/p>\n<p>Ram\u0103 Ochelari Vedere Pentru Femei<\/p>\n<p>Culoare 504\u00a0&#8211; Gri transparent<\/p>\n<p>&nbsp;<\/p>\n<p>Puteti sa vizualizati mai multe modele ochelari vedere Dolce&amp;Gabbana accesand linkul:<\/p>\n<p><a href=\"https:\/\/materoptica.ro\/en\/rame-ochelari-vedere\/dolcegabbana\/\">https:\/\/materoptica.ro\/rame-ochelari-vedere\/dolcegabbana\/<\/a><\/p>\n<p>&nbsp;<\/p>\n<p><b>Dolce &amp; Gabbana<\/b>\u00a0este o\u00a0<a class=\"new\" title=\"Cas\u0103 de mod\u0103 \u2014 pagin\u0103 inexistent\u0103\" href=\"https:\/\/ro.wikipedia.org\/w\/index.php?title=Cas%C4%83_de_mod%C4%83&amp;action=edit&amp;redlink=1\" target=\"_blank\" rel=\"noopener\">cas\u0103 de mod\u0103<\/a>\u00a0din Italia, care produce bunuri de lux. Compania a fost fondat\u0103 de designerii italieni\u00a0<a class=\"new\" title=\"Domenico Dolce \u2014 pagin\u0103 inexistent\u0103\" href=\"https:\/\/ro.wikipedia.org\/w\/index.php?title=Domenico_Dolce&amp;action=edit&amp;redlink=1\" target=\"_blank\" rel=\"noopener\">Domenico Dolce<\/a>\u00a0\u0219i\u00a0<a class=\"new\" title=\"Stefano Gabbana \u2014 pagin\u0103 inexistent\u0103\" href=\"https:\/\/ro.wikipedia.org\/w\/index.php?title=Stefano_Gabbana&amp;action=edit&amp;redlink=1\" target=\"_blank\" rel=\"noopener\">Stefano Gabbana<\/a>\u00a0\u00een Milano, Italia.<\/p>\n<p>Deja \u00een 2005 cifra lor de afaceri era de 597 milioane \u20ac. Domenico Dolce s-a n\u0103scut pe 13 septembrie 1958 \u00een Polizzi Generosa,\u00a0<a title=\"Sicilia\" href=\"https:\/\/ro.wikipedia.org\/wiki\/Sicilia\" target=\"_blank\" rel=\"noopener\">Sicilia<\/a>. Stefano Gabbana s-a n\u0103scut pe 14 noiembrie 1962 \u00een Vene\u021bia, dar alte surse spun c\u0103 ar fi Milano. Cei doi s-au \u00eent\u00e2lnit \u00een\u00a0<a title=\"Milano\" href=\"https:\/\/ro.wikipedia.org\/wiki\/Milano\" target=\"_blank\" rel=\"noopener\">Milano<\/a>\u00a0unde lucrau pentru aceea\u0219i cas\u0103 de mod\u0103. \u00cen 1982 cei doi au deschis un birou de consult\u0103ri \u00een privin\u021ba designului. \u00cen timp a crescut \u0219i a devenit \u201eDolce &amp; Gabbana\u201d. \u0218i-au prezentat prima colec\u021bie pentru femei \u00een 1985 \u00een Milano, iar un an mai t\u00e2rziu \u0219i-au deschis primul magazin.<\/p>\n<p>Doi ani mai t\u00e2rziu au lansat linia lor de tricouri, iar \u00een 1989 au \u00eenceput proiectarea de lenjerie intim\u0103 \u0219i costume de \u00eenot (Domenico). Dolce \u0219i Gabbana au \u00eenceput s\u0103 exporte produsele lor \u00een\u00a0<a title=\"Japonia\" href=\"https:\/\/ro.wikipedia.org\/wiki\/Japonia\" target=\"_blank\" rel=\"noopener\">Japonia<\/a>\u00a0\u0219i \u00een alte \u021b\u0103ri cum ar fi\u00a0<a title=\"Statele Unite ale Americii\" href=\"https:\/\/ro.wikipedia.org\/wiki\/Statele_Unite_ale_Americii\" target=\"_blank\" rel=\"noopener\">SUA<\/a>, unde au f\u0103cut propriile showroom-uri \u00een 1990. \u00cen acela\u0219i an au prezentat colec\u021bia pentru b\u0103rba\u021bi. \u0218i-au lansat primul parfum Dolce &amp; Gabbana \u00een 1992.<\/p>\n<p>Sursa:\u00a0<a href=\"https:\/\/ro.wikipedia.org\/wiki\/Dolce_%26_Gabbana\" target=\"_blank\" rel=\"noopener\">https:\/\/ro.wikipedia.org\/wiki\/Dolce_%26_Gabbana<\/a><\/p>","protected":false},"excerpt":{"rendered":"<p>Ram\u0103 Ochelari Vedere Dolce&amp;Gabbana DG5025 504<\/p>\n<p>Ram\u0103 Ochelari Vedere Pentru Femei<\/p>\n<p>Culoare 504\u00a0&#8211; Gri transparent<\/p>","protected":false},"featured_media":2709,"comment_status":"closed","ping_status":"closed","template":"","meta":[],"product_brand":[26],"product_cat":[22,25],"product_tag":[],"class_list":{"0":"post-2707","1":"product","2":"type-product","3":"status-publish","4":"has-post-thumbnail","6":"product_brand-dolcegabbana","7":"product_cat-rame-ochelari-de-vedere","8":"product_cat-dolcegabbana","10":"first","11":"instock","12":"shipping-taxable","13":"purchasable","14":"product-type-variable","15":"has-default-attributes"},"_links":{"self":[{"href":"https:\/\/materoptica.ro\/en\/wp-json\/wp\/v2\/product\/2707","targetHints":{"allow":["GET"]}}],"collection":[{"href":"https:\/\/materoptica.ro\/en\/wp-json\/wp\/v2\/product"}],"about":[{"href":"https:\/\/materoptica.ro\/en\/wp-json\/wp\/v2\/types\/product"}],"replies":[{"embeddable":true,"href":"https:\/\/materoptica.ro\/en\/wp-json\/wp\/v2\/comments?post=2707"}],"wp:featuredmedia":[{"embeddable":true,"href":"https:\/\/materoptica.ro\/en\/wp-json\/wp\/v2\/media\/2709"}],"wp:attachment":[{"href":"https:\/\/materoptica.ro\/en\/wp-json\/wp\/v2\/media?parent=2707"}],"wp:term":[{"taxonomy":"product_brand","embeddable":true,"href":"https:\/\/materoptica.ro\/en\/wp-json\/wp\/v2\/product_brand?post=2707"},{"taxonomy":"product_cat","embeddable":true,"href":"https:\/\/materoptica.ro\/en\/wp-json\/wp\/v2\/product_cat?post=2707"},{"taxonomy":"product_tag","embeddable":true,"href":"https:\/\/materoptica.ro\/en\/wp-json\/wp\/v2\/product_tag?post=2707"}],"curies":[{"name":"wp","href":"https:\/\/api.w.org\/{rel}","templated":true}]}}