{"id":3263,"date":"2026-04-26T10:09:00","date_gmt":"2026-04-26T10:09:00","guid":{"rendered":"https:\/\/materoptica.ro\/?post_type=product&#038;p=3263"},"modified":"2026-04-26T10:10:10","modified_gmt":"2026-04-26T10:10:10","slug":"ray-ban-rx3767v-3207","status":"publish","type":"product","link":"https:\/\/materoptica.ro\/en\/product\/ray-ban-rx3767v-3207\/","title":{"rendered":"Ray Ban RX3767V 3207"},"content":{"rendered":"<p>Pute\u021bi s\u0103 ad\u0103uga\u021bi lentile pentru ochelari de vedere la aceast\u0103 ram\u0103 acces\u00e2nd link-ul :\u00a0<a href=\"https:\/\/materoptica.ro\/en\/lentile-ochelari-de-vedere\/\">https:\/\/materoptica.ro\/lentile-ochelari-de-vedere\/<\/a><\/p>\n<h1>Ray Ban RX3767V 3207<\/h1>","protected":false},"excerpt":{"rendered":"<div class=\"TileLensInfo__SingleProperty-sc-1usviyz-2 iTkapN tile\">\n<p class=\"CustomText__Text-fqxl4z-0 dJZdpq\" title=\"Culoare\">Culoare Roz deschis<\/p>\n<\/div>\n<div class=\"TileLensInfo__SingleProperty-sc-1usviyz-2 iTkapN tile\">\n<p class=\"CustomText__Text-fqxl4z-0 dJZdpq\" title=\"Material fa\u021b\u0103\">Material fa\u021b\u0103 Metal<\/p>\n<\/div>","protected":false},"featured_media":3266,"comment_status":"closed","ping_status":"closed","template":"","meta":[],"product_brand":[48],"product_cat":[22,49],"product_tag":[],"class_list":{"0":"post-3263","1":"product","2":"type-product","3":"status-publish","4":"has-post-thumbnail","6":"product_brand-ray-ban","7":"product_cat-rame-ochelari-de-vedere","8":"product_cat-ray-ban","10":"first","11":"instock","12":"shipping-taxable","13":"purchasable","14":"product-type-variable","15":"has-default-attributes"},"_links":{"self":[{"href":"https:\/\/materoptica.ro\/en\/wp-json\/wp\/v2\/product\/3263","targetHints":{"allow":["GET"]}}],"collection":[{"href":"https:\/\/materoptica.ro\/en\/wp-json\/wp\/v2\/product"}],"about":[{"href":"https:\/\/materoptica.ro\/en\/wp-json\/wp\/v2\/types\/product"}],"replies":[{"embeddable":true,"href":"https:\/\/materoptica.ro\/en\/wp-json\/wp\/v2\/comments?post=3263"}],"wp:featuredmedia":[{"embeddable":true,"href":"https:\/\/materoptica.ro\/en\/wp-json\/wp\/v2\/media\/3266"}],"wp:attachment":[{"href":"https:\/\/materoptica.ro\/en\/wp-json\/wp\/v2\/media?parent=3263"}],"wp:term":[{"taxonomy":"product_brand","embeddable":true,"href":"https:\/\/materoptica.ro\/en\/wp-json\/wp\/v2\/product_brand?post=3263"},{"taxonomy":"product_cat","embeddable":true,"href":"https:\/\/materoptica.ro\/en\/wp-json\/wp\/v2\/product_cat?post=3263"},{"taxonomy":"product_tag","embeddable":true,"href":"https:\/\/materoptica.ro\/en\/wp-json\/wp\/v2\/product_tag?post=3263"}],"curies":[{"name":"wp","href":"https:\/\/api.w.org\/{rel}","templated":true}]}}