{"id":694,"date":"2026-01-08T21:00:17","date_gmt":"2026-01-08T21:00:17","guid":{"rendered":"https:\/\/materoptica.ro\/?post_type=product&#038;p=694"},"modified":"2026-03-01T11:12:06","modified_gmt":"2026-03-01T11:12:06","slug":"armani-exchange-ax1034-6000","status":"publish","type":"product","link":"https:\/\/materoptica.ro\/en\/product\/armani-exchange-ax1034-6000\/","title":{"rendered":"Armani Exchange AX1034 6000"},"content":{"rendered":"<p>Pute\u021bi s\u0103 ad\u0103uga\u021bi lentile pentru ochelari de vedere la aceast\u0103 ram\u0103 acces\u00e2nd link-ul :\u00a0<a href=\"https:\/\/materoptica.ro\/lentile-ochelari-de-vedere\/\">https:\/\/materoptica.ro\/lentile-ochelari-de-vedere\/<\/a><\/p>\n<p>&nbsp;<\/p>\n<p>Rama Ochelari Vedere Armani Exchange AX1034 6000<\/p>\n<p>Rama Ochelari Vedere Femeie<\/p>\n<p>Culoare 6000\u00a0&#8211; Negru str\u0103lucitor<\/p>\n<p>&nbsp;<\/p>\n<p>Puteti sa vizualizati mai multe modele rame ochelari vedere <span class=\"Y2IQFc\" lang=\"ro\">Armani Exchange<\/span> accesand linkul:<\/p>\n<p><a href=\"https:\/\/materoptica.ro\/rame-ochelari-de-vedere\/armani-exchange\/\">https:\/\/materoptica.ro\/rame-ochelari-de-vedere\/armani-exchange\/<\/a><\/p>\n<p>&nbsp;<\/p>\n<p id=\"tw-target-text\" class=\"tw-data-text tw-text-large tw-ta\" dir=\"ltr\" tabindex=\"-1\" role=\"text\" data-placeholder=\"Translation\" data-ved=\"2ahUKEwjerLi0u_6SAxXARv4FHa_gJAUQ3ewLegQIBBAW\" aria-label=\"Translated text: A|X Armani Exchange a fost lansat \u00een 1991 \u00een Statele Unite. Comercializeaz\u0103 cu am\u0103nuntul produse de mod\u0103 \u0219i lifestyle inspirate de \u201ecultura street-chic\u201d \u0219i muzica dance. Se pozi\u021bioneaz\u0103 ca brandul Armani mai accesibil \u0219i a folosit ocazional publicitate provocatoare. Produsele A|X Armani Exchange sunt disponibile \u00een 270 de magazine din 31 de \u021b\u0103ri \u0219i pe site-ul web al brandului. Linia a fost unul dintre primii care au adoptat comunicarea \u0219i comer\u021bul online, lans\u00e2nd site-ul armaniexchange.com \u00een 1995 \u0219i introduc\u00e2nd v\u00e2nz\u0103rile online \u00een 1997.[69] Pentru a sprijini dezvoltarea liniei, Giorgio Armani a co-fondat compania mixt\u0103 Presidio Holdings Ltd \u00een 2005 al\u0103turi de Como Holdings, compania de\u021binut\u0103 de omul de afaceri singaporez Ong Beng Seng, care de\u021binea licen\u021ba de produc\u021bie \u0219i distribu\u021bie pentru A|X Armani Exchange \u00een Statele Unite, Canada, America Central\u0103 \u0219i de Sud \u0219i Asia-Pacific din 1994. P\u00e2n\u0103 \u00een 2006, A|X Armani Exchange a lansat o linie de ochelari de soare sub licen\u021b\u0103 cu Safilo.[70] Ini\u021bial, Giorgio Armani de\u021binea 25% din Presidio Holdings, restul de 75% fiind de\u021binut de Como Holdings. \u00cen 2008, Giorgio Armani a achizi\u021bionat o participa\u021bie suplimentar\u0103 de 25%. \u00cen 2014, a achizi\u021bionat restul de 50%, ob\u021bin\u00e2nd proprietatea deplin\u0103 asupra m\u0103rcii, care avea atunci 270 de magazine \u0219i peste 3.000 de angaja\u021bi, potrivit unui comunicat al companiei. \u00cen 2008, A|X Armani Exchange \u0219i-a reproiectat logo-ul.[71] Ca parte a unui plan de relansare \u0219i repozi\u021bionare ini\u021biat \u00een 2014, colec\u021bia a fost introdus\u0103 treptat \u00een Europa.[72] Campaniile A|X Armani Exchange au inclus-o pe Cara Delevingne (2017), Martin Garrix (2017) \u0219i Li Yifeng (2017).\"><span class=\"Y2IQFc\" lang=\"ro\">A|X Armani Exchange a fost lansat \u00een 1991 \u00een Statele Unite. <\/span><\/p>\n<p class=\"tw-data-text tw-text-large tw-ta\" dir=\"ltr\" tabindex=\"-1\" role=\"text\" data-placeholder=\"Translation\" data-ved=\"2ahUKEwjerLi0u_6SAxXARv4FHa_gJAUQ3ewLegQIBBAW\" aria-label=\"Translated text: A|X Armani Exchange a fost lansat \u00een 1991 \u00een Statele Unite. Comercializeaz\u0103 cu am\u0103nuntul produse de mod\u0103 \u0219i lifestyle inspirate de \u201ecultura street-chic\u201d \u0219i muzica dance. Se pozi\u021bioneaz\u0103 ca brandul Armani mai accesibil \u0219i a folosit ocazional publicitate provocatoare. Produsele A|X Armani Exchange sunt disponibile \u00een 270 de magazine din 31 de \u021b\u0103ri \u0219i pe site-ul web al brandului. Linia a fost unul dintre primii care au adoptat comunicarea \u0219i comer\u021bul online, lans\u00e2nd site-ul armaniexchange.com \u00een 1995 \u0219i introduc\u00e2nd v\u00e2nz\u0103rile online \u00een 1997.[69] Pentru a sprijini dezvoltarea liniei, Giorgio Armani a co-fondat compania mixt\u0103 Presidio Holdings Ltd \u00een 2005 al\u0103turi de Como Holdings, compania de\u021binut\u0103 de omul de afaceri singaporez Ong Beng Seng, care de\u021binea licen\u021ba de produc\u021bie \u0219i distribu\u021bie pentru A|X Armani Exchange \u00een Statele Unite, Canada, America Central\u0103 \u0219i de Sud \u0219i Asia-Pacific din 1994. P\u00e2n\u0103 \u00een 2006, A|X Armani Exchange a lansat o linie de ochelari de soare sub licen\u021b\u0103 cu Safilo.[70] Ini\u021bial, Giorgio Armani de\u021binea 25% din Presidio Holdings, restul de 75% fiind de\u021binut de Como Holdings. \u00cen 2008, Giorgio Armani a achizi\u021bionat o participa\u021bie suplimentar\u0103 de 25%. \u00cen 2014, a achizi\u021bionat restul de 50%, ob\u021bin\u00e2nd proprietatea deplin\u0103 asupra m\u0103rcii, care avea atunci 270 de magazine \u0219i peste 3.000 de angaja\u021bi, potrivit unui comunicat al companiei. \u00cen 2008, A|X Armani Exchange \u0219i-a reproiectat logo-ul.[71] Ca parte a unui plan de relansare \u0219i repozi\u021bionare ini\u021biat \u00een 2014, colec\u021bia a fost introdus\u0103 treptat \u00een Europa.[72] Campaniile A|X Armani Exchange au inclus-o pe Cara Delevingne (2017), Martin Garrix (2017) \u0219i Li Yifeng (2017).\"><span class=\"Y2IQFc\" lang=\"ro\">Comercializeaz\u0103 cu am\u0103nuntul produse de mod\u0103 \u0219i lifestyle inspirate de \u201ecultura street-chic\u201d \u0219i muzica dance. Se pozi\u021bioneaz\u0103 ca brandul Armani mai accesibil \u0219i a folosit ocazional publicitate provocatoare. <\/span><\/p>\n<p class=\"tw-data-text tw-text-large tw-ta\" dir=\"ltr\" tabindex=\"-1\" role=\"text\" data-placeholder=\"Translation\" data-ved=\"2ahUKEwjerLi0u_6SAxXARv4FHa_gJAUQ3ewLegQIBBAW\" aria-label=\"Translated text: A|X Armani Exchange a fost lansat \u00een 1991 \u00een Statele Unite. Comercializeaz\u0103 cu am\u0103nuntul produse de mod\u0103 \u0219i lifestyle inspirate de \u201ecultura street-chic\u201d \u0219i muzica dance. Se pozi\u021bioneaz\u0103 ca brandul Armani mai accesibil \u0219i a folosit ocazional publicitate provocatoare. Produsele A|X Armani Exchange sunt disponibile \u00een 270 de magazine din 31 de \u021b\u0103ri \u0219i pe site-ul web al brandului. Linia a fost unul dintre primii care au adoptat comunicarea \u0219i comer\u021bul online, lans\u00e2nd site-ul armaniexchange.com \u00een 1995 \u0219i introduc\u00e2nd v\u00e2nz\u0103rile online \u00een 1997.[69] Pentru a sprijini dezvoltarea liniei, Giorgio Armani a co-fondat compania mixt\u0103 Presidio Holdings Ltd \u00een 2005 al\u0103turi de Como Holdings, compania de\u021binut\u0103 de omul de afaceri singaporez Ong Beng Seng, care de\u021binea licen\u021ba de produc\u021bie \u0219i distribu\u021bie pentru A|X Armani Exchange \u00een Statele Unite, Canada, America Central\u0103 \u0219i de Sud \u0219i Asia-Pacific din 1994. P\u00e2n\u0103 \u00een 2006, A|X Armani Exchange a lansat o linie de ochelari de soare sub licen\u021b\u0103 cu Safilo.[70] Ini\u021bial, Giorgio Armani de\u021binea 25% din Presidio Holdings, restul de 75% fiind de\u021binut de Como Holdings. \u00cen 2008, Giorgio Armani a achizi\u021bionat o participa\u021bie suplimentar\u0103 de 25%. \u00cen 2014, a achizi\u021bionat restul de 50%, ob\u021bin\u00e2nd proprietatea deplin\u0103 asupra m\u0103rcii, care avea atunci 270 de magazine \u0219i peste 3.000 de angaja\u021bi, potrivit unui comunicat al companiei. \u00cen 2008, A|X Armani Exchange \u0219i-a reproiectat logo-ul.[71] Ca parte a unui plan de relansare \u0219i repozi\u021bionare ini\u021biat \u00een 2014, colec\u021bia a fost introdus\u0103 treptat \u00een Europa.[72] Campaniile A|X Armani Exchange au inclus-o pe Cara Delevingne (2017), Martin Garrix (2017) \u0219i Li Yifeng (2017).\"><span class=\"Y2IQFc\" lang=\"ro\">Produsele A|X Armani Exchange sunt disponibile \u00een 270 de magazine din 31 de \u021b\u0103ri \u0219i pe site-ul web al brandului. Linia a fost unul dintre primii care au adoptat comunicarea \u0219i comer\u021bul online, lans\u00e2nd site-ul armaniexchange.com \u00een 1995 \u0219i introduc\u00e2nd v\u00e2nz\u0103rile online \u00een 1997.[69] <\/span><\/p>\n<p class=\"tw-data-text tw-text-large tw-ta\" dir=\"ltr\" tabindex=\"-1\" role=\"text\" data-placeholder=\"Translation\" data-ved=\"2ahUKEwjerLi0u_6SAxXARv4FHa_gJAUQ3ewLegQIBBAW\" aria-label=\"Translated text: A|X Armani Exchange a fost lansat \u00een 1991 \u00een Statele Unite. Comercializeaz\u0103 cu am\u0103nuntul produse de mod\u0103 \u0219i lifestyle inspirate de \u201ecultura street-chic\u201d \u0219i muzica dance. Se pozi\u021bioneaz\u0103 ca brandul Armani mai accesibil \u0219i a folosit ocazional publicitate provocatoare. Produsele A|X Armani Exchange sunt disponibile \u00een 270 de magazine din 31 de \u021b\u0103ri \u0219i pe site-ul web al brandului. Linia a fost unul dintre primii care au adoptat comunicarea \u0219i comer\u021bul online, lans\u00e2nd site-ul armaniexchange.com \u00een 1995 \u0219i introduc\u00e2nd v\u00e2nz\u0103rile online \u00een 1997.[69] Pentru a sprijini dezvoltarea liniei, Giorgio Armani a co-fondat compania mixt\u0103 Presidio Holdings Ltd \u00een 2005 al\u0103turi de Como Holdings, compania de\u021binut\u0103 de omul de afaceri singaporez Ong Beng Seng, care de\u021binea licen\u021ba de produc\u021bie \u0219i distribu\u021bie pentru A|X Armani Exchange \u00een Statele Unite, Canada, America Central\u0103 \u0219i de Sud \u0219i Asia-Pacific din 1994. P\u00e2n\u0103 \u00een 2006, A|X Armani Exchange a lansat o linie de ochelari de soare sub licen\u021b\u0103 cu Safilo.[70] Ini\u021bial, Giorgio Armani de\u021binea 25% din Presidio Holdings, restul de 75% fiind de\u021binut de Como Holdings. \u00cen 2008, Giorgio Armani a achizi\u021bionat o participa\u021bie suplimentar\u0103 de 25%. \u00cen 2014, a achizi\u021bionat restul de 50%, ob\u021bin\u00e2nd proprietatea deplin\u0103 asupra m\u0103rcii, care avea atunci 270 de magazine \u0219i peste 3.000 de angaja\u021bi, potrivit unui comunicat al companiei. \u00cen 2008, A|X Armani Exchange \u0219i-a reproiectat logo-ul.[71] Ca parte a unui plan de relansare \u0219i repozi\u021bionare ini\u021biat \u00een 2014, colec\u021bia a fost introdus\u0103 treptat \u00een Europa.[72] Campaniile A|X Armani Exchange au inclus-o pe Cara Delevingne (2017), Martin Garrix (2017) \u0219i Li Yifeng (2017).\"><span class=\"Y2IQFc\" lang=\"ro\">Pentru a sprijini dezvoltarea liniei, Giorgio Armani a co-fondat compania mixt\u0103 Presidio Holdings Ltd \u00een 2005 al\u0103turi de Como Holdings, compania de\u021binut\u0103 de omul de afaceri singaporez Ong Beng Seng, care de\u021binea licen\u021ba de produc\u021bie \u0219i distribu\u021bie pentru A|X Armani Exchange \u00een Statele Unite, Canada, America Central\u0103 \u0219i de Sud \u0219i Asia-Pacific din 1994. P\u00e2n\u0103 \u00een 2006, A|X Armani Exchange a lansat o linie de ochelari de soare sub licen\u021b\u0103 cu Safilo. Ast\u0103zi ochelarii A|X Armani Exchange sunt produsi de EssilorLuxottica.[70] <\/span><\/p>\n<p class=\"tw-data-text tw-text-large tw-ta\" dir=\"ltr\" tabindex=\"-1\" role=\"text\" data-placeholder=\"Translation\" data-ved=\"2ahUKEwjerLi0u_6SAxXARv4FHa_gJAUQ3ewLegQIBBAW\" aria-label=\"Translated text: A|X Armani Exchange a fost lansat \u00een 1991 \u00een Statele Unite. Comercializeaz\u0103 cu am\u0103nuntul produse de mod\u0103 \u0219i lifestyle inspirate de \u201ecultura street-chic\u201d \u0219i muzica dance. Se pozi\u021bioneaz\u0103 ca brandul Armani mai accesibil \u0219i a folosit ocazional publicitate provocatoare. Produsele A|X Armani Exchange sunt disponibile \u00een 270 de magazine din 31 de \u021b\u0103ri \u0219i pe site-ul web al brandului. Linia a fost unul dintre primii care au adoptat comunicarea \u0219i comer\u021bul online, lans\u00e2nd site-ul armaniexchange.com \u00een 1995 \u0219i introduc\u00e2nd v\u00e2nz\u0103rile online \u00een 1997.[69] Pentru a sprijini dezvoltarea liniei, Giorgio Armani a co-fondat compania mixt\u0103 Presidio Holdings Ltd \u00een 2005 al\u0103turi de Como Holdings, compania de\u021binut\u0103 de omul de afaceri singaporez Ong Beng Seng, care de\u021binea licen\u021ba de produc\u021bie \u0219i distribu\u021bie pentru A|X Armani Exchange \u00een Statele Unite, Canada, America Central\u0103 \u0219i de Sud \u0219i Asia-Pacific din 1994. P\u00e2n\u0103 \u00een 2006, A|X Armani Exchange a lansat o linie de ochelari de soare sub licen\u021b\u0103 cu Safilo.[70] Ini\u021bial, Giorgio Armani de\u021binea 25% din Presidio Holdings, restul de 75% fiind de\u021binut de Como Holdings. \u00cen 2008, Giorgio Armani a achizi\u021bionat o participa\u021bie suplimentar\u0103 de 25%. \u00cen 2014, a achizi\u021bionat restul de 50%, ob\u021bin\u00e2nd proprietatea deplin\u0103 asupra m\u0103rcii, care avea atunci 270 de magazine \u0219i peste 3.000 de angaja\u021bi, potrivit unui comunicat al companiei. \u00cen 2008, A|X Armani Exchange \u0219i-a reproiectat logo-ul.[71] Ca parte a unui plan de relansare \u0219i repozi\u021bionare ini\u021biat \u00een 2014, colec\u021bia a fost introdus\u0103 treptat \u00een Europa.[72] Campaniile A|X Armani Exchange au inclus-o pe Cara Delevingne (2017), Martin Garrix (2017) \u0219i Li Yifeng (2017).\"><span class=\"Y2IQFc\" lang=\"ro\">Ini\u021bial, Giorgio Armani de\u021binea 25% din Presidio Holdings, restul de 75% fiind de\u021binut de Como Holdings. \u00cen 2008, Giorgio Armani a achizi\u021bionat o participa\u021bie suplimentar\u0103 de 25%. \u00cen 2014, a achizi\u021bionat restul de 50%, ob\u021bin\u00e2nd proprietatea deplin\u0103 asupra m\u0103rcii, care avea atunci 270 de magazine \u0219i peste 3.000 de angaja\u021bi, potrivit unui comunicat al companiei. <\/span><\/p>\n<p class=\"tw-data-text tw-text-large tw-ta\" dir=\"ltr\" tabindex=\"-1\" role=\"text\" data-placeholder=\"Translation\" data-ved=\"2ahUKEwjerLi0u_6SAxXARv4FHa_gJAUQ3ewLegQIBBAW\" aria-label=\"Translated text: A|X Armani Exchange a fost lansat \u00een 1991 \u00een Statele Unite. Comercializeaz\u0103 cu am\u0103nuntul produse de mod\u0103 \u0219i lifestyle inspirate de \u201ecultura street-chic\u201d \u0219i muzica dance. Se pozi\u021bioneaz\u0103 ca brandul Armani mai accesibil \u0219i a folosit ocazional publicitate provocatoare. Produsele A|X Armani Exchange sunt disponibile \u00een 270 de magazine din 31 de \u021b\u0103ri \u0219i pe site-ul web al brandului. Linia a fost unul dintre primii care au adoptat comunicarea \u0219i comer\u021bul online, lans\u00e2nd site-ul armaniexchange.com \u00een 1995 \u0219i introduc\u00e2nd v\u00e2nz\u0103rile online \u00een 1997.[69] Pentru a sprijini dezvoltarea liniei, Giorgio Armani a co-fondat compania mixt\u0103 Presidio Holdings Ltd \u00een 2005 al\u0103turi de Como Holdings, compania de\u021binut\u0103 de omul de afaceri singaporez Ong Beng Seng, care de\u021binea licen\u021ba de produc\u021bie \u0219i distribu\u021bie pentru A|X Armani Exchange \u00een Statele Unite, Canada, America Central\u0103 \u0219i de Sud \u0219i Asia-Pacific din 1994. P\u00e2n\u0103 \u00een 2006, A|X Armani Exchange a lansat o linie de ochelari de soare sub licen\u021b\u0103 cu Safilo.[70] Ini\u021bial, Giorgio Armani de\u021binea 25% din Presidio Holdings, restul de 75% fiind de\u021binut de Como Holdings. \u00cen 2008, Giorgio Armani a achizi\u021bionat o participa\u021bie suplimentar\u0103 de 25%. \u00cen 2014, a achizi\u021bionat restul de 50%, ob\u021bin\u00e2nd proprietatea deplin\u0103 asupra m\u0103rcii, care avea atunci 270 de magazine \u0219i peste 3.000 de angaja\u021bi, potrivit unui comunicat al companiei. \u00cen 2008, A|X Armani Exchange \u0219i-a reproiectat logo-ul.[71] Ca parte a unui plan de relansare \u0219i repozi\u021bionare ini\u021biat \u00een 2014, colec\u021bia a fost introdus\u0103 treptat \u00een Europa.[72] Campaniile A|X Armani Exchange au inclus-o pe Cara Delevingne (2017), Martin Garrix (2017) \u0219i Li Yifeng (2017).\"><span class=\"Y2IQFc\" lang=\"ro\">\u00cen 2008, A|X Armani Exchange \u0219i-a reproiectat logo-ul.[71] Ca parte a unui plan de relansare \u0219i repozi\u021bionare ini\u021biat \u00een 2014, colec\u021bia a fost introdus\u0103 treptat \u00een Europa.[72] Campaniile A|X Armani Exchange au inclus-o pe Cara Delevingne (2017), Martin Garrix (2017) \u0219i Li Yifeng (2017).<\/span><\/p>\n<p>Sursa:\u00a0<a href=\"https:\/\/en.wikipedia.org\/wiki\/Armani#Armani_Exchange\" target=\"_blank\" rel=\"noopener\">https:\/\/en.wikipedia.org\/wiki\/Armani#Armani_Exchange<\/a><\/p>\n<p>&nbsp;<\/p>\n<p># Armani Exchange AX1034 6000 # Rama Ochelari Vedere Armani Exchange AX1034 6000<\/p>\n","protected":false},"excerpt":{"rendered":"<p>Rama Ochelari Vedere Armani Exchange AX1034 6000<\/p>\n<p>Rama Ochelari Vedere Femeie<\/p>\n<p>Culoare 6000\u00a0&#8211; Negru str\u0103lucitor<\/p>","protected":false},"featured_media":695,"comment_status":"closed","ping_status":"closed","template":"","meta":[],"product_brand":[32],"product_cat":[31,22],"product_tag":[],"class_list":{"0":"post-694","1":"product","2":"type-product","3":"status-publish","4":"has-post-thumbnail","6":"product_brand-armani-exchange","7":"product_cat-armani-exchange","8":"product_cat-rame-ochelari-de-vedere","10":"first","11":"instock","12":"taxable","13":"shipping-taxable","14":"purchasable","15":"product-type-variable","16":"has-default-attributes"},"_links":{"self":[{"href":"https:\/\/materoptica.ro\/en\/wp-json\/wp\/v2\/product\/694","targetHints":{"allow":["GET"]}}],"collection":[{"href":"https:\/\/materoptica.ro\/en\/wp-json\/wp\/v2\/product"}],"about":[{"href":"https:\/\/materoptica.ro\/en\/wp-json\/wp\/v2\/types\/product"}],"replies":[{"embeddable":true,"href":"https:\/\/materoptica.ro\/en\/wp-json\/wp\/v2\/comments?post=694"}],"wp:featuredmedia":[{"embeddable":true,"href":"https:\/\/materoptica.ro\/en\/wp-json\/wp\/v2\/media\/695"}],"wp:attachment":[{"href":"https:\/\/materoptica.ro\/en\/wp-json\/wp\/v2\/media?parent=694"}],"wp:term":[{"taxonomy":"product_brand","embeddable":true,"href":"https:\/\/materoptica.ro\/en\/wp-json\/wp\/v2\/product_brand?post=694"},{"taxonomy":"product_cat","embeddable":true,"href":"https:\/\/materoptica.ro\/en\/wp-json\/wp\/v2\/product_cat?post=694"},{"taxonomy":"product_tag","embeddable":true,"href":"https:\/\/materoptica.ro\/en\/wp-json\/wp\/v2\/product_tag?post=694"}],"curies":[{"name":"wp","href":"https:\/\/api.w.org\/{rel}","templated":true}]}}