{"id":783,"date":"2026-01-09T20:20:44","date_gmt":"2026-01-09T20:20:44","guid":{"rendered":"https:\/\/materoptica.ro\/?post_type=product&#038;p=783"},"modified":"2026-03-01T10:10:12","modified_gmt":"2026-03-01T10:10:12","slug":"vogue-vo5519-w44","status":"publish","type":"product","link":"https:\/\/materoptica.ro\/en\/product\/vogue-vo5519-w44\/","title":{"rendered":"Vogue VO5519 W44"},"content":{"rendered":"<p>Pute\u021bi s\u0103 ad\u0103uga\u021bi lentile pentru ochelari de vedere la aceast\u0103 ram\u0103 acces\u00e2nd link-ul :\u00a0<a href=\"https:\/\/materoptica.ro\/lentile-ochelari-de-vedere\/\">https:\/\/materoptica.ro\/lentile-ochelari-de-vedere\/<\/a><\/p>\n<p>&nbsp;<\/p>\n<p>Rama Ochelari Vedere Vogue VO5519 W44<\/p>\n<p>Rama Ochelari Vedere Femeie<\/p>\n<p>Culoare W44\u00a0&#8211; Negru<\/p>\n<p>&nbsp;<\/p>\n<p>Puteti sa vizualizati mai multe modele rame ochelari vedere Vogue accesand linkul:<\/p>\n<p><a href=\"https:\/\/materoptica.ro\/rame-ochelari-vedere\/vogue\/\">https:\/\/materoptica.ro\/rame-ochelari-vedere\/vogue\/<\/a><\/p>\n<p>&nbsp;<\/p>\n<p>Vogue este o marca proprie a grupului Essilor Luxottica.<\/p>\n<p><b>EssilorLuxottica<\/b>\u00a0este o companie multina\u021bional\u0103 integrat\u0103 vertical franco-italian\u0103 cu sediul \u00een\u00a0<a title=\"Charenton-le-Pont\" href=\"https:\/\/ro.wikipedia.org\/wiki\/Charenton-le-Pont\" target=\"_blank\" rel=\"noopener\">Charenton-le-Pont<\/a>\u00a0l\u00e2ng\u0103\u00a0<a title=\"Paris\" href=\"https:\/\/ro.wikipedia.org\/wiki\/Paris\" target=\"_blank\" rel=\"noopener\">Paris<\/a>\u00a0\u0219i creat\u0103 la 1 octombrie 2018 prin fuziunea dintre Essilor din Fran\u021ba \u0219i Luxottica din Italia. Este unul dintre grupurile lider \u00een proiectarea, fabricarea \u0219i comercializarea lentilelor de contact, a dispozitivelor optice, a ochelarilor prescrip\u021bi \u0219i a ochelarilor de soare<sup id=\"cite_ref-2\" class=\"reference\"><a title=\"\" href=\"https:\/\/ro.wikipedia.org\/wiki\/EssilorLuxottica#cite_note-2\" target=\"_blank\" rel=\"noopener\"><span class=\"cite-bracket\">[<\/span>2<span class=\"cite-bracket\">]<\/span><\/a><\/sup>.<\/p>\n<p>Grupul are o cifr\u0103 de afaceri de 14 miliarde de euro \u0219i o valoare de pia\u021b\u0103 de 33 de miliarde de euro. Compania este listat\u0103 pe pia\u021ba\u00a0<a title=\"Euronext\" href=\"https:\/\/ro.wikipedia.org\/wiki\/Euronext\" target=\"_blank\" rel=\"noopener\">Euronext din Paris<\/a>\u00a0\u0219i face parte din indicele\u00a0<a title=\"CAC 40\" href=\"https:\/\/ro.wikipedia.org\/wiki\/CAC_40\" target=\"_blank\" rel=\"noopener\">CAC 40<\/a>, care include cele mai mari 40 de companii listate la Bursa de Valori din Paris, \u0219i din Euro Stoxx 50, care include cele mai mari 50 de companii din zona euro<\/p>\n<p>Sursa:\u00a0<a href=\"https:\/\/ro.wikipedia.org\/wiki\/EssilorLuxottica\" target=\"_blank\" rel=\"noopener\">https:\/\/ro.wikipedia.org\/wiki\/EssilorLuxottica<\/a><\/p>\n","protected":false},"excerpt":{"rendered":"<p>Rama Ochelari Vedere Vogue VO5519 W44<\/p>\n<p>Rama Ochelari Vedere Femeie<\/p>\n<p>Culoare W44\u00a0&#8211; Negru<\/p>","protected":false},"featured_media":785,"comment_status":"closed","ping_status":"closed","template":"","meta":[],"product_brand":[34],"product_cat":[22,33],"product_tag":[],"class_list":{"0":"post-783","1":"product","2":"type-product","3":"status-publish","4":"has-post-thumbnail","6":"product_brand-vogue","7":"product_cat-rame-ochelari-de-vedere","8":"product_cat-vogue","10":"first","11":"instock","12":"taxable","13":"shipping-taxable","14":"purchasable","15":"product-type-variable","16":"has-default-attributes"},"_links":{"self":[{"href":"https:\/\/materoptica.ro\/en\/wp-json\/wp\/v2\/product\/783","targetHints":{"allow":["GET"]}}],"collection":[{"href":"https:\/\/materoptica.ro\/en\/wp-json\/wp\/v2\/product"}],"about":[{"href":"https:\/\/materoptica.ro\/en\/wp-json\/wp\/v2\/types\/product"}],"replies":[{"embeddable":true,"href":"https:\/\/materoptica.ro\/en\/wp-json\/wp\/v2\/comments?post=783"}],"wp:featuredmedia":[{"embeddable":true,"href":"https:\/\/materoptica.ro\/en\/wp-json\/wp\/v2\/media\/785"}],"wp:attachment":[{"href":"https:\/\/materoptica.ro\/en\/wp-json\/wp\/v2\/media?parent=783"}],"wp:term":[{"taxonomy":"product_brand","embeddable":true,"href":"https:\/\/materoptica.ro\/en\/wp-json\/wp\/v2\/product_brand?post=783"},{"taxonomy":"product_cat","embeddable":true,"href":"https:\/\/materoptica.ro\/en\/wp-json\/wp\/v2\/product_cat?post=783"},{"taxonomy":"product_tag","embeddable":true,"href":"https:\/\/materoptica.ro\/en\/wp-json\/wp\/v2\/product_tag?post=783"}],"curies":[{"name":"wp","href":"https:\/\/api.w.org\/{rel}","templated":true}]}}