{"id":952,"date":"2026-02-03T17:31:26","date_gmt":"2026-02-03T17:31:26","guid":{"rendered":"https:\/\/materoptica.ro\/?post_type=product&#038;p=952"},"modified":"2026-02-28T14:07:44","modified_gmt":"2026-02-28T14:07:44","slug":"colourvue-3-tones-mint","status":"publish","type":"product","link":"https:\/\/materoptica.ro\/en\/product\/colourvue-3-tones-mint\/","title":{"rendered":"Colourvue 3 TONES MINT"},"content":{"rendered":"<h4>Colourvue 3 TONES MINT<\/h4>\n<p>Colourvue 3 TONES MINT<\/p>\n<p>&nbsp;<\/p>\n<p dir=\"ltr\" tabindex=\"-1\" role=\"text\" data-placeholder=\"Translation\" data-ved=\"2ahUKEwjJ2PPovfSSAxV5BtsEHfAfMLQQ3ewLegQIBBAW\" aria-label=\"Translated text: ColourVue este o marc\u0103 global\u0103 lider \u00een domeniul lentilelor de contact colorate, fabricate de Maxvue Vision, specializat\u0103 \u00eentr-o gam\u0103 larg\u0103 de lentile de mod\u0103, de zi cu zi \u0219i inovatoare. Cunoscute pentru siguran\u021ba, confortul \u0219i designurile diverse, vii sau naturale, acestea sunt populare pentru cosplay, Halloween \u0219i purtare zilnic\u0103.\">Pute\u021bi s\u0103 vizualiza\u021bi mai multe tipuri de lentile de contact colorate acces\u00e2nd link-ul :\u00a0<a href=\"https:\/\/materoptica.ro\/en\/lentile-de-contact\/\">https:\/\/materoptica.ro\/lentile-de-contact\/<\/a><\/p>\n<p id=\"tw-target-text\" class=\"tw-data-text tw-text-large tw-ta\" dir=\"ltr\" tabindex=\"-1\" role=\"text\" data-placeholder=\"Translation\" data-ved=\"2ahUKEwjJ2PPovfSSAxV5BtsEHfAfMLQQ3ewLegQIBBAW\" aria-label=\"Translated text: ColourVue este o marc\u0103 global\u0103 lider \u00een domeniul lentilelor de contact colorate, fabricate de Maxvue Vision, specializat\u0103 \u00eentr-o gam\u0103 larg\u0103 de lentile de mod\u0103, de zi cu zi \u0219i inovatoare. Cunoscute pentru siguran\u021ba, confortul \u0219i designurile diverse, vii sau naturale, acestea sunt populare pentru cosplay, Halloween \u0219i purtare zilnic\u0103.\"><span class=\"Y2IQFc\" lang=\"ro\">ColourVue este o marc\u0103 global\u0103 lider \u00een domeniul lentilelor de contact colorate, fabricate de Maxvue Vision, specializat\u0103 \u00eentr-o gam\u0103 larg\u0103 de lentile de mod\u0103, de zi cu zi \u0219i inovatoare. Cunoscute pentru siguran\u021ba, confortul \u0219i designurile diverse, vii sau naturale, acestea sunt populare pentru cosplay, Halloween \u0219i purtare zilnic\u0103.<\/span><\/p>\n<p id=\"tw-target-text\" class=\"tw-data-text tw-text-large tw-ta\" dir=\"ltr\" tabindex=\"-1\" role=\"text\" data-placeholder=\"Translation\" data-ved=\"2ahUKEwjJ2PPovfSSAxV5BtsEHfAfMLQQ3ewLegQIBBAW\" aria-label=\"Translated text: Gam\u0103 de produse: Ofer\u0103 lentile de contact zilnice, lunare, trimestriale \u0219i anuale, inclusiv modele naturale, Big Eyes \u0219i Crazy Lens (costum).\"><span class=\"Y2IQFc\" lang=\"ro\">Gam\u0103 de produse: Ofer\u0103 lentile de contact zilnice, lunare, trimestriale \u0219i anuale, inclusiv modele naturale, Big Eyes \u0219i Crazy Lens (costum).<\/span><\/p>\n<p id=\"tw-target-text\" class=\"tw-data-text tw-text-large tw-ta\" dir=\"ltr\" tabindex=\"-1\" role=\"text\" data-placeholder=\"Translation\" data-ved=\"2ahUKEwjJ2PPovfSSAxV5BtsEHfAfMLQQ3ewLegQIBBAW\" aria-label=\"Translated text: Confort \u0219i tehnologie: Fabricate din materiale hidrogel avansate, adesea cu permeabilitate ridicat\u0103 la oxigen pentru a preveni uscarea ochilor.\"><span class=\"Y2IQFc\" lang=\"ro\">Confort \u0219i tehnologie: Fabricate din materiale hidrogel avansate, adesea cu permeabilitate ridicat\u0103 la oxigen pentru a preveni uscarea ochilor.<\/span><\/p>\n<p id=\"tw-target-text\" class=\"tw-data-text tw-text-large tw-ta\" dir=\"ltr\" tabindex=\"-1\" role=\"text\" data-placeholder=\"Translation\" data-ved=\"2ahUKEwjJ2PPovfSSAxV5BtsEHfAfMLQQ3ewLegQIBBAW\" aria-label=\"Translated text: Siguran\u021b\u0103 \u0219i certificare: Recunoscut\u0103 ca o marc\u0103 sigur\u0103 \u0219i de \u00eenalt\u0103 calitate, cu certific\u0103ri de la autorit\u0103\u021bile sanitare interna\u021bionale, distribuind \u00een peste 70 de \u021b\u0103ri.\"><span class=\"Y2IQFc\" lang=\"ro\">Siguran\u021b\u0103 \u0219i certificare: Recunoscut\u0103 ca o marc\u0103 sigur\u0103 \u0219i de \u00eenalt\u0103 calitate, cu certific\u0103ri de la autorit\u0103\u021bile sanitare interna\u021bionale, distribuind \u00een peste 70 de \u021b\u0103ri.<\/span><\/p>\n<p id=\"tw-target-text\" class=\"tw-data-text tw-text-large tw-ta\" dir=\"ltr\" tabindex=\"-1\" role=\"text\" data-placeholder=\"Translation\" data-ved=\"2ahUKEwjJ2PPovfSSAxV5BtsEHfAfMLQQ3ewLegQIBBAW\" aria-label=\"Translated text: Func\u021bionalitate: Disponibil cu sau f\u0103r\u0103 prescrip\u021bie medical\u0103 (plano) pentru a \u00eembun\u0103t\u0103\u021bi, schimba sau acoperi complet culorile naturale ale ochilor.\"><span class=\"Y2IQFc\" lang=\"ro\">Func\u021bionalitate: Disponibil cu sau f\u0103r\u0103 prescrip\u021bie medical\u0103 (plano) pentru a \u00eembun\u0103t\u0103\u021bi, schimba sau acoperi complet culorile naturale ale ochilor.<\/span><\/p>\n<p id=\"tw-target-text\" class=\"tw-data-text tw-text-large tw-ta\" dir=\"ltr\" tabindex=\"-1\" role=\"text\" data-placeholder=\"Translation\" data-ved=\"2ahUKEwj6_JSPrPySAxVfAtsEHX9DDFwQ3ewLegQIBBAW\" aria-label=\"Translated text: Maxvue Vision este un produc\u0103tor global de lentile de contact de top, cu sediul \u00een Malaezia, specializat \u00eentr-o gam\u0103 larg\u0103 de produse, inclusiv lentile colorate, cosmetice (\u201ecrazy\u201d), din silicon hidrogel, torice \u0219i cu filtrare a luminii albastre, al\u0103turi de solu\u021bii \u0219i pic\u0103turi de ochi. Fondat\u0103 \u00een 2005, compania este cunoscut\u0103 pentru marca sa emblematic\u0103 ColourVUE \u0219i deserve\u0219te peste 70 de \u021b\u0103ri.\"><span class=\"Y2IQFc\" lang=\"ro\">Maxvue Vision este un produc\u0103tor global de lentile de contact de top, cu sediul \u00een Malaezia, specializat \u00eentr-o gam\u0103 larg\u0103 de produse, inclusiv lentile colorate, cosmetice (\u201ecrazy\u201d), din silicon hidrogel, torice \u0219i cu filtrare a luminii albastre, al\u0103turi de solu\u021bii \u0219i pic\u0103turi de ochi. Fondat\u0103 \u00een 2005, compania este cunoscut\u0103 pentru marca sa emblematic\u0103 ColourVUE \u0219i deserve\u0219te peste 70 de \u021b\u0103ri.<\/span><\/p>\n<p dir=\"ltr\" tabindex=\"-1\" role=\"text\" data-placeholder=\"Translation\" data-ved=\"2ahUKEwjJ2PPovfSSAxV5BtsEHfAfMLQQ3ewLegQIBBAW\" aria-label=\"Translated text: Func\u021bionalitate: Disponibil cu sau f\u0103r\u0103 prescrip\u021bie medical\u0103 (plano) pentru a \u00eembun\u0103t\u0103\u021bi, schimba sau acoperi complet culorile naturale ale ochilor.\">Site oficial\u00a0 :\u00a0<a href=\"https:\/\/colourvue-lens.com\/\" target=\"_blank\" rel=\"noopener\">https:\/\/colourvue-lens.com\/<\/a><\/p>","protected":false},"excerpt":{"rendered":"<p>Colourvue 3 TONES MINT Colourvue 3 TONES MINT &nbsp; Pute\u021bi s\u0103 vizualiza\u021bi mai multe tipuri de lentile de contact colorate acces\u00e2nd link-ul :\u00a0https:\/\/materoptica.ro\/lentile-de-contact\/ ColourVue este o marc\u0103 global\u0103 lider \u00een domeniul lentilelor de contact colorate, fabricate de Maxvue Vision, specializat\u0103 \u00eentr-o gam\u0103 larg\u0103 de lentile de mod\u0103, de zi cu zi \u0219i inovatoare. Cunoscute pentru [&hellip;]<\/p>\n","protected":false},"featured_media":953,"comment_status":"closed","ping_status":"closed","template":"","meta":[],"product_brand":[39],"product_cat":[38,24,37],"product_tag":[],"class_list":{"0":"post-952","1":"product","2":"type-product","3":"status-publish","4":"has-post-thumbnail","6":"product_brand-colourvue","7":"product_cat-lentile-90-de-zile-2-lentile-cutie","8":"product_cat-lentile-de-contact","9":"product_cat-lentile-de-contact-cosmetice-fara-dioptrie","11":"first","12":"instock","13":"taxable","14":"shipping-taxable","15":"purchasable","16":"product-type-simple"},"_links":{"self":[{"href":"https:\/\/materoptica.ro\/en\/wp-json\/wp\/v2\/product\/952","targetHints":{"allow":["GET"]}}],"collection":[{"href":"https:\/\/materoptica.ro\/en\/wp-json\/wp\/v2\/product"}],"about":[{"href":"https:\/\/materoptica.ro\/en\/wp-json\/wp\/v2\/types\/product"}],"replies":[{"embeddable":true,"href":"https:\/\/materoptica.ro\/en\/wp-json\/wp\/v2\/comments?post=952"}],"wp:featuredmedia":[{"embeddable":true,"href":"https:\/\/materoptica.ro\/en\/wp-json\/wp\/v2\/media\/953"}],"wp:attachment":[{"href":"https:\/\/materoptica.ro\/en\/wp-json\/wp\/v2\/media?parent=952"}],"wp:term":[{"taxonomy":"product_brand","embeddable":true,"href":"https:\/\/materoptica.ro\/en\/wp-json\/wp\/v2\/product_brand?post=952"},{"taxonomy":"product_cat","embeddable":true,"href":"https:\/\/materoptica.ro\/en\/wp-json\/wp\/v2\/product_cat?post=952"},{"taxonomy":"product_tag","embeddable":true,"href":"https:\/\/materoptica.ro\/en\/wp-json\/wp\/v2\/product_tag?post=952"}],"curies":[{"name":"wp","href":"https:\/\/api.w.org\/{rel}","templated":true}]}}