{"id":974,"date":"2026-02-03T17:57:27","date_gmt":"2026-02-03T17:57:27","guid":{"rendered":"https:\/\/materoptica.ro\/?post_type=product&#038;p=974"},"modified":"2026-02-28T13:20:31","modified_gmt":"2026-02-28T13:20:31","slug":"colourvue-fusion-grey-blue","status":"publish","type":"product","link":"https:\/\/materoptica.ro\/en\/product\/colourvue-fusion-grey-blue\/","title":{"rendered":"Colourvue FUSION GREY BLUE"},"content":{"rendered":"<h4>Colourvue FUSION GREY BLUE<\/h4>\n<p>Colourvue FUSION GREY BLUE<\/p>\n<p>&nbsp;<\/p>\n<p id=\"tw-target-text\" class=\"tw-data-text tw-text-large tw-ta\" dir=\"ltr\" tabindex=\"-1\" role=\"text\" data-placeholder=\"Translation\" data-ved=\"2ahUKEwjJ2PPovfSSAxV5BtsEHfAfMLQQ3ewLegQIBBAW\" aria-label=\"Translated text: ColourVue este o marc\u0103 global\u0103 lider \u00een domeniul lentilelor de contact colorate, fabricate de Maxvue Vision, specializat\u0103 \u00eentr-o gam\u0103 larg\u0103 de lentile de mod\u0103, de zi cu zi \u0219i inovatoare. Cunoscute pentru siguran\u021ba, confortul \u0219i designurile diverse, vii sau naturale, acestea sunt populare pentru cosplay, Halloween \u0219i purtare zilnic\u0103.\"><span class=\"Y2IQFc\" lang=\"ro\">ColourVue este o marc\u0103 global\u0103 lider \u00een domeniul lentilelor de contact colorate, fabricate de Maxvue Vision, specializat\u0103 \u00eentr-o gam\u0103 larg\u0103 de lentile de mod\u0103, de zi cu zi \u0219i inovatoare. Cunoscute pentru siguran\u021ba, confortul \u0219i designurile diverse, vii sau naturale, acestea sunt populare pentru cosplay, Halloween \u0219i purtare zilnic\u0103.<\/span><\/p>\n<p id=\"tw-target-text\" class=\"tw-data-text tw-text-large tw-ta\" dir=\"ltr\" tabindex=\"-1\" role=\"text\" data-placeholder=\"Translation\" data-ved=\"2ahUKEwjJ2PPovfSSAxV5BtsEHfAfMLQQ3ewLegQIBBAW\" aria-label=\"Translated text: Gam\u0103 de produse: Ofer\u0103 lentile de contact zilnice, lunare, trimestriale \u0219i anuale, inclusiv modele naturale, Big Eyes \u0219i Crazy Lens (costum).\"><span class=\"Y2IQFc\" lang=\"ro\">Gam\u0103 de produse: Ofer\u0103 lentile de contact zilnice, lunare, trimestriale \u0219i anuale, inclusiv modele naturale, Big Eyes \u0219i Crazy Lens (costum).<\/span><\/p>\n<p id=\"tw-target-text\" class=\"tw-data-text tw-text-large tw-ta\" dir=\"ltr\" tabindex=\"-1\" role=\"text\" data-placeholder=\"Translation\" data-ved=\"2ahUKEwjJ2PPovfSSAxV5BtsEHfAfMLQQ3ewLegQIBBAW\" aria-label=\"Translated text: Confort \u0219i tehnologie: Fabricate din materiale hidrogel avansate, adesea cu permeabilitate ridicat\u0103 la oxigen pentru a preveni uscarea ochilor.\"><span class=\"Y2IQFc\" lang=\"ro\">Confort \u0219i tehnologie: Fabricate din materiale hidrogel avansate, adesea cu permeabilitate ridicat\u0103 la oxigen pentru a preveni uscarea ochilor.<\/span><\/p>\n<p id=\"tw-target-text\" class=\"tw-data-text tw-text-large tw-ta\" dir=\"ltr\" tabindex=\"-1\" role=\"text\" data-placeholder=\"Translation\" data-ved=\"2ahUKEwjJ2PPovfSSAxV5BtsEHfAfMLQQ3ewLegQIBBAW\" aria-label=\"Translated text: Siguran\u021b\u0103 \u0219i certificare: Recunoscut\u0103 ca o marc\u0103 sigur\u0103 \u0219i de \u00eenalt\u0103 calitate, cu certific\u0103ri de la autorit\u0103\u021bile sanitare interna\u021bionale, distribuind \u00een peste 70 de \u021b\u0103ri.\"><span class=\"Y2IQFc\" lang=\"ro\">Siguran\u021b\u0103 \u0219i certificare: Recunoscut\u0103 ca o marc\u0103 sigur\u0103 \u0219i de \u00eenalt\u0103 calitate, cu certific\u0103ri de la autorit\u0103\u021bile sanitare interna\u021bionale, distribuind \u00een peste 70 de \u021b\u0103ri.<\/span><\/p>\n<p id=\"tw-target-text\" class=\"tw-data-text tw-text-large tw-ta\" dir=\"ltr\" tabindex=\"-1\" role=\"text\" data-placeholder=\"Translation\" data-ved=\"2ahUKEwjJ2PPovfSSAxV5BtsEHfAfMLQQ3ewLegQIBBAW\" aria-label=\"Translated text: Func\u021bionalitate: Disponibil cu sau f\u0103r\u0103 prescrip\u021bie medical\u0103 (plano) pentru a \u00eembun\u0103t\u0103\u021bi, schimba sau acoperi complet culorile naturale ale ochilor.\"><span class=\"Y2IQFc\" lang=\"ro\">Func\u021bionalitate: Disponibil cu sau f\u0103r\u0103 prescrip\u021bie medical\u0103 (plano) pentru a \u00eembun\u0103t\u0103\u021bi, schimba sau acoperi complet culorile naturale ale ochilor.<\/span><\/p>\n<p dir=\"ltr\" tabindex=\"-1\" role=\"text\" data-placeholder=\"Translation\" data-ved=\"2ahUKEwjJ2PPovfSSAxV5BtsEHfAfMLQQ3ewLegQIBBAW\" aria-label=\"Translated text: Func\u021bionalitate: Disponibil cu sau f\u0103r\u0103 prescrip\u021bie medical\u0103 (plano) pentru a \u00eembun\u0103t\u0103\u021bi, schimba sau acoperi complet culorile naturale ale ochilor.\">Site oficial\u00a0 :\u00a0<a href=\"https:\/\/colourvue-lens.com\/\" target=\"_blank\" rel=\"noopener\">https:\/\/colourvue-lens.com\/<\/a><\/p>","protected":false},"excerpt":{"rendered":"<p>Colourvue FUSION GREY BLUE Colourvue FUSION GREY BLUE &nbsp; ColourVue este o marc\u0103 global\u0103 lider \u00een domeniul lentilelor de contact colorate, fabricate de Maxvue Vision, specializat\u0103 \u00eentr-o gam\u0103 larg\u0103 de lentile de mod\u0103, de zi cu zi \u0219i inovatoare. Cunoscute pentru siguran\u021ba, confortul \u0219i designurile diverse, vii sau naturale, acestea sunt populare pentru cosplay, Halloween [&hellip;]<\/p>\n","protected":false},"featured_media":975,"comment_status":"closed","ping_status":"closed","template":"","meta":[],"product_brand":[39],"product_cat":[38,24,37],"product_tag":[],"class_list":{"0":"post-974","1":"product","2":"type-product","3":"status-publish","4":"has-post-thumbnail","6":"product_brand-colourvue","7":"product_cat-lentile-90-de-zile-2-lentile-cutie","8":"product_cat-lentile-de-contact","9":"product_cat-lentile-de-contact-cosmetice-fara-dioptrie","11":"first","12":"instock","13":"taxable","14":"shipping-taxable","15":"purchasable","16":"product-type-simple"},"_links":{"self":[{"href":"https:\/\/materoptica.ro\/en\/wp-json\/wp\/v2\/product\/974","targetHints":{"allow":["GET"]}}],"collection":[{"href":"https:\/\/materoptica.ro\/en\/wp-json\/wp\/v2\/product"}],"about":[{"href":"https:\/\/materoptica.ro\/en\/wp-json\/wp\/v2\/types\/product"}],"replies":[{"embeddable":true,"href":"https:\/\/materoptica.ro\/en\/wp-json\/wp\/v2\/comments?post=974"}],"wp:featuredmedia":[{"embeddable":true,"href":"https:\/\/materoptica.ro\/en\/wp-json\/wp\/v2\/media\/975"}],"wp:attachment":[{"href":"https:\/\/materoptica.ro\/en\/wp-json\/wp\/v2\/media?parent=974"}],"wp:term":[{"taxonomy":"product_brand","embeddable":true,"href":"https:\/\/materoptica.ro\/en\/wp-json\/wp\/v2\/product_brand?post=974"},{"taxonomy":"product_cat","embeddable":true,"href":"https:\/\/materoptica.ro\/en\/wp-json\/wp\/v2\/product_cat?post=974"},{"taxonomy":"product_tag","embeddable":true,"href":"https:\/\/materoptica.ro\/en\/wp-json\/wp\/v2\/product_tag?post=974"}],"curies":[{"name":"wp","href":"https:\/\/api.w.org\/{rel}","templated":true}]}}